{"id":15,"date":"2023-07-19T15:30:15","date_gmt":"2023-07-19T22:30:15","guid":{"rendered":"http:\/\/vbase.bigscoots.sh\/?page_id=15"},"modified":"2025-12-01T13:12:57","modified_gmt":"2025-12-01T21:12:57","slug":"home","status":"publish","type":"page","link":"https:\/\/pxphub.org\/fr\/","title":{"rendered":"Page d\u2019accueil"},"content":{"rendered":"<h2>\n\t\t\tD\u00e9couvrez notre\t<\/h2>\n<h3>\n\t\t\tPLATEFORME DE RESSOURCES\t<\/h3>\n<h3>\n\t\t\tPxP : pour les patients, par les patients\t<\/h3>\n\t<h1><!--\n\t-->PxP :<!--\t--><!--\n\t-->\n\t<\/h1>\n<h2  id=\"leadfr\">\n\t\t\t<strong>PxP :<\/strong>  pour les patients, par les patients\t<\/h2>\n<h3>\n\t\t\tTisser des liens pour renforcer la recherche\t<\/h3>\n\t<p><strong>Souhaitez-vous : <\/strong><\/p>\n<ul>\n<li>en savoir plus sur la participation des patients \u00e0 la recherche en sant\u00e9?<\/li>\n<li>r\u00e9seauter, \u00e9changer des ressources et discuter de divers d\u00e9fis?<\/li>\n<li>accro\u00eetre vos connaissances et votre savoir-faire?<\/li>\n<\/ul>\n\t\t\t<a href=\"https:\/\/pxphub.org\/fr\/resource\/\" target=\"_self\">\n\t\t\t\t\t\t\tVisit Resource Hub\n\t\t\t\t\t<\/a>\n\t<p class=\"translation-block\">L\u2019initiative PxP est une plateforme sur la participation des patients \u00e0 la recherche en sant\u00e9 con\u00e7ue <strong>pour les patients, par les patients<\/strong>. Elle est destin\u00e9e aux patients partenaires et aux personnes ayant une exp\u00e9rience v\u00e9cue.<\/p>\n<p>Nous sommes conscients que, \u00e0 l\u2019ext\u00e9rieur du Canada, la participation des patients est d\u00e9sign\u00e9e comme \u00ab participation des patients et du public (PPP) \u00bb ou encore \u00ab participation des consommateurs \u00bb. Peu importe le terme que vous utilisez, nous vous souhaitons la bienvenue sur PxP et vous invitons \u00e0 profiter pleinement du caract\u00e8re plan\u00e9taire de cette initiative.<\/p>\n\t\t\t\t<img decoding=\"async\" src=\"https:\/\/pxphub.org\/wp-content\/uploads\/2023\/07\/About-Us-PS1800.jpg\" alt=\"Photo shows a collage of different drawings that illustrate having an idea. This includes a colourful brain in the centre which is made up of various cogs to demonstrate everything working together.\"\/>\n\t\t\t<h3>\u2018L\u2019approche\u2019<\/h3>\n\t\t<a href=\"https:\/\/pxphub.org\/fr\/about\/\" target=\"_self\"  aria-label=\"Go to https:\/\/pxphub.org\/about\/\"><\/a>\n\t\t\t\t<img decoding=\"async\" src=\"https:\/\/pxphub.org\/wp-content\/uploads\/2023\/07\/Event-v2-PS1800.jpg\" alt=\"Person is sitting on a grey sofa in their living room holding a notepad and looking at a computer screen on their lap.\"\/>\n\t\t\t<h3>\u00c9v\u00e9nements<\/h3>\n\t\t<a href=\"https:\/\/pxphub.org\/fr\/event\/\" target=\"_self\"  aria-label=\"Go to https:\/\/pxphub.org\/event\/\"><\/a>\n\t\t\t\t<img decoding=\"async\" src=\"https:\/\/pxphub.org\/wp-content\/uploads\/2023\/07\/Resource-Hub-PS1800.jpg\" alt=\"Photo shows a small part of the side of a person&#039;s head, with their back to the camera. The photo is mainly focused on the hands of this individual, which they are using to frame the sunset.\"\/>\n\t\t\t<h3>Plateforme de ressources<\/h3>\n\t\t<a href=\"https:\/\/pxphub.org\/fr\/resource\/\" target=\"_self\"  aria-label=\"Go to https:\/\/pxphub.org\/resource\"><\/a>\n<h2>\n\t\t\tNouvelles et mises \u00e0 jour\t<\/h2>\n\t<p>Subscribe to our Newsletter to receive news and updates about PxP.<\/p>\n\t\t\t<a href=\"https:\/\/bit.ly\/PxP-mailing-list\" target=\"_blank\" rel=\"noopener\">\n\t\t\t\t\t\tS\u2019abonner\n\t\t\t\t\t<\/a>\n\t<p>\ud83d\udc9c Follow us on <a href=\"https:\/\/www.youtube.com\/@PxPHub\">YouTube<\/a>, <a href=\"https:\/\/www.instagram.com\/PxPHub\/\" target=\"_blank\" rel=\"noopener\" data-uw-rm-brl=\"PR\" data-uw-original-href=\"https:\/\/www.instagram.com\/PxPHub\/\" aria-label=\"Instagram - open in a new tab\" data-uw-rm-ext-link=\"\">Instagram<\/a> dans vos favoris et de vous <a href=\"http:\/\/www.linkedin.com\/company\/pxphub\" target=\"_blank\" rel=\"noopener\" aria-label=\"LinkedIn - open in a new tab\" data-uw-rm-ext-link=\"\">LinkedIn<\/a>.<\/p>\n\t\t<link itemprop=\"url\" href=\"https:\/\/pxphub.org\"\/>\n\t\t<a itemprop=\"sameAs\" href=\"https:\/\/www.youtube.com\/@PxPHub\" target=\"_blank\" title=\"YouTube\" aria-label=\"YouTube\" role=\"button\" rel=\"noopener noreferrer external\">\n\t\t\t\t\t<\/a>\n\t\t<link itemprop=\"url\" href=\"https:\/\/pxphub.org\"\/>\n\t\t<a itemprop=\"sameAs\" href=\"https:\/\/www.instagram.com\/PxPHub\/\" target=\"_blank\" title=\"Instagram\" aria-label=\"Instagram\" role=\"button\" rel=\"noopener noreferrer external\">\n\t\t\t\t\t<\/a>\n\t\t<link itemprop=\"url\" href=\"https:\/\/pxphub.org\"\/>\n\t\t<a itemprop=\"sameAs\" href=\"http:\/\/www.linkedin.com\/company\/pxphub\" target=\"_blank\" title=\"LinkedIn\" aria-label=\"LinkedIn\" role=\"button\" rel=\"noopener noreferrer external\">\n\t\t\t\t\t<\/a>","protected":false},"excerpt":{"rendered":"<p>CHECK OUT OUR RESOURCE HUB PxP: For Patients, By Patients PxP PxP pour les patients, par les patients Partnering to [&hellip;]<\/p>\n","protected":false},"author":2,"featured_media":2379,"parent":0,"menu_order":0,"comment_status":"closed","ping_status":"closed","template":"","meta":{"_relevanssi_hide_post":"","_relevanssi_hide_content":"","_relevanssi_pin_for_all":"","_relevanssi_pin_keywords":"","_relevanssi_unpin_keywords":"","_relevanssi_related_keywords":"","_relevanssi_related_include_ids":"","_relevanssi_related_exclude_ids":"","_relevanssi_related_no_append":"","_relevanssi_related_not_related":"","_relevanssi_related_posts":"","_relevanssi_noindex_reason":"","site-sidebar-layout":"no-sidebar","site-content-layout":"page-builder","ast-site-content-layout":"full-width-container","site-content-style":"unboxed","site-sidebar-style":"unboxed","ast-global-header-display":"","ast-banner-title-visibility":"","ast-main-header-display":"","ast-hfb-above-header-display":"","ast-hfb-below-header-display":"","ast-hfb-mobile-header-display":"","site-post-title":"disabled","ast-breadcrumbs-content":"","ast-featured-img":"disabled","footer-sml-layout":"","ast-disable-related-posts":"","theme-transparent-header-meta":"default","adv-header-id-meta":"","stick-header-meta":"default","header-above-stick-meta":"","header-main-stick-meta":"","header-below-stick-meta":"","astra-migrate-meta-layouts":"set","ast-page-background-enabled":"default","ast-page-background-meta":{"desktop":{"background-color":"","background-image":"","background-repeat":"repeat","background-position":"center center","background-size":"auto","background-attachment":"scroll","background-type":"","background-media":"","overlay-type":"","overlay-color":"","overlay-opacity":"","overlay-gradient":""},"tablet":{"background-color":"","background-image":"","background-repeat":"repeat","background-position":"center center","background-size":"auto","background-attachment":"scroll","background-type":"","background-media":"","overlay-type":"","overlay-color":"","overlay-opacity":"","overlay-gradient":""},"mobile":{"background-color":"","background-image":"","background-repeat":"repeat","background-position":"center center","background-size":"auto","background-attachment":"scroll","background-type":"","background-media":"","overlay-type":"","overlay-color":"","overlay-opacity":"","overlay-gradient":""}},"ast-content-background-meta":{"desktop":{"background-color":"var(--ast-global-color-5)","background-image":"","background-repeat":"repeat","background-position":"center center","background-size":"auto","background-attachment":"scroll","background-type":"","background-media":"","overlay-type":"","overlay-color":"","overlay-opacity":"","overlay-gradient":""},"tablet":{"background-color":"var(--ast-global-color-5)","background-image":"","background-repeat":"repeat","background-position":"center center","background-size":"auto","background-attachment":"scroll","background-type":"","background-media":"","overlay-type":"","overlay-color":"","overlay-opacity":"","overlay-gradient":""},"mobile":{"background-color":"var(--ast-global-color-5)","background-image":"","background-repeat":"repeat","background-position":"center center","background-size":"auto","background-attachment":"scroll","background-type":"","background-media":"","overlay-type":"","overlay-color":"","overlay-opacity":"","overlay-gradient":""}},"footnotes":""},"class_list":["post-15","page","type-page","status-publish","has-post-thumbnail","hentry"],"yoast_head":"<!-- This site is optimized with the Yoast SEO plugin v27.3 - https:\/\/yoast.com\/product\/yoast-seo-wordpress\/ -->\n<title>PxP - For Patients, By Patients<\/title>\n<meta name=\"description\" content=\"The PxP initiative is a hub for patient engagement in health research, also referred to as PPI or Consumer Involvement in other places...\" \/>\n<meta name=\"robots\" content=\"index, follow, max-snippet:-1, max-image-preview:large, max-video-preview:-1\" \/>\n<link rel=\"canonical\" href=\"https:\/\/pxphub.org\/fr\/\" \/>\n<meta property=\"og:locale\" content=\"fr_FR\" \/>\n<meta property=\"og:type\" content=\"article\" \/>\n<meta property=\"og:title\" content=\"PxP - For Patients, By Patients\" \/>\n<meta property=\"og:description\" content=\"The PxP initiative is a hub for patient engagement in health research. Join our virtual conference: September 12-15, 2023.\" \/>\n<meta property=\"og:url\" content=\"https:\/\/pxphub.org\/fr\/\" \/>\n<meta property=\"og:site_name\" content=\"PxP\" \/>\n<meta property=\"article:modified_time\" content=\"2025-12-01T21:12:57+00:00\" \/>\n<meta property=\"og:image\" content=\"https:\/\/pxphub.org\/wp-content\/uploads\/2023\/07\/PxP-Logo-Socials.jpg\" \/>\n\t<meta property=\"og:image:width\" content=\"2200\" \/>\n\t<meta property=\"og:image:height\" content=\"1100\" \/>\n\t<meta property=\"og:image:type\" content=\"image\/jpeg\" \/>\n<meta name=\"twitter:card\" content=\"summary_large_image\" \/>\n<meta name=\"twitter:title\" content=\"PxP - For Patients, By Patients\" \/>\n<meta name=\"twitter:description\" content=\"The PxP initiative is a hub for patient engagement in health research. Join our virtual conference: September 12-15, 2023.\" \/>\n<meta name=\"twitter:image\" content=\"https:\/\/pxphub.org\/wp-content\/uploads\/2023\/07\/PxP-Logo-Socials.jpg\" \/>\n<meta name=\"twitter:site\" content=\"@PxPHub\" \/>\n<meta name=\"twitter:label1\" content=\"Dur\u00e9e de lecture estim\u00e9e\" \/>\n\t<meta name=\"twitter:data1\" content=\"2 minutes\" \/>\n<script type=\"application\/ld+json\" class=\"yoast-schema-graph\">{\"@context\":\"https:\\\/\\\/schema.org\",\"@graph\":[{\"@type\":\"WebPage\",\"@id\":\"https:\\\/\\\/pxphub.org\\\/\",\"url\":\"https:\\\/\\\/pxphub.org\\\/\",\"name\":\"PxP - For Patients, By Patients\",\"isPartOf\":{\"@id\":\"https:\\\/\\\/pxphub.org\\\/#website\"},\"primaryImageOfPage\":{\"@id\":\"https:\\\/\\\/pxphub.org\\\/#primaryimage\"},\"image\":{\"@id\":\"https:\\\/\\\/pxphub.org\\\/#primaryimage\"},\"thumbnailUrl\":\"https:\\\/\\\/pxphub.org\\\/wp-content\\\/uploads\\\/2023\\\/07\\\/PxP-Logo-Socials.jpg\",\"datePublished\":\"2023-07-19T22:30:15+00:00\",\"dateModified\":\"2025-12-01T21:12:57+00:00\",\"description\":\"The PxP initiative is a hub for patient engagement in health research, also referred to as PPI or Consumer Involvement in other places...\",\"breadcrumb\":{\"@id\":\"https:\\\/\\\/pxphub.org\\\/#breadcrumb\"},\"inLanguage\":\"fr-FR\",\"potentialAction\":[{\"@type\":\"ReadAction\",\"target\":[\"https:\\\/\\\/pxphub.org\\\/\"]}]},{\"@type\":\"ImageObject\",\"inLanguage\":\"fr-FR\",\"@id\":\"https:\\\/\\\/pxphub.org\\\/#primaryimage\",\"url\":\"https:\\\/\\\/pxphub.org\\\/wp-content\\\/uploads\\\/2023\\\/07\\\/PxP-Logo-Socials.jpg\",\"contentUrl\":\"https:\\\/\\\/pxphub.org\\\/wp-content\\\/uploads\\\/2023\\\/07\\\/PxP-Logo-Socials.jpg\",\"width\":2200,\"height\":1100,\"caption\":\"PxP logo\"},{\"@type\":\"BreadcrumbList\",\"@id\":\"https:\\\/\\\/pxphub.org\\\/#breadcrumb\",\"itemListElement\":[{\"@type\":\"ListItem\",\"position\":1,\"name\":\"Home\",\"item\":\"https:\\\/\\\/pxphub.org\\\/\"},{\"@type\":\"ListItem\",\"position\":2,\"name\":\"Home\"}]},{\"@type\":\"WebSite\",\"@id\":\"https:\\\/\\\/pxphub.org\\\/#website\",\"url\":\"https:\\\/\\\/pxphub.org\\\/\",\"name\":\"PxP\",\"description\":\"For Patients, By Patients | pour les patients, par les patients\",\"publisher\":{\"@id\":\"https:\\\/\\\/pxphub.org\\\/#organization\"},\"potentialAction\":[{\"@type\":\"SearchAction\",\"target\":{\"@type\":\"EntryPoint\",\"urlTemplate\":\"https:\\\/\\\/pxphub.org\\\/?s={search_term_string}\"},\"query-input\":{\"@type\":\"PropertyValueSpecification\",\"valueRequired\":true,\"valueName\":\"search_term_string\"}}],\"inLanguage\":\"fr-FR\"},{\"@type\":\"Organization\",\"@id\":\"https:\\\/\\\/pxphub.org\\\/#organization\",\"name\":\"PxP\",\"url\":\"https:\\\/\\\/pxphub.org\\\/\",\"logo\":{\"@type\":\"ImageObject\",\"inLanguage\":\"fr-FR\",\"@id\":\"https:\\\/\\\/pxphub.org\\\/#\\\/schema\\\/logo\\\/image\\\/\",\"url\":\"https:\\\/\\\/pxphub.org\\\/wp-content\\\/uploads\\\/2023\\\/06\\\/PxP-Logo-PS900.png\",\"contentUrl\":\"https:\\\/\\\/pxphub.org\\\/wp-content\\\/uploads\\\/2023\\\/06\\\/PxP-Logo-PS900.png\",\"width\":900,\"height\":355,\"caption\":\"PxP\"},\"image\":{\"@id\":\"https:\\\/\\\/pxphub.org\\\/#\\\/schema\\\/logo\\\/image\\\/\"},\"sameAs\":[\"https:\\\/\\\/x.com\\\/PxPHub\",\"https:\\\/\\\/www.instagram.com\\\/PxPHub\\\/\",\"http:\\\/\\\/www.linkedin.com\\\/company\\\/pxphub\"]}]}<\/script>\n<!-- \/ Yoast SEO plugin. -->","yoast_head_json":{"title":"PxP - For Patients, By Patients","description":"The PxP initiative is a hub for patient engagement in health research, also referred to as PPI or Consumer Involvement in other places...","robots":{"index":"index","follow":"follow","max-snippet":"max-snippet:-1","max-image-preview":"max-image-preview:large","max-video-preview":"max-video-preview:-1"},"canonical":"https:\/\/pxphub.org\/fr\/","og_locale":"fr_FR","og_type":"article","og_title":"PxP - For Patients, By Patients","og_description":"The PxP initiative is a hub for patient engagement in health research. Join our virtual conference: September 12-15, 2023.","og_url":"https:\/\/pxphub.org\/fr\/","og_site_name":"PxP","article_modified_time":"2025-12-01T21:12:57+00:00","og_image":[{"width":2200,"height":1100,"url":"https:\/\/pxphub.org\/wp-content\/uploads\/2023\/07\/PxP-Logo-Socials.jpg","type":"image\/jpeg"}],"twitter_card":"summary_large_image","twitter_title":"PxP - For Patients, By Patients","twitter_description":"The PxP initiative is a hub for patient engagement in health research. Join our virtual conference: September 12-15, 2023.","twitter_image":"https:\/\/pxphub.org\/wp-content\/uploads\/2023\/07\/PxP-Logo-Socials.jpg","twitter_site":"@PxPHub","twitter_misc":{"Dur\u00e9e de lecture estim\u00e9e":"2 minutes"},"schema":{"@context":"https:\/\/schema.org","@graph":[{"@type":"WebPage","@id":"https:\/\/pxphub.org\/","url":"https:\/\/pxphub.org\/","name":"PxP - For Patients, By Patients","isPartOf":{"@id":"https:\/\/pxphub.org\/#website"},"primaryImageOfPage":{"@id":"https:\/\/pxphub.org\/#primaryimage"},"image":{"@id":"https:\/\/pxphub.org\/#primaryimage"},"thumbnailUrl":"https:\/\/pxphub.org\/wp-content\/uploads\/2023\/07\/PxP-Logo-Socials.jpg","datePublished":"2023-07-19T22:30:15+00:00","dateModified":"2025-12-01T21:12:57+00:00","description":"The PxP initiative is a hub for patient engagement in health research, also referred to as PPI or Consumer Involvement in other places...","breadcrumb":{"@id":"https:\/\/pxphub.org\/#breadcrumb"},"inLanguage":"fr-FR","potentialAction":[{"@type":"ReadAction","target":["https:\/\/pxphub.org\/"]}]},{"@type":"ImageObject","inLanguage":"fr-FR","@id":"https:\/\/pxphub.org\/#primaryimage","url":"https:\/\/pxphub.org\/wp-content\/uploads\/2023\/07\/PxP-Logo-Socials.jpg","contentUrl":"https:\/\/pxphub.org\/wp-content\/uploads\/2023\/07\/PxP-Logo-Socials.jpg","width":2200,"height":1100,"caption":"PxP logo"},{"@type":"BreadcrumbList","@id":"https:\/\/pxphub.org\/#breadcrumb","itemListElement":[{"@type":"ListItem","position":1,"name":"Home","item":"https:\/\/pxphub.org\/"},{"@type":"ListItem","position":2,"name":"Home"}]},{"@type":"WebSite","@id":"https:\/\/pxphub.org\/#website","url":"https:\/\/pxphub.org\/","name":"PxP :","description":"For Patients, By Patients | pour les patients, par les patients","publisher":{"@id":"https:\/\/pxphub.org\/#organization"},"potentialAction":[{"@type":"SearchAction","target":{"@type":"EntryPoint","urlTemplate":"https:\/\/pxphub.org\/?s={search_term_string}"},"query-input":{"@type":"PropertyValueSpecification","valueRequired":true,"valueName":"search_term_string"}}],"inLanguage":"fr-FR"},{"@type":"Organization","@id":"https:\/\/pxphub.org\/#organization","name":"PxP :","url":"https:\/\/pxphub.org\/","logo":{"@type":"ImageObject","inLanguage":"fr-FR","@id":"https:\/\/pxphub.org\/#\/schema\/logo\/image\/","url":"https:\/\/pxphub.org\/wp-content\/uploads\/2023\/06\/PxP-Logo-PS900.png","contentUrl":"https:\/\/pxphub.org\/wp-content\/uploads\/2023\/06\/PxP-Logo-PS900.png","width":900,"height":355,"caption":"PxP"},"image":{"@id":"https:\/\/pxphub.org\/#\/schema\/logo\/image\/"},"sameAs":["https:\/\/x.com\/PxPHub","https:\/\/www.instagram.com\/PxPHub\/","http:\/\/www.linkedin.com\/company\/pxphub"]}]}},"_links":{"self":[{"href":"https:\/\/pxphub.org\/fr\/wp-json\/wp\/v2\/pages\/15","targetHints":{"allow":["GET"]}}],"collection":[{"href":"https:\/\/pxphub.org\/fr\/wp-json\/wp\/v2\/pages"}],"about":[{"href":"https:\/\/pxphub.org\/fr\/wp-json\/wp\/v2\/types\/page"}],"author":[{"embeddable":true,"href":"https:\/\/pxphub.org\/fr\/wp-json\/wp\/v2\/users\/2"}],"replies":[{"embeddable":true,"href":"https:\/\/pxphub.org\/fr\/wp-json\/wp\/v2\/comments?post=15"}],"version-history":[{"count":5,"href":"https:\/\/pxphub.org\/fr\/wp-json\/wp\/v2\/pages\/15\/revisions"}],"predecessor-version":[{"id":6636,"href":"https:\/\/pxphub.org\/fr\/wp-json\/wp\/v2\/pages\/15\/revisions\/6636"}],"wp:featuredmedia":[{"embeddable":true,"href":"https:\/\/pxphub.org\/fr\/wp-json\/wp\/v2\/media\/2379"}],"wp:attachment":[{"href":"https:\/\/pxphub.org\/fr\/wp-json\/wp\/v2\/media?parent=15"}],"curies":[{"name":"wp","href":"https:\/\/api.w.org\/{rel}","templated":true}]}}