{"id":2641,"date":"2024-01-29T15:41:39","date_gmt":"2024-01-29T23:41:39","guid":{"rendered":"https:\/\/pxphub.org\/?page_id=2641"},"modified":"2024-01-29T15:41:39","modified_gmt":"2024-01-29T23:41:39","slug":"registration-information-2023","status":"publish","type":"page","link":"https:\/\/pxphub.org\/fr\/event\/registration-information-2023\/","title":{"rendered":"2023 Registration Information"},"content":{"rendered":"<h1>\n\t\tPAST EVENTS 2023\n\t<\/h1>\n\t<h2><!--\n\t-->Registration Information<!--\t--><!--\n\t-->\n\t<\/h2>\n\t<p>Inscrivez-vous d\u00e8s maintenant! Les billets pour cet \u00e9v\u00e9nement virtuel sont GRATUITS. Veuillez vous inscrire s\u00e9par\u00e9ment pour chaque jour auquel vous souhaitez participer. Contactez notre \u00e9quipe pour toute question ou assistance lors de l'inscription : <a href=\"mailto:contact@pxphub.org\">contact@pxphub.org<\/a><\/p>\n\t\t\t<a href=\"https:\/\/bit.ly\/PxP-Day1\" target=\"_blank\" rel=\"noopener\">\n\t\t\t\t\t\tJOUR 1 INSCRIPTION\n\t\t\t\t\t<\/a>\n\t\t\t<a href=\"https:\/\/bit.ly\/PxP-Day2\" target=\"_blank\" rel=\"noopener\">\n\t\t\t\t\t\tJOUR 2 INSCRIPTION\n\t\t\t\t\t<\/a>\n\t\t\t<a href=\"https:\/\/bit.ly\/PxP-Day3\" target=\"_blank\" rel=\"noopener\">\n\t\t\t\t\t\tJOUR 3 INSCRIPTION\n\t\t\t\t\t<\/a>\n\t<p>La toute premi\u00e8re conf\u00e9rence PxP se tiendra virtuellement en septembre 2023 sur une p\u00e9riode de trois jours. Consultez le tableau ci-dessous pour obtenir les dates et les heures des pr\u00e9sentations dans votre fuseau horaire.\n\nRemarque : les \u00e9v\u00e9nements seront offert en anglais, mais les sous-titres traduits seront disponibles en direct.<\/p>\n<p>Les plages horaires du jour 3 diff\u00e8rent de celles des deux premiers jours pour donner la chance au plus de personnes possible \u00e0 travers le monde de se joindre \u00e0 nous en direct. Nous serions enchant\u00e9s de vous y voir!<\/p>\n<p>Vous pourrez vous inscrire \u00e0 une ou plusieurs journ\u00e9es, selon vos int\u00e9r\u00eats. Apr\u00e8s l\u2019\u00e9v\u00e9nement, nous rendrons les enregistrements disponibles gratuitement sur le site Web de PxP.<\/p>\n\t\t\t\t<img loading=\"lazy\" decoding=\"async\" src=\"https:\/\/pxphub.org\/wp-content\/uploads\/2023\/07\/Event-v2-PS1800.jpg\" alt=\"Person is sitting on a grey sofa in their living room holding a notepad and looking at a computer screen on their lap.\" itemprop=\"image\" height=\"1201\" width=\"1800\" title=\"Event-v2-PS1800\" onerror=\"this.style.display='none'\"  \/>\n<h2>\n\t\tle planning\n\t<\/h2>\n\t<p><em>UTC est l\u2019abr\u00e9viation de \u00ab temps universel coordonn\u00e9 \u00bb et correspond au fuseau horaire du temps moyen de Greenwich (TMG). Afin de conserver un tableau d\u2019une longueur raisonnable, nous avons indiqu\u00e9 les fuseaux horaires par tranches de deux heures. Pour toute question, n\u2019h\u00e9sitez pas \u00e0 communiquer avec nous!<\/em><\/p>\n<table  data-tablesaw-minimap>\n\t\t\t<thead>\n\t\t<tr>\n\t\t\t<th id=\"pp-table-col-1\" scope=\"col\" data-tablesaw-sortable-col>\t\t\t\t\t\n\t\t\t\t\t\t\t\t\t\t\t\tTime Zone\t\t\t\t\t\n\t\t\t\t\t<\/th><th id=\"pp-table-col-2\" scope=\"col\" data-tablesaw-sortable-col>\t\t\t\t\t\n\t\t\t\t\t\t\t\t\t\t\t\tDay 1\t\t\t\t\t\n\t\t\t\t\t<\/th><th id=\"pp-table-col-3\" scope=\"col\" data-tablesaw-sortable-col>\t\t\t\t\t\n\t\t\t\t\t\t\t\t\t\t\t\tDay 2\t\t\t\t\t\n\t\t\t\t\t<\/th><th id=\"pp-table-col-4\" scope=\"col\" data-tablesaw-sortable-col>\t\t\t\t\t\n\t\t\t\t\t\t\t\t\t\t\t\tDay 3\t\t\t\t\t\n\t\t\t\t\t<\/th>\t\t<\/tr>\n\t<\/thead>\n\t\t<tbody>\n\t\t<tr data-row-index=\"1\"><td><strong>UTC -12<\/strong> &nbsp;\u00celes du Pacifique<\/td><td>12 septembre<br \/>  \n4 am &#8211; 8 am<\/td><td>13 septembre<br \/>  4 am &#8211; 8 am<\/td><td>14 septembre<br \/>  10 am &#8211; 2 pm<\/td><\/tr><tr data-row-index=\"2\"><td><strong>UTC -10<\/strong> &nbsp;Polyn\u00e9sie fran\u00e7aise, Kiribati, \u00eeles Cook, Hawa\u00ef (\u00c9.-U.)<\/td><td>12 septembre<br \/>  \n6 am &#8211; 10 am<\/td><td>13 septembre<br \/>  6 am &#8211; 10 am<\/td><td>14 septembre<br \/>  12 pm &#8211; 4 pm<\/td><\/tr><tr data-row-index=\"3\"><td><strong>UTC -7<\/strong> &nbsp;Ouest du Canada et des \u00c9tats-Unis<\/td><td>12 septembre<br \/>  \n9 am &#8211; 1 pm<\/td><td>13 septembre<br \/>9 am &#8211; 1 pm<\/td><td>14 septembre<br \/>3 pm &#8211; 7 pm<\/td><\/tr><tr data-row-index=\"4\"><td><strong>UTC -5<\/strong> &nbsp;Am\u00e9rique centrale, centre du Canada et des \u00c9tats-Unis<\/td><td>12 septembre<br \/>  \n11 am &#8211; 3 pm<\/td><td>13 septembre<br \/>11 am &#8211; 3 pm<\/td><td>14 septembre<br \/>5 pm &#8211; 9 pm<\/td><\/tr><tr data-row-index=\"5\"><td><strong>UTC -3<\/strong> &nbsp;Am\u00e9rique du Sud et Est du Canada<\/td><td>12 septembre<br \/>  \n1 pm &#8211; 5 pm<\/td><td>13 septembre<br \/>1 pm &#8211; 5 pm<\/td><td>14 septembre<br \/>7 pm &#8211; 11 pm<\/td><\/tr><tr data-row-index=\"6\"><td><strong>UTC -2<\/strong> &nbsp;\u00celes Sandwich<\/td><td>12 septembre<br \/>  \n2 pm &#8211; 6 pm<\/td><td>13 septembre<br \/>2 pm &#8211; 6 pm<\/td><td>14 et 15 septembre<br \/>8 pm &#8211; 12 am<\/td><\/tr><tr data-row-index=\"7\"><td><strong>UTC +1<\/strong> &nbsp;\u00celes britanniques, Afrique de l\u2019Ouest<\/td><td>12 septembre<br \/>  \n5 pm &#8211; 9 pm<\/td><td>13 septembre<br \/>5 pm &#8211; 9 pm<\/td><td>14 et 15 septembre<br \/>11 pm &#8211; 3 am<\/td><\/tr><tr data-row-index=\"8\"><td><strong>UTC +3<\/strong> &nbsp;Europe de l\u2019Est et Afrique australe<\/td><td>12 septembre<br \/>  \n7 pm &#8211; 11 pm<\/td><td>13 septembre<br \/>7 pm &#8211; 11 pm<\/td><td>15 septembre<br \/>1 am &#8211; 5 am<\/td><\/tr><tr data-row-index=\"9\"><td><strong>UTC +4<\/strong> &nbsp;Europe\/Asie<\/td><td>12 et 13 septembre<br \/>8 pm &#8211; 12 am<\/td><td>13 et 14 septembre<br \/>8 pm &#8211; 12 am<\/td><td>15 septembre<br \/>2 am &#8211; 6 am<\/td><\/tr><tr data-row-index=\"10\"><td><strong>UTC +6<\/strong> &nbsp;Asie du Sud<\/td><td>12 et 13 septembre<br \/>10 pm &#8211; 2 am<\/td><td>13 et 14 septembre<br \/>10 pm &#8211; 2 am<\/td><td>15 septembre<br \/>4 am &#8211; 8 am<\/td><\/tr><tr data-row-index=\"11\"><td><strong>UTC +8<\/strong> &nbsp;Australie-Occidentale<\/td><td>13 septembre<br \/>12 am &#8211; 4 am<\/td><td>14 septembre<br \/>12 am &#8211; 4 am<\/td><td>15 septembre<br \/>6 am &#8211; 10 am<\/td><\/tr><tr data-row-index=\"12\"><td><strong>UTC +10<\/strong> &nbsp;Australie orientale<\/td><td>13 septembre<br \/>2 am &#8211; 6 am<\/td><td>14 septembre<br \/>2 am &#8211; 6 am<\/td><td>15 septembre<br \/>8 am &#8211; 12 pm<\/td><\/tr><tr data-row-index=\"13\"><td><strong>UTC +12<\/strong> &nbsp;\u00celes d\u2019Oc\u00e9anie<\/td><td>13 septembre<br \/>4 am &#8211; 8 am<\/td><td>14 septembre<br \/>4 am &#8211; 8 am<\/td><td>15 septembre<br \/>10 am &#8211; 2 pm<\/td><\/tr><tr data-row-index=\"14\"><td><strong>UTC +14<\/strong> &nbsp;\u00celes du Pacifique<\/td><td>13 septembre<br \/>6 am &#8211; 10 am<\/td><td>14 septembre<br \/>6 am &#8211; 10 am<\/td><td>15 septembre<br \/>12 pm &#8211; 4 pm<\/td><\/tr>\t<\/tbody>\n<\/table>","protected":false},"excerpt":{"rendered":"<p>PAST EVENTS 2023 Registration Information Registration is now live! Tickets are completely FREE for this virtual event. Please sign up [&hellip;]<\/p>\n","protected":false},"author":5,"featured_media":0,"parent":63,"menu_order":0,"comment_status":"closed","ping_status":"closed","template":"","meta":{"_relevanssi_hide_post":"","_relevanssi_hide_content":"","_relevanssi_pin_for_all":"","_relevanssi_pin_keywords":"","_relevanssi_unpin_keywords":"","_relevanssi_related_keywords":"","_relevanssi_related_include_ids":"","_relevanssi_related_exclude_ids":"","_relevanssi_related_no_append":"","_relevanssi_related_not_related":"","_relevanssi_related_posts":"","_relevanssi_noindex_reason":"","site-sidebar-layout":"no-sidebar","site-content-layout":"page-builder","ast-site-content-layout":"full-width-container","site-content-style":"unboxed","site-sidebar-style":"unboxed","ast-global-header-display":"","ast-banner-title-visibility":"","ast-main-header-display":"","ast-hfb-above-header-display":"","ast-hfb-below-header-display":"","ast-hfb-mobile-header-display":"","site-post-title":"disabled","ast-breadcrumbs-content":"","ast-featured-img":"disabled","footer-sml-layout":"","ast-disable-related-posts":"","theme-transparent-header-meta":"default","adv-header-id-meta":"","stick-header-meta":"default","header-above-stick-meta":"","header-main-stick-meta":"","header-below-stick-meta":"","astra-migrate-meta-layouts":"set","ast-page-background-enabled":"default","ast-page-background-meta":{"desktop":{"background-color":"","background-image":"","background-repeat":"repeat","background-position":"center center","background-size":"auto","background-attachment":"scroll","background-type":"","background-media":"","overlay-type":"","overlay-color":"","overlay-opacity":"","overlay-gradient":""},"tablet":{"background-color":"","background-image":"","background-repeat":"repeat","background-position":"center center","background-size":"auto","background-attachment":"scroll","background-type":"","background-media":"","overlay-type":"","overlay-color":"","overlay-opacity":"","overlay-gradient":""},"mobile":{"background-color":"","background-image":"","background-repeat":"repeat","background-position":"center center","background-size":"auto","background-attachment":"scroll","background-type":"","background-media":"","overlay-type":"","overlay-color":"","overlay-opacity":"","overlay-gradient":""}},"ast-content-background-meta":{"desktop":{"background-color":"var(--ast-global-color-5)","background-image":"","background-repeat":"repeat","background-position":"center center","background-size":"auto","background-attachment":"scroll","background-type":"","background-media":"","overlay-type":"","overlay-color":"","overlay-opacity":"","overlay-gradient":""},"tablet":{"background-color":"var(--ast-global-color-5)","background-image":"","background-repeat":"repeat","background-position":"center center","background-size":"auto","background-attachment":"scroll","background-type":"","background-media":"","overlay-type":"","overlay-color":"","overlay-opacity":"","overlay-gradient":""},"mobile":{"background-color":"var(--ast-global-color-5)","background-image":"","background-repeat":"repeat","background-position":"center center","background-size":"auto","background-attachment":"scroll","background-type":"","background-media":"","overlay-type":"","overlay-color":"","overlay-opacity":"","overlay-gradient":""}},"footnotes":""},"class_list":["post-2641","page","type-page","status-publish","hentry"],"yoast_head":"<!-- This site is optimized with the Yoast SEO plugin v27.1.1 - https:\/\/yoast.com\/product\/yoast-seo-wordpress\/ -->\n<title>2023 Registration Information - PxP<\/title>\n<meta name=\"description\" content=\"The first PxP conference will take place virtually in September, 2023 across three days. Check out the table for the conference dates and times.\" \/>\n<meta name=\"robots\" content=\"index, follow, max-snippet:-1, max-image-preview:large, max-video-preview:-1\" \/>\n<link rel=\"canonical\" href=\"https:\/\/pxphub.org\/fr\/event\/registration-information-2023\/\" \/>\n<meta property=\"og:locale\" content=\"fr_FR\" \/>\n<meta property=\"og:type\" content=\"article\" \/>\n<meta property=\"og:title\" content=\"2023 Registration Information - PxP\" \/>\n<meta property=\"og:description\" content=\"The first PxP conference will take place virtually in September, 2023 across three days. Check out the table for the conference dates and times.\" \/>\n<meta property=\"og:url\" content=\"https:\/\/pxphub.org\/fr\/event\/registration-information-2023\/\" \/>\n<meta property=\"og:site_name\" content=\"PxP\" \/>\n<meta property=\"og:image\" content=\"https:\/\/pxphub.org\/wp-content\/uploads\/2023\/07\/Event-v2-PS1800.jpg\" \/>\n<meta name=\"twitter:card\" content=\"summary_large_image\" \/>\n<meta name=\"twitter:site\" content=\"@PxPHub\" \/>\n<meta name=\"twitter:label1\" content=\"Dur\u00e9e de lecture estim\u00e9e\" \/>\n\t<meta name=\"twitter:data1\" content=\"3 minutes\" \/>\n<script type=\"application\/ld+json\" class=\"yoast-schema-graph\">{\"@context\":\"https:\/\/schema.org\",\"@graph\":[{\"@type\":\"WebPage\",\"@id\":\"https:\/\/pxphub.org\/event\/registration-information-2023\/\",\"url\":\"https:\/\/pxphub.org\/event\/registration-information-2023\/\",\"name\":\"2023 Registration Information - PxP\",\"isPartOf\":{\"@id\":\"https:\/\/pxphub.org\/#website\"},\"primaryImageOfPage\":{\"@id\":\"https:\/\/pxphub.org\/event\/registration-information-2023\/#primaryimage\"},\"image\":{\"@id\":\"https:\/\/pxphub.org\/event\/registration-information-2023\/#primaryimage\"},\"thumbnailUrl\":\"https:\/\/pxphub.org\/wp-content\/uploads\/2023\/07\/Event-v2-PS1800.jpg\",\"datePublished\":\"2024-01-29T23:41:39+00:00\",\"description\":\"The first PxP conference will take place virtually in September, 2023 across three days. Check out the table for the conference dates and times.\",\"breadcrumb\":{\"@id\":\"https:\/\/pxphub.org\/event\/registration-information-2023\/#breadcrumb\"},\"inLanguage\":\"fr-FR\",\"potentialAction\":[{\"@type\":\"ReadAction\",\"target\":[\"https:\/\/pxphub.org\/event\/registration-information-2023\/\"]}]},{\"@type\":\"ImageObject\",\"inLanguage\":\"fr-FR\",\"@id\":\"https:\/\/pxphub.org\/event\/registration-information-2023\/#primaryimage\",\"url\":\"https:\/\/pxphub.org\/wp-content\/uploads\/2023\/07\/Event-v2-PS1800.jpg\",\"contentUrl\":\"https:\/\/pxphub.org\/wp-content\/uploads\/2023\/07\/Event-v2-PS1800.jpg\"},{\"@type\":\"BreadcrumbList\",\"@id\":\"https:\/\/pxphub.org\/event\/registration-information-2023\/#breadcrumb\",\"itemListElement\":[{\"@type\":\"ListItem\",\"position\":1,\"name\":\"Home\",\"item\":\"https:\/\/pxphub.org\/\"},{\"@type\":\"ListItem\",\"position\":2,\"name\":\"Event\",\"item\":\"https:\/\/pxphub.org\/event\/\"},{\"@type\":\"ListItem\",\"position\":3,\"name\":\"2023 Registration Information\"}]},{\"@type\":\"WebSite\",\"@id\":\"https:\/\/pxphub.org\/#website\",\"url\":\"https:\/\/pxphub.org\/\",\"name\":\"PxP\",\"description\":\"For Patients, By Patients | pour les patients, par les patients\",\"publisher\":{\"@id\":\"https:\/\/pxphub.org\/#organization\"},\"potentialAction\":[{\"@type\":\"SearchAction\",\"target\":{\"@type\":\"EntryPoint\",\"urlTemplate\":\"https:\/\/pxphub.org\/?s={search_term_string}\"},\"query-input\":{\"@type\":\"PropertyValueSpecification\",\"valueRequired\":true,\"valueName\":\"search_term_string\"}}],\"inLanguage\":\"fr-FR\"},{\"@type\":\"Organization\",\"@id\":\"https:\/\/pxphub.org\/#organization\",\"name\":\"PxP\",\"url\":\"https:\/\/pxphub.org\/\",\"logo\":{\"@type\":\"ImageObject\",\"inLanguage\":\"fr-FR\",\"@id\":\"https:\/\/pxphub.org\/#\/schema\/logo\/image\/\",\"url\":\"https:\/\/pxphub.org\/wp-content\/uploads\/2023\/06\/PxP-Logo-PS900.png\",\"contentUrl\":\"https:\/\/pxphub.org\/wp-content\/uploads\/2023\/06\/PxP-Logo-PS900.png\",\"width\":900,\"height\":355,\"caption\":\"PxP\"},\"image\":{\"@id\":\"https:\/\/pxphub.org\/#\/schema\/logo\/image\/\"},\"sameAs\":[\"https:\/\/x.com\/PxPHub\",\"https:\/\/www.instagram.com\/PxPHub\/\",\"http:\/\/www.linkedin.com\/company\/pxphub\"]}]}<\/script>\n<!-- \/ Yoast SEO plugin. -->","yoast_head_json":{"title":"2023 Registration Information - PxP","description":"The first PxP conference will take place virtually in September, 2023 across three days. Check out the table for the conference dates and times.","robots":{"index":"index","follow":"follow","max-snippet":"max-snippet:-1","max-image-preview":"max-image-preview:large","max-video-preview":"max-video-preview:-1"},"canonical":"https:\/\/pxphub.org\/fr\/event\/registration-information-2023\/","og_locale":"fr_FR","og_type":"article","og_title":"2023 Registration Information - PxP","og_description":"The first PxP conference will take place virtually in September, 2023 across three days. Check out the table for the conference dates and times.","og_url":"https:\/\/pxphub.org\/fr\/event\/registration-information-2023\/","og_site_name":"PxP","og_image":[{"url":"https:\/\/pxphub.org\/wp-content\/uploads\/2023\/07\/Event-v2-PS1800.jpg","type":"","width":"","height":""}],"twitter_card":"summary_large_image","twitter_site":"@PxPHub","twitter_misc":{"Dur\u00e9e de lecture estim\u00e9e":"3 minutes"},"schema":{"@context":"https:\/\/schema.org","@graph":[{"@type":"WebPage","@id":"https:\/\/pxphub.org\/event\/registration-information-2023\/","url":"https:\/\/pxphub.org\/event\/registration-information-2023\/","name":"2023 Registration Information - PxP","isPartOf":{"@id":"https:\/\/pxphub.org\/#website"},"primaryImageOfPage":{"@id":"https:\/\/pxphub.org\/event\/registration-information-2023\/#primaryimage"},"image":{"@id":"https:\/\/pxphub.org\/event\/registration-information-2023\/#primaryimage"},"thumbnailUrl":"https:\/\/pxphub.org\/wp-content\/uploads\/2023\/07\/Event-v2-PS1800.jpg","datePublished":"2024-01-29T23:41:39+00:00","description":"The first PxP conference will take place virtually in September, 2023 across three days. Check out the table for the conference dates and times.","breadcrumb":{"@id":"https:\/\/pxphub.org\/event\/registration-information-2023\/#breadcrumb"},"inLanguage":"fr-FR","potentialAction":[{"@type":"ReadAction","target":["https:\/\/pxphub.org\/event\/registration-information-2023\/"]}]},{"@type":"ImageObject","inLanguage":"fr-FR","@id":"https:\/\/pxphub.org\/event\/registration-information-2023\/#primaryimage","url":"https:\/\/pxphub.org\/wp-content\/uploads\/2023\/07\/Event-v2-PS1800.jpg","contentUrl":"https:\/\/pxphub.org\/wp-content\/uploads\/2023\/07\/Event-v2-PS1800.jpg"},{"@type":"BreadcrumbList","@id":"https:\/\/pxphub.org\/event\/registration-information-2023\/#breadcrumb","itemListElement":[{"@type":"ListItem","position":1,"name":"Home","item":"https:\/\/pxphub.org\/"},{"@type":"ListItem","position":2,"name":"Event","item":"https:\/\/pxphub.org\/event\/"},{"@type":"ListItem","position":3,"name":"2023 Registration Information"}]},{"@type":"WebSite","@id":"https:\/\/pxphub.org\/#website","url":"https:\/\/pxphub.org\/","name":"PxP :","description":"For Patients, By Patients | pour les patients, par les patients","publisher":{"@id":"https:\/\/pxphub.org\/#organization"},"potentialAction":[{"@type":"SearchAction","target":{"@type":"EntryPoint","urlTemplate":"https:\/\/pxphub.org\/?s={search_term_string}"},"query-input":{"@type":"PropertyValueSpecification","valueRequired":true,"valueName":"search_term_string"}}],"inLanguage":"fr-FR"},{"@type":"Organization","@id":"https:\/\/pxphub.org\/#organization","name":"PxP :","url":"https:\/\/pxphub.org\/","logo":{"@type":"ImageObject","inLanguage":"fr-FR","@id":"https:\/\/pxphub.org\/#\/schema\/logo\/image\/","url":"https:\/\/pxphub.org\/wp-content\/uploads\/2023\/06\/PxP-Logo-PS900.png","contentUrl":"https:\/\/pxphub.org\/wp-content\/uploads\/2023\/06\/PxP-Logo-PS900.png","width":900,"height":355,"caption":"PxP"},"image":{"@id":"https:\/\/pxphub.org\/#\/schema\/logo\/image\/"},"sameAs":["https:\/\/x.com\/PxPHub","https:\/\/www.instagram.com\/PxPHub\/","http:\/\/www.linkedin.com\/company\/pxphub"]}]}},"_links":{"self":[{"href":"https:\/\/pxphub.org\/fr\/wp-json\/wp\/v2\/pages\/2641","targetHints":{"allow":["GET"]}}],"collection":[{"href":"https:\/\/pxphub.org\/fr\/wp-json\/wp\/v2\/pages"}],"about":[{"href":"https:\/\/pxphub.org\/fr\/wp-json\/wp\/v2\/types\/page"}],"author":[{"embeddable":true,"href":"https:\/\/pxphub.org\/fr\/wp-json\/wp\/v2\/users\/5"}],"replies":[{"embeddable":true,"href":"https:\/\/pxphub.org\/fr\/wp-json\/wp\/v2\/comments?post=2641"}],"version-history":[{"count":2,"href":"https:\/\/pxphub.org\/fr\/wp-json\/wp\/v2\/pages\/2641\/revisions"}],"predecessor-version":[{"id":2643,"href":"https:\/\/pxphub.org\/fr\/wp-json\/wp\/v2\/pages\/2641\/revisions\/2643"}],"up":[{"embeddable":true,"href":"https:\/\/pxphub.org\/fr\/wp-json\/wp\/v2\/pages\/63"}],"wp:attachment":[{"href":"https:\/\/pxphub.org\/fr\/wp-json\/wp\/v2\/media?parent=2641"}],"curies":[{"name":"wp","href":"https:\/\/api.w.org\/{rel}","templated":true}]}}