{"id":29,"date":"2021-07-03T15:47:41","date_gmt":"2021-07-03T22:47:41","guid":{"rendered":"http:\/\/vbase.bigscoots.sh\/?page_id=29"},"modified":"2026-01-30T10:27:07","modified_gmt":"2026-01-30T18:27:07","slug":"about","status":"publish","type":"page","link":"https:\/\/pxphub.org\/fr\/about\/","title":{"rendered":"L\u2019approche"},"content":{"rendered":"<h1>\n\t\t\tL\u2019APPROCHE\t<\/h1>\n\t<p>PxP. These three letters represent our ethos in a nutshell.<\/p>\n<p class=\"translation-block\">PxP \u2013 \u00ab pour les patients, par les patients \u00bb \u2013 est enti\u00e8rement dirig\u00e9 par une <a href=\"https:\/\/pxphub.org\/fr\/event\/steering-committee\/\" data-uw-rm-brl=\"PR\" data-uw-original-href=\"https:\/\/pxphub.org\/event\/steering-committee\/\" target=\"_self\">\u00e9quipe internationale<\/a> compos\u00e9e de patients exp\u00e9riment\u00e9s et de partenaires du grand public. Notre mission : offrir des ressources, du mentorat et un sentiment d\u2019appartenance aux patients partenaires et aux autres participants \u00e0 tout type de recherche en sant\u00e9. Fondamentalement, nous d\u00e9sirons tisser des liens pour renforcer la recherche.<\/p>\n<figure itemscope itemtype=\"https:\/\/schema.org\/ImageObject\">\n\t\t\t\t<img decoding=\"async\" src=\"https:\/\/pxphub.org\/wp-content\/uploads\/2023\/07\/PxP-Logo-with-Slogan-FR.png\" alt=\"PxP Logo is three circles of the same size. These are purple, green and purple and each contain a letter from the brand name PxP. Underneath the PxP logo reads &#039;For Patients, By Patients&#039;\" height=\"2472\" width=\"4146\" title=\"PxP \u2013 \u00ab pour les patients, par les patients \u00bb\" onerror=\"this.style.display='none'\" loading=\"lazy\" \/>\n\t<\/figure>\n<h2>\n\t\t\tQu\u2019est-ce que la participation des patients?\t<\/h2>\n\t<p class=\"translation-block\">Le bagage des personnes ayant une exp\u00e9rience v\u00e9cue est tr\u00e8s pr\u00e9cieux pour les \u00e9quipes de recherche scientifique en sant\u00e9. Par leur expertise unique, les patients, les proches, les soignants et le grand public viennent bonifier la formation m\u00e9dicale et scientifique de l\u2019\u00e9quipe de recherche, renfor\u00e7ant la recherche en sant\u00e9 dans toutes les \u00e9tapes de son processus. La \u00ab participation des patients \u00bb est un terme souvent utilis\u00e9 pour d\u00e9crire une contribution g\u00e9n\u00e9rale aux projets de recherche en sant\u00e9; on parle \u00e9galement de \u00ab participation des patients et du public \u00bb. G\u00e9n\u00e9ralement, une personne ayant une exp\u00e9rience v\u00e9cue est un un \u00ab <strong>patient partenaire<\/strong> \u00bb.<\/p>\n<p>Un patient partenaire peut \u00eatre appel\u00e9 \u00e0 donner son avis sur un projet de recherche ou sur une initiative de plusieurs fa\u00e7ons, notamment en livrant ses r\u00e9flexions sur le concept initial, les m\u00e9thodes, les r\u00e9sultats et d\u2019autres sujets, comme les moyens de faire parvenir les r\u00e9sultats de recherche \u00e0 ceux qui en ont besoin. Les \u00e9quipes de recherche pourraient accorder une place aux patients partenaires dans toutes sortes de projets en sant\u00e9, en allant de la science fondamentale (l\u2019observation de m\u00e9canismes pr\u00e9cis du corps humain) aux \u00e9tudes cliniques (l\u2019\u00e9tude de nouveaux traitements).<\/p>\n<p class=\"translation-block\">Il est \u00e0 noter que la \u00ab participation des patients \u00bb aux recherches en sant\u00e9 et la participation \u00e0 une \u00e9tude sont deux concepts nettement diff\u00e9rents. \u00catre participant \u00e0 une \u00e9tude (par exemple, en essayant un nouveau traitement ou un nouveau programme de prise en charge) est une bonne fa\u00e7on de faire avancer les soins de sant\u00e9, mais ne demande pas n\u00e9cessairement de donner son avis sur la recherche en tant que telle.<\/p>\n<h2>\n\t\t\tQu\u2019est-ce qui rend PxP unique?\t<\/h2>\n\t<p>We like to think we&#8217;re unique in lots of ways, but let&#8217;s start with these two:<\/p>\n<ol>\n<li class=\"translation-block\">Nous sommes enti\u00e8rement g\u00e9r\u00e9s <span class=\"bpurple\">par des patients<\/span>. Chaque ressource de notre plateforme, chaque sujet abord\u00e9 durant notre conf\u00e9rence a \u00e9t\u00e9 s\u00e9lectionn\u00e9 par notre comit\u00e9 de patients partenaires.<\/li>\n<li class=\"translation-block\">PxP est pr\u00e9cis\u00e9ment <span class=\"bpurple\">pour les patients<\/span>. Malgr\u00e9 le progr\u00e8s remarquable des ressources sur la participation des patients, beaucoup d\u2019entre elles sont con\u00e7ues pour les scientifiques. Les chercheurs sont les bienvenus \u00e0 cet \u00e9v\u00e9nement de septembre, mais nous accordons la priorit\u00e9 aux patients partenaires.<\/li>\n<\/ol>\n<h2>\n\t\t\tComment puis-je m\u2019impliquer?\t<\/h2>\n\t<p class=\"translation-block\">Participez \u00e0 notre <a href=\"https:\/\/pxphub.org\/fr\/event\/\" target=\"_self\">\u00e9v\u00e9nement virtuel<\/a> en septembre! Que ce soit pour les trois jours ou seulement pour une s\u00e9ance, vous \u00eates les bienvenus.<\/p>\n<p>Dites-nous bonjour! Envoyez-nous un courriel ou suivez-nous sur les r\u00e9seaux sociaux.<\/p>","protected":false},"excerpt":{"rendered":"<p>ABOUT US PxP. These three letters represent our ethos in a nutshell. Standing for &#8216;For Patients, By Patients&#8217;, PxP is [&hellip;]<\/p>\n","protected":false},"author":2,"featured_media":2379,"parent":0,"menu_order":0,"comment_status":"closed","ping_status":"closed","template":"","meta":{"_relevanssi_hide_post":"","_relevanssi_hide_content":"","_relevanssi_pin_for_all":"","_relevanssi_pin_keywords":"","_relevanssi_unpin_keywords":"","_relevanssi_related_keywords":"","_relevanssi_related_include_ids":"","_relevanssi_related_exclude_ids":"","_relevanssi_related_no_append":"","_relevanssi_related_not_related":"","_relevanssi_related_posts":"","_relevanssi_noindex_reason":"","site-sidebar-layout":"no-sidebar","site-content-layout":"page-builder","ast-site-content-layout":"full-width-container","site-content-style":"unboxed","site-sidebar-style":"unboxed","ast-global-header-display":"","ast-banner-title-visibility":"","ast-main-header-display":"","ast-hfb-above-header-display":"","ast-hfb-below-header-display":"","ast-hfb-mobile-header-display":"","site-post-title":"disabled","ast-breadcrumbs-content":"","ast-featured-img":"disabled","footer-sml-layout":"","ast-disable-related-posts":"","theme-transparent-header-meta":"default","adv-header-id-meta":"","stick-header-meta":"default","header-above-stick-meta":"","header-main-stick-meta":"","header-below-stick-meta":"","astra-migrate-meta-layouts":"set","ast-page-background-enabled":"default","ast-page-background-meta":{"desktop":{"background-color":"","background-image":"","background-repeat":"repeat","background-position":"center center","background-size":"auto","background-attachment":"scroll","background-type":"","background-media":"","overlay-type":"","overlay-color":"","overlay-opacity":"","overlay-gradient":""},"tablet":{"background-color":"","background-image":"","background-repeat":"repeat","background-position":"center center","background-size":"auto","background-attachment":"scroll","background-type":"","background-media":"","overlay-type":"","overlay-color":"","overlay-opacity":"","overlay-gradient":""},"mobile":{"background-color":"","background-image":"","background-repeat":"repeat","background-position":"center center","background-size":"auto","background-attachment":"scroll","background-type":"","background-media":"","overlay-type":"","overlay-color":"","overlay-opacity":"","overlay-gradient":""}},"ast-content-background-meta":{"desktop":{"background-color":"var(--ast-global-color-5)","background-image":"","background-repeat":"repeat","background-position":"center center","background-size":"auto","background-attachment":"scroll","background-type":"","background-media":"","overlay-type":"","overlay-color":"","overlay-opacity":"","overlay-gradient":""},"tablet":{"background-color":"var(--ast-global-color-5)","background-image":"","background-repeat":"repeat","background-position":"center center","background-size":"auto","background-attachment":"scroll","background-type":"","background-media":"","overlay-type":"","overlay-color":"","overlay-opacity":"","overlay-gradient":""},"mobile":{"background-color":"var(--ast-global-color-5)","background-image":"","background-repeat":"repeat","background-position":"center center","background-size":"auto","background-attachment":"scroll","background-type":"","background-media":"","overlay-type":"","overlay-color":"","overlay-opacity":"","overlay-gradient":""}},"footnotes":""},"class_list":["post-29","page","type-page","status-publish","has-post-thumbnail","hentry"],"yoast_head":"<!-- This site is optimized with the Yoast SEO plugin v27.3 - https:\/\/yoast.com\/product\/yoast-seo-wordpress\/ -->\n<title>About - PxP<\/title>\n<meta name=\"description\" content=\"PxP brings resources, mentorship and community to other patient partners in health research, regardless of experiences as a patient partner...\" \/>\n<meta name=\"robots\" content=\"index, follow, max-snippet:-1, max-image-preview:large, max-video-preview:-1\" \/>\n<link rel=\"canonical\" href=\"https:\/\/pxphub.org\/fr\/about\/\" \/>\n<meta property=\"og:locale\" content=\"fr_FR\" \/>\n<meta property=\"og:type\" content=\"article\" \/>\n<meta property=\"og:title\" content=\"About - PxP\" \/>\n<meta property=\"og:description\" content=\"PxP brings resources, mentorship and community to other patient partners in health research, regardless of experiences as a patient partner...\" \/>\n<meta property=\"og:url\" content=\"https:\/\/pxphub.org\/fr\/about\/\" \/>\n<meta property=\"og:site_name\" content=\"PxP\" \/>\n<meta property=\"article:modified_time\" content=\"2026-01-30T18:27:07+00:00\" \/>\n<meta property=\"og:image\" content=\"https:\/\/pxphub.org\/wp-content\/uploads\/2023\/07\/PxP-Logo-Socials.jpg\" \/>\n\t<meta property=\"og:image:width\" content=\"2200\" \/>\n\t<meta property=\"og:image:height\" content=\"1100\" \/>\n\t<meta property=\"og:image:type\" content=\"image\/jpeg\" \/>\n<meta name=\"twitter:card\" content=\"summary_large_image\" \/>\n<meta name=\"twitter:image\" content=\"https:\/\/pxphub.org\/wp-content\/uploads\/2023\/07\/PxP-Logo-Socials.jpg\" \/>\n<meta name=\"twitter:site\" content=\"@PxPHub\" \/>\n<meta name=\"twitter:label1\" content=\"Dur\u00e9e de lecture estim\u00e9e\" \/>\n\t<meta name=\"twitter:data1\" content=\"3 minutes\" \/>\n<script type=\"application\/ld+json\" class=\"yoast-schema-graph\">{\"@context\":\"https:\\\/\\\/schema.org\",\"@graph\":[{\"@type\":\"WebPage\",\"@id\":\"https:\\\/\\\/pxphub.org\\\/about\\\/\",\"url\":\"https:\\\/\\\/pxphub.org\\\/about\\\/\",\"name\":\"About - PxP\",\"isPartOf\":{\"@id\":\"https:\\\/\\\/pxphub.org\\\/#website\"},\"primaryImageOfPage\":{\"@id\":\"https:\\\/\\\/pxphub.org\\\/about\\\/#primaryimage\"},\"image\":{\"@id\":\"https:\\\/\\\/pxphub.org\\\/about\\\/#primaryimage\"},\"thumbnailUrl\":\"https:\\\/\\\/pxphub.org\\\/wp-content\\\/uploads\\\/2023\\\/07\\\/PxP-Logo-Socials.jpg\",\"datePublished\":\"2021-07-03T22:47:41+00:00\",\"dateModified\":\"2026-01-30T18:27:07+00:00\",\"description\":\"PxP brings resources, mentorship and community to other patient partners in health research, regardless of experiences as a patient partner...\",\"breadcrumb\":{\"@id\":\"https:\\\/\\\/pxphub.org\\\/about\\\/#breadcrumb\"},\"inLanguage\":\"fr-FR\",\"potentialAction\":[{\"@type\":\"ReadAction\",\"target\":[\"https:\\\/\\\/pxphub.org\\\/about\\\/\"]}]},{\"@type\":\"ImageObject\",\"inLanguage\":\"fr-FR\",\"@id\":\"https:\\\/\\\/pxphub.org\\\/about\\\/#primaryimage\",\"url\":\"https:\\\/\\\/pxphub.org\\\/wp-content\\\/uploads\\\/2023\\\/07\\\/PxP-Logo-Socials.jpg\",\"contentUrl\":\"https:\\\/\\\/pxphub.org\\\/wp-content\\\/uploads\\\/2023\\\/07\\\/PxP-Logo-Socials.jpg\",\"width\":2200,\"height\":1100,\"caption\":\"PxP logo\"},{\"@type\":\"BreadcrumbList\",\"@id\":\"https:\\\/\\\/pxphub.org\\\/about\\\/#breadcrumb\",\"itemListElement\":[{\"@type\":\"ListItem\",\"position\":1,\"name\":\"Home\",\"item\":\"https:\\\/\\\/pxphub.org\\\/\"},{\"@type\":\"ListItem\",\"position\":2,\"name\":\"About\"}]},{\"@type\":\"WebSite\",\"@id\":\"https:\\\/\\\/pxphub.org\\\/#website\",\"url\":\"https:\\\/\\\/pxphub.org\\\/\",\"name\":\"PxP\",\"description\":\"For Patients, By Patients | pour les patients, par les patients\",\"publisher\":{\"@id\":\"https:\\\/\\\/pxphub.org\\\/#organization\"},\"potentialAction\":[{\"@type\":\"SearchAction\",\"target\":{\"@type\":\"EntryPoint\",\"urlTemplate\":\"https:\\\/\\\/pxphub.org\\\/?s={search_term_string}\"},\"query-input\":{\"@type\":\"PropertyValueSpecification\",\"valueRequired\":true,\"valueName\":\"search_term_string\"}}],\"inLanguage\":\"fr-FR\"},{\"@type\":\"Organization\",\"@id\":\"https:\\\/\\\/pxphub.org\\\/#organization\",\"name\":\"PxP\",\"url\":\"https:\\\/\\\/pxphub.org\\\/\",\"logo\":{\"@type\":\"ImageObject\",\"inLanguage\":\"fr-FR\",\"@id\":\"https:\\\/\\\/pxphub.org\\\/#\\\/schema\\\/logo\\\/image\\\/\",\"url\":\"https:\\\/\\\/pxphub.org\\\/wp-content\\\/uploads\\\/2023\\\/06\\\/PxP-Logo-PS900.png\",\"contentUrl\":\"https:\\\/\\\/pxphub.org\\\/wp-content\\\/uploads\\\/2023\\\/06\\\/PxP-Logo-PS900.png\",\"width\":900,\"height\":355,\"caption\":\"PxP\"},\"image\":{\"@id\":\"https:\\\/\\\/pxphub.org\\\/#\\\/schema\\\/logo\\\/image\\\/\"},\"sameAs\":[\"https:\\\/\\\/x.com\\\/PxPHub\",\"https:\\\/\\\/www.instagram.com\\\/PxPHub\\\/\",\"http:\\\/\\\/www.linkedin.com\\\/company\\\/pxphub\"]}]}<\/script>\n<!-- \/ Yoast SEO plugin. -->","yoast_head_json":{"title":"About - PxP","description":"PxP brings resources, mentorship and community to other patient partners in health research, regardless of experiences as a patient partner...","robots":{"index":"index","follow":"follow","max-snippet":"max-snippet:-1","max-image-preview":"max-image-preview:large","max-video-preview":"max-video-preview:-1"},"canonical":"https:\/\/pxphub.org\/fr\/about\/","og_locale":"fr_FR","og_type":"article","og_title":"About - PxP","og_description":"PxP brings resources, mentorship and community to other patient partners in health research, regardless of experiences as a patient partner...","og_url":"https:\/\/pxphub.org\/fr\/about\/","og_site_name":"PxP","article_modified_time":"2026-01-30T18:27:07+00:00","og_image":[{"width":2200,"height":1100,"url":"https:\/\/pxphub.org\/wp-content\/uploads\/2023\/07\/PxP-Logo-Socials.jpg","type":"image\/jpeg"}],"twitter_card":"summary_large_image","twitter_image":"https:\/\/pxphub.org\/wp-content\/uploads\/2023\/07\/PxP-Logo-Socials.jpg","twitter_site":"@PxPHub","twitter_misc":{"Dur\u00e9e de lecture estim\u00e9e":"3 minutes"},"schema":{"@context":"https:\/\/schema.org","@graph":[{"@type":"WebPage","@id":"https:\/\/pxphub.org\/about\/","url":"https:\/\/pxphub.org\/about\/","name":"About - PxP","isPartOf":{"@id":"https:\/\/pxphub.org\/#website"},"primaryImageOfPage":{"@id":"https:\/\/pxphub.org\/about\/#primaryimage"},"image":{"@id":"https:\/\/pxphub.org\/about\/#primaryimage"},"thumbnailUrl":"https:\/\/pxphub.org\/wp-content\/uploads\/2023\/07\/PxP-Logo-Socials.jpg","datePublished":"2021-07-03T22:47:41+00:00","dateModified":"2026-01-30T18:27:07+00:00","description":"PxP brings resources, mentorship and community to other patient partners in health research, regardless of experiences as a patient partner...","breadcrumb":{"@id":"https:\/\/pxphub.org\/about\/#breadcrumb"},"inLanguage":"fr-FR","potentialAction":[{"@type":"ReadAction","target":["https:\/\/pxphub.org\/about\/"]}]},{"@type":"ImageObject","inLanguage":"fr-FR","@id":"https:\/\/pxphub.org\/about\/#primaryimage","url":"https:\/\/pxphub.org\/wp-content\/uploads\/2023\/07\/PxP-Logo-Socials.jpg","contentUrl":"https:\/\/pxphub.org\/wp-content\/uploads\/2023\/07\/PxP-Logo-Socials.jpg","width":2200,"height":1100,"caption":"PxP logo"},{"@type":"BreadcrumbList","@id":"https:\/\/pxphub.org\/about\/#breadcrumb","itemListElement":[{"@type":"ListItem","position":1,"name":"Home","item":"https:\/\/pxphub.org\/"},{"@type":"ListItem","position":2,"name":"About"}]},{"@type":"WebSite","@id":"https:\/\/pxphub.org\/#website","url":"https:\/\/pxphub.org\/","name":"PxP :","description":"For Patients, By Patients | pour les patients, par les patients","publisher":{"@id":"https:\/\/pxphub.org\/#organization"},"potentialAction":[{"@type":"SearchAction","target":{"@type":"EntryPoint","urlTemplate":"https:\/\/pxphub.org\/?s={search_term_string}"},"query-input":{"@type":"PropertyValueSpecification","valueRequired":true,"valueName":"search_term_string"}}],"inLanguage":"fr-FR"},{"@type":"Organization","@id":"https:\/\/pxphub.org\/#organization","name":"PxP :","url":"https:\/\/pxphub.org\/","logo":{"@type":"ImageObject","inLanguage":"fr-FR","@id":"https:\/\/pxphub.org\/#\/schema\/logo\/image\/","url":"https:\/\/pxphub.org\/wp-content\/uploads\/2023\/06\/PxP-Logo-PS900.png","contentUrl":"https:\/\/pxphub.org\/wp-content\/uploads\/2023\/06\/PxP-Logo-PS900.png","width":900,"height":355,"caption":"PxP"},"image":{"@id":"https:\/\/pxphub.org\/#\/schema\/logo\/image\/"},"sameAs":["https:\/\/x.com\/PxPHub","https:\/\/www.instagram.com\/PxPHub\/","http:\/\/www.linkedin.com\/company\/pxphub"]}]}},"_links":{"self":[{"href":"https:\/\/pxphub.org\/fr\/wp-json\/wp\/v2\/pages\/29","targetHints":{"allow":["GET"]}}],"collection":[{"href":"https:\/\/pxphub.org\/fr\/wp-json\/wp\/v2\/pages"}],"about":[{"href":"https:\/\/pxphub.org\/fr\/wp-json\/wp\/v2\/types\/page"}],"author":[{"embeddable":true,"href":"https:\/\/pxphub.org\/fr\/wp-json\/wp\/v2\/users\/2"}],"replies":[{"embeddable":true,"href":"https:\/\/pxphub.org\/fr\/wp-json\/wp\/v2\/comments?post=29"}],"version-history":[{"count":6,"href":"https:\/\/pxphub.org\/fr\/wp-json\/wp\/v2\/pages\/29\/revisions"}],"predecessor-version":[{"id":7107,"href":"https:\/\/pxphub.org\/fr\/wp-json\/wp\/v2\/pages\/29\/revisions\/7107"}],"wp:featuredmedia":[{"embeddable":true,"href":"https:\/\/pxphub.org\/fr\/wp-json\/wp\/v2\/media\/2379"}],"wp:attachment":[{"href":"https:\/\/pxphub.org\/fr\/wp-json\/wp\/v2\/media?parent=29"}],"curies":[{"name":"wp","href":"https:\/\/api.w.org\/{rel}","templated":true}]}}