{"id":2916,"date":"2024-07-22T10:52:32","date_gmt":"2024-07-22T17:52:32","guid":{"rendered":"https:\/\/pxphub.org\/?page_id=2916"},"modified":"2025-10-27T14:02:23","modified_gmt":"2025-10-27T21:02:23","slug":"pxp-2024-social-media-images","status":"publish","type":"page","link":"https:\/\/pxphub.org\/fr\/pxp-2024-social-media-images\/","title":{"rendered":"PxP 2024 Social Media Images"},"content":{"rendered":"<h1>T\u00e9l\u00e9chargez les images pour publier sur vos r\u00e9seaux sociaux<\/h1>\r\n<p>La conf\u00e9rence PxP (pour les patients, par les patients) 2024 se tiendra du 10 au 13 septembre. PxP 2024 se tiendra du 10 au 12 septembre (Europe, Afrique, et Am\u00e9riques) et du 11 au 13 septembre (Asie et Oc\u00e9anie).<\/p>\r\n<h2>Instagram et Facebook<\/h2>\r\n<p><a href=\"https:\/\/pxphub.org\/wp-content\/uploads\/2024\/07\/PxP-2024-Instagram-Post.png\" target=\"_self\" rel=\"noopener\"> <img loading=\"lazy\" decoding=\"async\" title=\"PxP 2024 Instagram Post\" src=\"https:\/\/pxphub.org\/wp-content\/uploads\/2024\/08\/PxP-2024-Instagram-French.png\" alt=\"Logo PxP. For Patients, By Patients. Conf\u00e9rence virtuelle. 10 au 13 septembre 2024.\" width=\"150\" height=\"150\" \/> <\/a> <a role=\"button\" href=\"https:\/\/pxphub.org\/wp-content\/uploads\/2024\/07\/PxP-2024-Instagram-Post.png\" target=\"_self\" rel=\"noopener\" download=\"PxP 2024 Instagram and Facebook\" aria-label=\"Download in English\"> Download in English <\/a> <a role=\"button\" href=\"https:\/\/pxphub.org\/wp-content\/uploads\/2024\/08\/PxP-2024-Instagram-French.png\" target=\"_self\" rel=\"noopener\" download=\"PxP 2024 Instagram and Facebook French\" aria-label=\"T\u00e9l\u00e9charger en fran\u00e7ais\"> T\u00e9l\u00e9charger en fran\u00e7ais <\/a><\/p>\r\n<p>Texte alternatif sugg\u00e9r\u00e9 : Logo PxP. For Patients, By Patients. Conf\u00e9rence virtuelle. 10 au 13 septembre 2024.<\/p>\r\n<h2>x (Twitter) et LinkedIn<\/h2>\r\n<p><a href=\"https:\/\/pxphub.org\/wp-content\/uploads\/2024\/07\/PxP-2024-Twitter-Post.png\" target=\"_self\" rel=\"noopener\"> <img loading=\"lazy\" decoding=\"async\" title=\"PxP 2024 Twitter Post\" src=\"https:\/\/pxphub.org\/wp-content\/uploads\/2024\/08\/PxP-2024-Twitter-Design-French.png\" alt=\"Logo PxP. For Patients, By Patients. Conf\u00e9rence virtuelle. 10 au 13 septembre 2024.\" width=\"300\" height=\"169\" \/> <\/a> <a role=\"button\" href=\"https:\/\/pxphub.org\/wp-content\/uploads\/2024\/07\/PxP-2024-Twitter-Post.png\" target=\"_self\" rel=\"noopener\" download=\"PxP 2024 Twitter and LinkedIn\" aria-label=\"Download in English\"> Download in English <\/a> <a role=\"button\" href=\"https:\/\/pxphub.org\/wp-content\/uploads\/2024\/08\/PxP-2024-Twitter-Design-French.png\" target=\"_self\" rel=\"noopener\" download=\"PxP 2024 Twitter and LinkedIn French\" aria-label=\" T\u00e9l\u00e9charger en fran\u00e7ais\"> T\u00e9l\u00e9charger en fran\u00e7ais <\/a><\/p>\r\n<p>Texte alternatif sugg\u00e9r\u00e9 : Logo PxP. For Patients, By Patients. Conf\u00e9rence virtuelle. 10 au 13 septembre 2024.<\/p>\r\n<h2>E-Flyer PDF 10 au 13 septembre<\/h2>\r\n<p><a href=\"https:\/\/pxphub.org\/wp-content\/uploads\/2024\/08\/PxP-2024-Regiser-Now-FR.pdf\" target=\"_self\" rel=\"noopener\"> <img loading=\"lazy\" decoding=\"async\" title=\"PxP Eflyer Preview\" src=\"https:\/\/pxphub.org\/wp-content\/uploads\/2024\/08\/Screenshot-2024-08-06-133623-French.png\" alt=\"PxP Eflyer Preview\" width=\"230\" height=\"300\" \/> <\/a> <a role=\"button\" href=\"https:\/\/pxphub.org\/wp-content\/uploads\/2024\/07\/PxP-2024-Regiser-Now-EN.pdf\" target=\"_self\" rel=\"noopener\" download=\"PxP 2024 E-flyer\" aria-label=\"Download in English\"> Download in English <\/a> <a role=\"button\" href=\"https:\/\/pxphub.org\/wp-content\/uploads\/2024\/08\/PxP-2024-Regiser-Now-FR.pdf\" target=\"_self\" rel=\"noopener\" download=\"PxP 2024 E-flyer French\" aria-label=\"T\u00e9l\u00e9charger en fran\u00e7ais\"> T\u00e9l\u00e9charger en fran\u00e7ais <\/a><\/p>\r\n<h2>PxP 2024 Speakers<\/h2>\r\n<p><a href=\"https:\/\/pxphub.org\/wp-content\/uploads\/2024\/09\/Grid-of-Faces-PxP-2024-Twitter.png\" target=\"_self\" rel=\"noopener\"> <img loading=\"lazy\" decoding=\"async\" title=\"Grid of Faces PxP 2024 - Twitter\" src=\"https:\/\/pxphub.org\/wp-content\/uploads\/2024\/09\/Grid-of-Faces-PxP-2024-Twitter-300x169.png\" alt=\"Photos of PxP 2024 Steering Committee. PxP Logo.\" width=\"300\" height=\"169\" \/> <\/a> <a role=\"button\" href=\"https:\/\/pxphub.org\/wp-content\/uploads\/2024\/09\/Grid-of-Faces-PxP-2024-Twitter.png\" target=\"_self\" rel=\"noopener\" download=\"PxP 2024 E-flyer\" aria-label=\"Download \/ T\u00e9l\u00e9charger\u00a0\"> Download \/ T\u00e9l\u00e9charger\u00a0 <\/a><\/p>","protected":false},"excerpt":{"rendered":"<p>PxP Social Media Images to Download and Share The conference dates are September 10-13, 2024. Depending on where you are [&hellip;]<\/p>\n","protected":false},"author":5,"featured_media":0,"parent":0,"menu_order":0,"comment_status":"closed","ping_status":"closed","template":"","meta":{"_relevanssi_hide_post":"","_relevanssi_hide_content":"","_relevanssi_pin_for_all":"","_relevanssi_pin_keywords":"","_relevanssi_unpin_keywords":"","_relevanssi_related_keywords":"","_relevanssi_related_include_ids":"","_relevanssi_related_exclude_ids":"","_relevanssi_related_no_append":"","_relevanssi_related_not_related":"","_relevanssi_related_posts":"","_relevanssi_noindex_reason":"","site-sidebar-layout":"no-sidebar","site-content-layout":"page-builder","ast-site-content-layout":"default","site-content-style":"default","site-sidebar-style":"default","ast-global-header-display":"","ast-banner-title-visibility":"","ast-main-header-display":"","ast-hfb-above-header-display":"","ast-hfb-below-header-display":"","ast-hfb-mobile-header-display":"","site-post-title":"disabled","ast-breadcrumbs-content":"","ast-featured-img":"disabled","footer-sml-layout":"","ast-disable-related-posts":"","theme-transparent-header-meta":"default","adv-header-id-meta":"","stick-header-meta":"default","header-above-stick-meta":"","header-main-stick-meta":"","header-below-stick-meta":"","astra-migrate-meta-layouts":"set","ast-page-background-enabled":"default","ast-page-background-meta":{"desktop":{"background-color":"","background-image":"","background-repeat":"repeat","background-position":"center center","background-size":"auto","background-attachment":"scroll","background-type":"","background-media":"","overlay-type":"","overlay-color":"","overlay-opacity":"","overlay-gradient":""},"tablet":{"background-color":"","background-image":"","background-repeat":"repeat","background-position":"center center","background-size":"auto","background-attachment":"scroll","background-type":"","background-media":"","overlay-type":"","overlay-color":"","overlay-opacity":"","overlay-gradient":""},"mobile":{"background-color":"","background-image":"","background-repeat":"repeat","background-position":"center center","background-size":"auto","background-attachment":"scroll","background-type":"","background-media":"","overlay-type":"","overlay-color":"","overlay-opacity":"","overlay-gradient":""}},"ast-content-background-meta":{"desktop":{"background-color":"var(--ast-global-color-5)","background-image":"","background-repeat":"repeat","background-position":"center center","background-size":"auto","background-attachment":"scroll","background-type":"","background-media":"","overlay-type":"","overlay-color":"","overlay-opacity":"","overlay-gradient":""},"tablet":{"background-color":"var(--ast-global-color-5)","background-image":"","background-repeat":"repeat","background-position":"center center","background-size":"auto","background-attachment":"scroll","background-type":"","background-media":"","overlay-type":"","overlay-color":"","overlay-opacity":"","overlay-gradient":""},"mobile":{"background-color":"var(--ast-global-color-5)","background-image":"","background-repeat":"repeat","background-position":"center center","background-size":"auto","background-attachment":"scroll","background-type":"","background-media":"","overlay-type":"","overlay-color":"","overlay-opacity":"","overlay-gradient":""}},"footnotes":""},"class_list":["post-2916","page","type-page","status-publish","hentry"],"yoast_head":"<!-- This site is optimized with the Yoast SEO plugin v27.5 - https:\/\/yoast.com\/product\/yoast-seo-wordpress\/ -->\n<title>PxP 2024 Social Media Images - PxP<\/title>\n<meta name=\"description\" content=\"Social media resources to download about the PxP (For Patients, By Patients) virtual conference which is free to attend...\" \/>\n<meta name=\"robots\" content=\"index, follow, max-snippet:-1, max-image-preview:large, max-video-preview:-1\" \/>\n<link rel=\"canonical\" href=\"https:\/\/pxphub.org\/fr\/pxp-2024-social-media-images\/\" \/>\n<meta property=\"og:locale\" content=\"fr_FR\" \/>\n<meta property=\"og:type\" content=\"article\" \/>\n<meta property=\"og:title\" content=\"PxP 2024 Social Media Images - PxP\" \/>\n<meta property=\"og:description\" content=\"Social media resources to download about the PxP (For Patients, By Patients) virtual conference which is free to attend...\" \/>\n<meta property=\"og:url\" content=\"https:\/\/pxphub.org\/fr\/pxp-2024-social-media-images\/\" \/>\n<meta property=\"og:site_name\" content=\"PxP\" \/>\n<meta property=\"article:modified_time\" content=\"2025-10-27T21:02:23+00:00\" \/>\n<meta property=\"og:image\" content=\"https:\/\/pxphub.org\/wp-content\/uploads\/2024\/07\/PxP-2024-Instagram-Post-150x150.png\" \/>\n<meta name=\"twitter:card\" content=\"summary_large_image\" \/>\n<meta name=\"twitter:site\" content=\"@PxPHub\" \/>\n<meta name=\"twitter:label1\" content=\"Dur\u00e9e de lecture estim\u00e9e\" \/>\n\t<meta name=\"twitter:data1\" content=\"2 minutes\" \/>\n<script type=\"application\/ld+json\" class=\"yoast-schema-graph\">{\"@context\":\"https:\\\/\\\/schema.org\",\"@graph\":[{\"@type\":\"WebPage\",\"@id\":\"https:\\\/\\\/pxphub.org\\\/pxp-2024-social-media-images\\\/\",\"url\":\"https:\\\/\\\/pxphub.org\\\/pxp-2024-social-media-images\\\/\",\"name\":\"PxP 2024 Social Media Images - PxP\",\"isPartOf\":{\"@id\":\"https:\\\/\\\/pxphub.org\\\/#website\"},\"primaryImageOfPage\":{\"@id\":\"https:\\\/\\\/pxphub.org\\\/pxp-2024-social-media-images\\\/#primaryimage\"},\"image\":{\"@id\":\"https:\\\/\\\/pxphub.org\\\/pxp-2024-social-media-images\\\/#primaryimage\"},\"thumbnailUrl\":\"https:\\\/\\\/pxphub.org\\\/wp-content\\\/uploads\\\/2024\\\/07\\\/PxP-2024-Instagram-Post-150x150.png\",\"datePublished\":\"2024-07-22T17:52:32+00:00\",\"dateModified\":\"2025-10-27T21:02:23+00:00\",\"description\":\"Social media resources to download about the PxP (For Patients, By Patients) virtual conference which is free to attend...\",\"breadcrumb\":{\"@id\":\"https:\\\/\\\/pxphub.org\\\/pxp-2024-social-media-images\\\/#breadcrumb\"},\"inLanguage\":\"fr-FR\",\"potentialAction\":[{\"@type\":\"ReadAction\",\"target\":[\"https:\\\/\\\/pxphub.org\\\/pxp-2024-social-media-images\\\/\"]}]},{\"@type\":\"ImageObject\",\"inLanguage\":\"fr-FR\",\"@id\":\"https:\\\/\\\/pxphub.org\\\/pxp-2024-social-media-images\\\/#primaryimage\",\"url\":\"https:\\\/\\\/pxphub.org\\\/wp-content\\\/uploads\\\/2024\\\/07\\\/PxP-2024-Instagram-Post-150x150.png\",\"contentUrl\":\"https:\\\/\\\/pxphub.org\\\/wp-content\\\/uploads\\\/2024\\\/07\\\/PxP-2024-Instagram-Post-150x150.png\"},{\"@type\":\"BreadcrumbList\",\"@id\":\"https:\\\/\\\/pxphub.org\\\/pxp-2024-social-media-images\\\/#breadcrumb\",\"itemListElement\":[{\"@type\":\"ListItem\",\"position\":1,\"name\":\"Home\",\"item\":\"https:\\\/\\\/pxphub.org\\\/\"},{\"@type\":\"ListItem\",\"position\":2,\"name\":\"PxP 2024 Social Media Images\"}]},{\"@type\":\"WebSite\",\"@id\":\"https:\\\/\\\/pxphub.org\\\/#website\",\"url\":\"https:\\\/\\\/pxphub.org\\\/\",\"name\":\"PxP\",\"description\":\"For Patients, By Patients | pour les patients, par les patients\",\"publisher\":{\"@id\":\"https:\\\/\\\/pxphub.org\\\/#organization\"},\"potentialAction\":[{\"@type\":\"SearchAction\",\"target\":{\"@type\":\"EntryPoint\",\"urlTemplate\":\"https:\\\/\\\/pxphub.org\\\/?s={search_term_string}\"},\"query-input\":{\"@type\":\"PropertyValueSpecification\",\"valueRequired\":true,\"valueName\":\"search_term_string\"}}],\"inLanguage\":\"fr-FR\"},{\"@type\":\"Organization\",\"@id\":\"https:\\\/\\\/pxphub.org\\\/#organization\",\"name\":\"PxP\",\"url\":\"https:\\\/\\\/pxphub.org\\\/\",\"logo\":{\"@type\":\"ImageObject\",\"inLanguage\":\"fr-FR\",\"@id\":\"https:\\\/\\\/pxphub.org\\\/#\\\/schema\\\/logo\\\/image\\\/\",\"url\":\"https:\\\/\\\/pxphub.org\\\/wp-content\\\/uploads\\\/2023\\\/06\\\/PxP-Logo-PS900.png\",\"contentUrl\":\"https:\\\/\\\/pxphub.org\\\/wp-content\\\/uploads\\\/2023\\\/06\\\/PxP-Logo-PS900.png\",\"width\":900,\"height\":355,\"caption\":\"PxP\"},\"image\":{\"@id\":\"https:\\\/\\\/pxphub.org\\\/#\\\/schema\\\/logo\\\/image\\\/\"},\"sameAs\":[\"https:\\\/\\\/x.com\\\/PxPHub\",\"https:\\\/\\\/www.instagram.com\\\/PxPHub\\\/\",\"http:\\\/\\\/www.linkedin.com\\\/company\\\/pxphub\"]}]}<\/script>\n<!-- \/ Yoast SEO plugin. -->","yoast_head_json":{"title":"PxP 2024 Social Media Images - PxP","description":"Social media resources to download about the PxP (For Patients, By Patients) virtual conference which is free to attend...","robots":{"index":"index","follow":"follow","max-snippet":"max-snippet:-1","max-image-preview":"max-image-preview:large","max-video-preview":"max-video-preview:-1"},"canonical":"https:\/\/pxphub.org\/fr\/pxp-2024-social-media-images\/","og_locale":"fr_FR","og_type":"article","og_title":"PxP 2024 Social Media Images - PxP","og_description":"Social media resources to download about the PxP (For Patients, By Patients) virtual conference which is free to attend...","og_url":"https:\/\/pxphub.org\/fr\/pxp-2024-social-media-images\/","og_site_name":"PxP","article_modified_time":"2025-10-27T21:02:23+00:00","og_image":[{"url":"https:\/\/pxphub.org\/wp-content\/uploads\/2024\/07\/PxP-2024-Instagram-Post-150x150.png","type":"","width":"","height":""}],"twitter_card":"summary_large_image","twitter_site":"@PxPHub","twitter_misc":{"Dur\u00e9e de lecture estim\u00e9e":"2 minutes"},"schema":{"@context":"https:\/\/schema.org","@graph":[{"@type":"WebPage","@id":"https:\/\/pxphub.org\/pxp-2024-social-media-images\/","url":"https:\/\/pxphub.org\/pxp-2024-social-media-images\/","name":"PxP 2024 Social Media Images - PxP","isPartOf":{"@id":"https:\/\/pxphub.org\/#website"},"primaryImageOfPage":{"@id":"https:\/\/pxphub.org\/pxp-2024-social-media-images\/#primaryimage"},"image":{"@id":"https:\/\/pxphub.org\/pxp-2024-social-media-images\/#primaryimage"},"thumbnailUrl":"https:\/\/pxphub.org\/wp-content\/uploads\/2024\/07\/PxP-2024-Instagram-Post-150x150.png","datePublished":"2024-07-22T17:52:32+00:00","dateModified":"2025-10-27T21:02:23+00:00","description":"Social media resources to download about the PxP (For Patients, By Patients) virtual conference which is free to attend...","breadcrumb":{"@id":"https:\/\/pxphub.org\/pxp-2024-social-media-images\/#breadcrumb"},"inLanguage":"fr-FR","potentialAction":[{"@type":"ReadAction","target":["https:\/\/pxphub.org\/pxp-2024-social-media-images\/"]}]},{"@type":"ImageObject","inLanguage":"fr-FR","@id":"https:\/\/pxphub.org\/pxp-2024-social-media-images\/#primaryimage","url":"https:\/\/pxphub.org\/wp-content\/uploads\/2024\/07\/PxP-2024-Instagram-Post-150x150.png","contentUrl":"https:\/\/pxphub.org\/wp-content\/uploads\/2024\/07\/PxP-2024-Instagram-Post-150x150.png"},{"@type":"BreadcrumbList","@id":"https:\/\/pxphub.org\/pxp-2024-social-media-images\/#breadcrumb","itemListElement":[{"@type":"ListItem","position":1,"name":"Home","item":"https:\/\/pxphub.org\/"},{"@type":"ListItem","position":2,"name":"PxP 2024 Social Media Images"}]},{"@type":"WebSite","@id":"https:\/\/pxphub.org\/#website","url":"https:\/\/pxphub.org\/","name":"PxP :","description":"For Patients, By Patients | pour les patients, par les patients","publisher":{"@id":"https:\/\/pxphub.org\/#organization"},"potentialAction":[{"@type":"SearchAction","target":{"@type":"EntryPoint","urlTemplate":"https:\/\/pxphub.org\/?s={search_term_string}"},"query-input":{"@type":"PropertyValueSpecification","valueRequired":true,"valueName":"search_term_string"}}],"inLanguage":"fr-FR"},{"@type":"Organization","@id":"https:\/\/pxphub.org\/#organization","name":"PxP :","url":"https:\/\/pxphub.org\/","logo":{"@type":"ImageObject","inLanguage":"fr-FR","@id":"https:\/\/pxphub.org\/#\/schema\/logo\/image\/","url":"https:\/\/pxphub.org\/wp-content\/uploads\/2023\/06\/PxP-Logo-PS900.png","contentUrl":"https:\/\/pxphub.org\/wp-content\/uploads\/2023\/06\/PxP-Logo-PS900.png","width":900,"height":355,"caption":"PxP"},"image":{"@id":"https:\/\/pxphub.org\/#\/schema\/logo\/image\/"},"sameAs":["https:\/\/x.com\/PxPHub","https:\/\/www.instagram.com\/PxPHub\/","http:\/\/www.linkedin.com\/company\/pxphub"]}]}},"_links":{"self":[{"href":"https:\/\/pxphub.org\/fr\/wp-json\/wp\/v2\/pages\/2916","targetHints":{"allow":["GET"]}}],"collection":[{"href":"https:\/\/pxphub.org\/fr\/wp-json\/wp\/v2\/pages"}],"about":[{"href":"https:\/\/pxphub.org\/fr\/wp-json\/wp\/v2\/types\/page"}],"author":[{"embeddable":true,"href":"https:\/\/pxphub.org\/fr\/wp-json\/wp\/v2\/users\/5"}],"replies":[{"embeddable":true,"href":"https:\/\/pxphub.org\/fr\/wp-json\/wp\/v2\/comments?post=2916"}],"version-history":[{"count":5,"href":"https:\/\/pxphub.org\/fr\/wp-json\/wp\/v2\/pages\/2916\/revisions"}],"predecessor-version":[{"id":6477,"href":"https:\/\/pxphub.org\/fr\/wp-json\/wp\/v2\/pages\/2916\/revisions\/6477"}],"wp:attachment":[{"href":"https:\/\/pxphub.org\/fr\/wp-json\/wp\/v2\/media?parent=2916"}],"curies":[{"name":"wp","href":"https:\/\/api.w.org\/{rel}","templated":true}]}}