{"id":30,"date":"2023-07-19T15:47:53","date_gmt":"2023-07-19T22:47:53","guid":{"rendered":"http:\/\/vbase.bigscoots.sh\/?page_id=30"},"modified":"2025-12-01T13:15:26","modified_gmt":"2025-12-01T21:15:26","slug":"contact","status":"publish","type":"page","link":"https:\/\/pxphub.org\/fr\/contact\/","title":{"rendered":"Nous joindre"},"content":{"rendered":"<h1>\n\t\t\tPOUR NOUS JOINDRE\t<\/h1>\n\t<p class=\"translation-block\">Envoyez-nous un courriel \u00e0 <a href=\"mailto:contact@pxphub.org\" target=\"_self\" aria-label=\"send an email to contact@pxphub.org?trp-edit-translation=preview\" data-uw-rm-vglnk=\"\">contact@pxphub.org<\/a><\/p>\n\t\t\t\t<img decoding=\"async\" src=\"https:\/\/pxphub.org\/wp-content\/uploads\/2023\/07\/Contact-Us-PS1200.jpg\" alt=\"Photo from above four people sitting in a circle and holding speech bubble signs in various rectangular and circular shapes.\" itemprop=\"image\" title=\"NOUS JOINDRE\" onerror=\"this.style.display='none'\" loading=\"lazy\" \/>\n<h2>\n\t\t\tNe manquez pas les derni\u00e8res nouvelles\t<\/h2>\n\t\t<link itemprop=\"url\" href=\"https:\/\/pxphub.org\"\/>\n\t\t<a itemprop=\"sameAs\" href=\"https:\/\/www.instagram.com\/PxPHub\/\" target=\"_blank\" title=\"Instagram\" aria-label=\"Instagram\" role=\"button\" rel=\"noopener noreferrer external\">\n\t\t\t\t\t<\/a>\n\t\t<link itemprop=\"url\" href=\"https:\/\/pxphub.org\"\/>\n\t\t<a itemprop=\"sameAs\" href=\"http:\/\/www.linkedin.com\/company\/pxphub\" target=\"_blank\" title=\"LinkedIn\" aria-label=\"LinkedIn\" role=\"button\" rel=\"noopener noreferrer external\">\n\t\t\t\t\t<\/a>\n\t\t<link itemprop=\"url\" href=\"https:\/\/pxphub.org\"\/>\n\t\t<a itemprop=\"sameAs\" href=\"https:\/\/www.youtube.com\/@PxPHub\" target=\"_self\" title=\"\" aria-label=\"\" role=\"button\">\n\t\t\t\t\t<\/a>\n<h2>\n\t\t\tPrenez part \u00e0 la discussion\t<\/h2>\n\t<p>Abonnez-vous \u00e0 la liste de distribution de PxP pour recevoir des mises \u00e0 jour concernant nos \u00e9v\u00e9nements ainsi que des nouvelles et des ressources sur la participation des patients.<\/p>\n\t\t\t<a href=\"http:\/\/eepurl.com\/iuT6ig\" target=\"_blank\" rel=\"noopener\">\n\t\t\t\t\t\tS\u2019abonner\n\t\t\t\t\t<\/a>","protected":false},"excerpt":{"rendered":"<p>CONTACT US Get in touch with PxP using the form below or reach us by email: contact@pxphub.org Get the Latest [&hellip;]<\/p>\n","protected":false},"author":2,"featured_media":0,"parent":0,"menu_order":0,"comment_status":"closed","ping_status":"closed","template":"","meta":{"_relevanssi_hide_post":"","_relevanssi_hide_content":"","_relevanssi_pin_for_all":"","_relevanssi_pin_keywords":"","_relevanssi_unpin_keywords":"","_relevanssi_related_keywords":"","_relevanssi_related_include_ids":"","_relevanssi_related_exclude_ids":"","_relevanssi_related_no_append":"","_relevanssi_related_not_related":"","_relevanssi_related_posts":"","_relevanssi_noindex_reason":"","site-sidebar-layout":"no-sidebar","site-content-layout":"page-builder","ast-site-content-layout":"full-width-container","site-content-style":"unboxed","site-sidebar-style":"unboxed","ast-global-header-display":"","ast-banner-title-visibility":"","ast-main-header-display":"","ast-hfb-above-header-display":"","ast-hfb-below-header-display":"","ast-hfb-mobile-header-display":"","site-post-title":"disabled","ast-breadcrumbs-content":"","ast-featured-img":"disabled","footer-sml-layout":"","ast-disable-related-posts":"","theme-transparent-header-meta":"default","adv-header-id-meta":"","stick-header-meta":"default","header-above-stick-meta":"","header-main-stick-meta":"","header-below-stick-meta":"","astra-migrate-meta-layouts":"set","ast-page-background-enabled":"default","ast-page-background-meta":{"desktop":{"background-color":"","background-image":"","background-repeat":"repeat","background-position":"center center","background-size":"auto","background-attachment":"scroll","background-type":"","background-media":"","overlay-type":"","overlay-color":"","overlay-opacity":"","overlay-gradient":""},"tablet":{"background-color":"","background-image":"","background-repeat":"repeat","background-position":"center center","background-size":"auto","background-attachment":"scroll","background-type":"","background-media":"","overlay-type":"","overlay-color":"","overlay-opacity":"","overlay-gradient":""},"mobile":{"background-color":"","background-image":"","background-repeat":"repeat","background-position":"center center","background-size":"auto","background-attachment":"scroll","background-type":"","background-media":"","overlay-type":"","overlay-color":"","overlay-opacity":"","overlay-gradient":""}},"ast-content-background-meta":{"desktop":{"background-color":"var(--ast-global-color-5)","background-image":"","background-repeat":"repeat","background-position":"center center","background-size":"auto","background-attachment":"scroll","background-type":"","background-media":"","overlay-type":"","overlay-color":"","overlay-opacity":"","overlay-gradient":""},"tablet":{"background-color":"var(--ast-global-color-5)","background-image":"","background-repeat":"repeat","background-position":"center center","background-size":"auto","background-attachment":"scroll","background-type":"","background-media":"","overlay-type":"","overlay-color":"","overlay-opacity":"","overlay-gradient":""},"mobile":{"background-color":"var(--ast-global-color-5)","background-image":"","background-repeat":"repeat","background-position":"center center","background-size":"auto","background-attachment":"scroll","background-type":"","background-media":"","overlay-type":"","overlay-color":"","overlay-opacity":"","overlay-gradient":""}},"footnotes":""},"class_list":["post-30","page","type-page","status-publish","hentry"],"yoast_head":"<!-- This site is optimized with the Yoast SEO plugin v27.3 - https:\/\/yoast.com\/product\/yoast-seo-wordpress\/ -->\n<title>Contact - PxP<\/title>\n<meta name=\"description\" content=\"Get in touch with PxP using the form on our website or reach us by email with any questions: contact@pxphub.org\" \/>\n<meta name=\"robots\" content=\"index, follow, max-snippet:-1, max-image-preview:large, max-video-preview:-1\" \/>\n<link rel=\"canonical\" href=\"https:\/\/pxphub.org\/fr\/contact\/\" \/>\n<meta property=\"og:locale\" content=\"fr_FR\" \/>\n<meta property=\"og:type\" content=\"article\" \/>\n<meta property=\"og:title\" content=\"Contact PxP\" \/>\n<meta property=\"og:description\" content=\"Get in touch with PxP using the form below or reach us by email: contact@pxphub.org\" \/>\n<meta property=\"og:url\" content=\"https:\/\/pxphub.org\/fr\/contact\/\" \/>\n<meta property=\"og:site_name\" content=\"PxP\" \/>\n<meta property=\"article:modified_time\" content=\"2025-12-01T21:15:26+00:00\" \/>\n<meta property=\"og:image\" content=\"https:\/\/pxphub.org\/wp-content\/uploads\/2023\/07\/Contact-Us-PS1200-e1707514161486.jpg\" \/>\n\t<meta property=\"og:image:width\" content=\"800\" \/>\n\t<meta property=\"og:image:height\" content=\"534\" \/>\n\t<meta property=\"og:image:type\" content=\"image\/jpeg\" \/>\n<meta name=\"twitter:card\" content=\"summary_large_image\" \/>\n<meta name=\"twitter:title\" content=\"Contact PxP\" \/>\n<meta name=\"twitter:description\" content=\"Get in touch with PxP using the form below or reach us by email: contact@pxphub.org\" \/>\n<meta name=\"twitter:image\" content=\"https:\/\/pxphub.org\/wp-content\/uploads\/2023\/07\/Contact-Us-PS1200-e1707514161486.jpg\" \/>\n<meta name=\"twitter:site\" content=\"@PxPHub\" \/>\n<meta name=\"twitter:label1\" content=\"Dur\u00e9e de lecture estim\u00e9e\" \/>\n\t<meta name=\"twitter:data1\" content=\"1 minute\" \/>\n<script type=\"application\/ld+json\" class=\"yoast-schema-graph\">{\"@context\":\"https:\\\/\\\/schema.org\",\"@graph\":[{\"@type\":\"WebPage\",\"@id\":\"https:\\\/\\\/pxphub.org\\\/contact\\\/\",\"url\":\"https:\\\/\\\/pxphub.org\\\/contact\\\/\",\"name\":\"Contact - PxP\",\"isPartOf\":{\"@id\":\"https:\\\/\\\/pxphub.org\\\/#website\"},\"primaryImageOfPage\":{\"@id\":\"https:\\\/\\\/pxphub.org\\\/contact\\\/#primaryimage\"},\"image\":{\"@id\":\"https:\\\/\\\/pxphub.org\\\/contact\\\/#primaryimage\"},\"thumbnailUrl\":\"https:\\\/\\\/pxphub.org\\\/wp-content\\\/uploads\\\/2023\\\/07\\\/Contact-Us-PS1200.jpg\",\"datePublished\":\"2023-07-19T22:47:53+00:00\",\"dateModified\":\"2025-12-01T21:15:26+00:00\",\"description\":\"Get in touch with PxP using the form on our website or reach us by email with any questions: contact@pxphub.org\",\"breadcrumb\":{\"@id\":\"https:\\\/\\\/pxphub.org\\\/contact\\\/#breadcrumb\"},\"inLanguage\":\"fr-FR\",\"potentialAction\":[{\"@type\":\"ReadAction\",\"target\":[\"https:\\\/\\\/pxphub.org\\\/contact\\\/\"]}]},{\"@type\":\"ImageObject\",\"inLanguage\":\"fr-FR\",\"@id\":\"https:\\\/\\\/pxphub.org\\\/contact\\\/#primaryimage\",\"url\":\"https:\\\/\\\/pxphub.org\\\/wp-content\\\/uploads\\\/2023\\\/07\\\/Contact-Us-PS1200.jpg\",\"contentUrl\":\"https:\\\/\\\/pxphub.org\\\/wp-content\\\/uploads\\\/2023\\\/07\\\/Contact-Us-PS1200.jpg\"},{\"@type\":\"BreadcrumbList\",\"@id\":\"https:\\\/\\\/pxphub.org\\\/contact\\\/#breadcrumb\",\"itemListElement\":[{\"@type\":\"ListItem\",\"position\":1,\"name\":\"Home\",\"item\":\"https:\\\/\\\/pxphub.org\\\/\"},{\"@type\":\"ListItem\",\"position\":2,\"name\":\"Contact Us\"}]},{\"@type\":\"WebSite\",\"@id\":\"https:\\\/\\\/pxphub.org\\\/#website\",\"url\":\"https:\\\/\\\/pxphub.org\\\/\",\"name\":\"PxP\",\"description\":\"For Patients, By Patients | pour les patients, par les patients\",\"publisher\":{\"@id\":\"https:\\\/\\\/pxphub.org\\\/#organization\"},\"potentialAction\":[{\"@type\":\"SearchAction\",\"target\":{\"@type\":\"EntryPoint\",\"urlTemplate\":\"https:\\\/\\\/pxphub.org\\\/?s={search_term_string}\"},\"query-input\":{\"@type\":\"PropertyValueSpecification\",\"valueRequired\":true,\"valueName\":\"search_term_string\"}}],\"inLanguage\":\"fr-FR\"},{\"@type\":\"Organization\",\"@id\":\"https:\\\/\\\/pxphub.org\\\/#organization\",\"name\":\"PxP\",\"url\":\"https:\\\/\\\/pxphub.org\\\/\",\"logo\":{\"@type\":\"ImageObject\",\"inLanguage\":\"fr-FR\",\"@id\":\"https:\\\/\\\/pxphub.org\\\/#\\\/schema\\\/logo\\\/image\\\/\",\"url\":\"https:\\\/\\\/pxphub.org\\\/wp-content\\\/uploads\\\/2023\\\/06\\\/PxP-Logo-PS900.png\",\"contentUrl\":\"https:\\\/\\\/pxphub.org\\\/wp-content\\\/uploads\\\/2023\\\/06\\\/PxP-Logo-PS900.png\",\"width\":900,\"height\":355,\"caption\":\"PxP\"},\"image\":{\"@id\":\"https:\\\/\\\/pxphub.org\\\/#\\\/schema\\\/logo\\\/image\\\/\"},\"sameAs\":[\"https:\\\/\\\/x.com\\\/PxPHub\",\"https:\\\/\\\/www.instagram.com\\\/PxPHub\\\/\",\"http:\\\/\\\/www.linkedin.com\\\/company\\\/pxphub\"]}]}<\/script>\n<!-- \/ Yoast SEO plugin. -->","yoast_head_json":{"title":"Contact - PxP","description":"Get in touch with PxP using the form on our website or reach us by email with any questions: contact@pxphub.org","robots":{"index":"index","follow":"follow","max-snippet":"max-snippet:-1","max-image-preview":"max-image-preview:large","max-video-preview":"max-video-preview:-1"},"canonical":"https:\/\/pxphub.org\/fr\/contact\/","og_locale":"fr_FR","og_type":"article","og_title":"Contact PxP","og_description":"Get in touch with PxP using the form below or reach us by email: contact@pxphub.org","og_url":"https:\/\/pxphub.org\/fr\/contact\/","og_site_name":"PxP","article_modified_time":"2025-12-01T21:15:26+00:00","og_image":[{"width":800,"height":534,"url":"https:\/\/pxphub.org\/wp-content\/uploads\/2023\/07\/Contact-Us-PS1200-e1707514161486.jpg","type":"image\/jpeg"}],"twitter_card":"summary_large_image","twitter_title":"Contact PxP","twitter_description":"Get in touch with PxP using the form below or reach us by email: contact@pxphub.org","twitter_image":"https:\/\/pxphub.org\/wp-content\/uploads\/2023\/07\/Contact-Us-PS1200-e1707514161486.jpg","twitter_site":"@PxPHub","twitter_misc":{"Dur\u00e9e de lecture estim\u00e9e":"1 minute"},"schema":{"@context":"https:\/\/schema.org","@graph":[{"@type":"WebPage","@id":"https:\/\/pxphub.org\/contact\/","url":"https:\/\/pxphub.org\/contact\/","name":"Contact - PxP","isPartOf":{"@id":"https:\/\/pxphub.org\/#website"},"primaryImageOfPage":{"@id":"https:\/\/pxphub.org\/contact\/#primaryimage"},"image":{"@id":"https:\/\/pxphub.org\/contact\/#primaryimage"},"thumbnailUrl":"https:\/\/pxphub.org\/wp-content\/uploads\/2023\/07\/Contact-Us-PS1200.jpg","datePublished":"2023-07-19T22:47:53+00:00","dateModified":"2025-12-01T21:15:26+00:00","description":"Get in touch with PxP using the form on our website or reach us by email with any questions: contact@pxphub.org","breadcrumb":{"@id":"https:\/\/pxphub.org\/contact\/#breadcrumb"},"inLanguage":"fr-FR","potentialAction":[{"@type":"ReadAction","target":["https:\/\/pxphub.org\/contact\/"]}]},{"@type":"ImageObject","inLanguage":"fr-FR","@id":"https:\/\/pxphub.org\/contact\/#primaryimage","url":"https:\/\/pxphub.org\/wp-content\/uploads\/2023\/07\/Contact-Us-PS1200.jpg","contentUrl":"https:\/\/pxphub.org\/wp-content\/uploads\/2023\/07\/Contact-Us-PS1200.jpg"},{"@type":"BreadcrumbList","@id":"https:\/\/pxphub.org\/contact\/#breadcrumb","itemListElement":[{"@type":"ListItem","position":1,"name":"Home","item":"https:\/\/pxphub.org\/"},{"@type":"ListItem","position":2,"name":"Contact Us"}]},{"@type":"WebSite","@id":"https:\/\/pxphub.org\/#website","url":"https:\/\/pxphub.org\/","name":"PxP :","description":"For Patients, By Patients | pour les patients, par les patients","publisher":{"@id":"https:\/\/pxphub.org\/#organization"},"potentialAction":[{"@type":"SearchAction","target":{"@type":"EntryPoint","urlTemplate":"https:\/\/pxphub.org\/?s={search_term_string}"},"query-input":{"@type":"PropertyValueSpecification","valueRequired":true,"valueName":"search_term_string"}}],"inLanguage":"fr-FR"},{"@type":"Organization","@id":"https:\/\/pxphub.org\/#organization","name":"PxP :","url":"https:\/\/pxphub.org\/","logo":{"@type":"ImageObject","inLanguage":"fr-FR","@id":"https:\/\/pxphub.org\/#\/schema\/logo\/image\/","url":"https:\/\/pxphub.org\/wp-content\/uploads\/2023\/06\/PxP-Logo-PS900.png","contentUrl":"https:\/\/pxphub.org\/wp-content\/uploads\/2023\/06\/PxP-Logo-PS900.png","width":900,"height":355,"caption":"PxP"},"image":{"@id":"https:\/\/pxphub.org\/#\/schema\/logo\/image\/"},"sameAs":["https:\/\/x.com\/PxPHub","https:\/\/www.instagram.com\/PxPHub\/","http:\/\/www.linkedin.com\/company\/pxphub"]}]}},"_links":{"self":[{"href":"https:\/\/pxphub.org\/fr\/wp-json\/wp\/v2\/pages\/30","targetHints":{"allow":["GET"]}}],"collection":[{"href":"https:\/\/pxphub.org\/fr\/wp-json\/wp\/v2\/pages"}],"about":[{"href":"https:\/\/pxphub.org\/fr\/wp-json\/wp\/v2\/types\/page"}],"author":[{"embeddable":true,"href":"https:\/\/pxphub.org\/fr\/wp-json\/wp\/v2\/users\/2"}],"replies":[{"embeddable":true,"href":"https:\/\/pxphub.org\/fr\/wp-json\/wp\/v2\/comments?post=30"}],"version-history":[{"count":5,"href":"https:\/\/pxphub.org\/fr\/wp-json\/wp\/v2\/pages\/30\/revisions"}],"predecessor-version":[{"id":6639,"href":"https:\/\/pxphub.org\/fr\/wp-json\/wp\/v2\/pages\/30\/revisions\/6639"}],"wp:attachment":[{"href":"https:\/\/pxphub.org\/fr\/wp-json\/wp\/v2\/media?parent=30"}],"curies":[{"name":"wp","href":"https:\/\/api.w.org\/{rel}","templated":true}]}}