{"id":365,"date":"2023-07-07T14:43:57","date_gmt":"2023-07-07T21:43:57","guid":{"rendered":"https:\/\/pxphub.org\/?page_id=365"},"modified":"2025-10-27T13:54:05","modified_gmt":"2025-10-27T20:54:05","slug":"faq","status":"publish","type":"page","link":"https:\/\/pxphub.org\/fr\/event\/faq\/","title":{"rendered":"FAQ"},"content":{"rendered":"<h1>\n\t\t\t\u00c9V\u00c9NEMENTS\t<\/h1>\n\t<h2><!--\n\t-->FAQ<!--\t--><!--\n\t-->\n\t<\/h2>\n\t<p>Vous trouverez ci-dessous les r\u00e9ponses \u00e0 certaines des questions les plus fr\u00e9quentes. Au besoin, n\u2019h\u00e9sitez pas \u00e0 envoyer un courriel \u00e0 notre \u00e9quipe \u00e0 <a href=\"mailto:contact@pxphub.org\">contact@pxphub.org<\/a><\/p>\n\t\t\t\t\t\t<h5>Quand se tiendra PxP 2025?<\/h5>\n\t\t\t<p>The PxP (For Patients, By Patients) conference will be September 9-11 (for those in Europe, Africa or North and South America), or 10-12 (Asia and Oceania).<\/p>\n\t\t\t\t\t\t<h5>Pourquoi les plages horaires du jour 3 sont-elles diff\u00e9rentes?<\/h5>\n\t\t\t<p>Nous souhaitons rassembler des personnes du monde entier. Afin de donner la chance \u00e0 tout le monde de se joindre \u00e0 nous en direct, nous commencerons la troisi\u00e8me journ\u00e9e \u00e0 une heure diff\u00e9rente. Chaque fois que vous vous connecterez \u00e0 Zoom durant l\u2019\u00e9v\u00e9nement, le logiciel convertira automatiquement l\u2019heure pour qu\u2019elle corresponde \u00e0 celle de votre fuseau horaire. Pour toute question, n\u2019h\u00e9sitez pas \u00e0 \u00e9crire \u00e0 contact@pxphub.org.<\/p>\n<p>Veuillez prendre note que, m\u00eame si notre comit\u00e9 directeur est compos\u00e9 de membres de divers pays, l\u2019\u00e9quipe des op\u00e9rations est bas\u00e9e dans l\u2019Ouest du Canada.<\/p>\n\t\t\t\t\t\t<h5>Comment obtenir des billets?<\/h5>\n\t\t\t<p>Registration for the annual conference is now closed. To receive updates about future events sign up for our mailing list <a href=\"https:\/\/bit.ly\/PxP-mailing-list\" target=\"_blank\" rel=\"noopener\">ce sujet<\/a>.<\/p>\n\t\t\t\t\t\t<h5>Je ne pourrai pas assister \u00e0 PxP 2025. Est-ce que j\u2019aurai acc\u00e8s \u00e0 des enregistrements?<\/h5>\n\t\t\t<p>Absolutely! Session recordings are available on the PxP website and YouTube channel after the event. Sign up for our <a href=\"http:\/\/Absolutely! We will be hosting all sessions on the PxP website after the event. Sign up for our mailing list &lt;link&gt; to receive updates including when the recordings are ready to view.\" target=\"_blank\" rel=\"noopener\">mailing list<\/a> to receive updates including when the recordings are ready to view.<\/p>\n\t\t\t\t\t\t<h5>La conf\u00e9rence PxP 2025 est-elle une conf\u00e9rence Patients Included\u2122?<\/h5>\n\t\t\t<p class=\"translation-block\">Oui! PxP r\u00e9pond aux cinq crit\u00e8res d\u2019autocertification Patients Included\u2122. Apprenez-en plus <a href=\"https:\/\/pxphub.org\/fr\/event\/patients-included\/\" target=\"_self\">ici <\/a>.<\/p>\n<h2>\n\t\t\tNouvelles et mises \u00e0 jour\t<\/h2>\n\t<p>Pour recevoir des nouvelles et mises \u00e0 jour concernant la conf\u00e9rence PxP.<\/p>\n\t\t\t<a href=\"https:\/\/bit.ly\/PxP-mailing-list\" target=\"_blank\" rel=\"noopener\">\n\t\t\t\t\t\tS\u2019abonner\n\t\t\t\t\t<\/a>","protected":false},"excerpt":{"rendered":"<p>EVENT FAQ Some common FAQs are answered below, but please feel free to reach out to our team: contact@pxphub.org When [&hellip;]<\/p>\n","protected":false},"author":2,"featured_media":0,"parent":63,"menu_order":0,"comment_status":"closed","ping_status":"closed","template":"","meta":{"_relevanssi_hide_post":"","_relevanssi_hide_content":"","_relevanssi_pin_for_all":"","_relevanssi_pin_keywords":"","_relevanssi_unpin_keywords":"","_relevanssi_related_keywords":"","_relevanssi_related_include_ids":"","_relevanssi_related_exclude_ids":"","_relevanssi_related_no_append":"","_relevanssi_related_not_related":"","_relevanssi_related_posts":"","_relevanssi_noindex_reason":"","site-sidebar-layout":"default","site-content-layout":"default","ast-site-content-layout":"default","site-content-style":"default","site-sidebar-style":"default","ast-global-header-display":"","ast-banner-title-visibility":"","ast-main-header-display":"","ast-hfb-above-header-display":"","ast-hfb-below-header-display":"","ast-hfb-mobile-header-display":"","site-post-title":"disabled","ast-breadcrumbs-content":"","ast-featured-img":"","footer-sml-layout":"","ast-disable-related-posts":"","theme-transparent-header-meta":"default","adv-header-id-meta":"","stick-header-meta":"default","header-above-stick-meta":"","header-main-stick-meta":"","header-below-stick-meta":"","astra-migrate-meta-layouts":"default","ast-page-background-enabled":"default","ast-page-background-meta":{"desktop":{"background-color":"","background-image":"","background-repeat":"repeat","background-position":"center center","background-size":"auto","background-attachment":"scroll","background-type":"","background-media":"","overlay-type":"","overlay-color":"","overlay-opacity":"","overlay-gradient":""},"tablet":{"background-color":"","background-image":"","background-repeat":"repeat","background-position":"center center","background-size":"auto","background-attachment":"scroll","background-type":"","background-media":"","overlay-type":"","overlay-color":"","overlay-opacity":"","overlay-gradient":""},"mobile":{"background-color":"","background-image":"","background-repeat":"repeat","background-position":"center center","background-size":"auto","background-attachment":"scroll","background-type":"","background-media":"","overlay-type":"","overlay-color":"","overlay-opacity":"","overlay-gradient":""}},"ast-content-background-meta":{"desktop":{"background-color":"var(--ast-global-color-5)","background-image":"","background-repeat":"repeat","background-position":"center center","background-size":"auto","background-attachment":"scroll","background-type":"","background-media":"","overlay-type":"","overlay-color":"","overlay-opacity":"","overlay-gradient":""},"tablet":{"background-color":"var(--ast-global-color-5)","background-image":"","background-repeat":"repeat","background-position":"center center","background-size":"auto","background-attachment":"scroll","background-type":"","background-media":"","overlay-type":"","overlay-color":"","overlay-opacity":"","overlay-gradient":""},"mobile":{"background-color":"var(--ast-global-color-5)","background-image":"","background-repeat":"repeat","background-position":"center center","background-size":"auto","background-attachment":"scroll","background-type":"","background-media":"","overlay-type":"","overlay-color":"","overlay-opacity":"","overlay-gradient":""}},"footnotes":""},"class_list":["post-365","page","type-page","status-publish","hentry"],"yoast_head":"<!-- This site is optimized with the Yoast SEO plugin v27.3 - https:\/\/yoast.com\/product\/yoast-seo-wordpress\/ -->\n<title>FAQ - PxP<\/title>\n<meta name=\"description\" content=\"Some common FAQs are answered on this page, but please feel free to reach out to our team by email or through our contact form.\" \/>\n<meta name=\"robots\" content=\"index, follow, max-snippet:-1, max-image-preview:large, max-video-preview:-1\" \/>\n<link rel=\"canonical\" href=\"https:\/\/pxphub.org\/fr\/event\/faq\/\" \/>\n<meta property=\"og:locale\" content=\"fr_FR\" \/>\n<meta property=\"og:type\" content=\"article\" \/>\n<meta property=\"og:title\" content=\"FAQ - PxP\" \/>\n<meta property=\"og:description\" content=\"Some common FAQs are answered on this page, but please feel free to reach out to our team by email or through our contact form.\" \/>\n<meta property=\"og:url\" content=\"https:\/\/pxphub.org\/fr\/event\/faq\/\" \/>\n<meta property=\"og:site_name\" content=\"PxP\" \/>\n<meta property=\"article:modified_time\" content=\"2025-10-27T20:54:05+00:00\" \/>\n<meta name=\"twitter:card\" content=\"summary_large_image\" \/>\n<meta name=\"twitter:site\" content=\"@PxPHub\" \/>\n<meta name=\"twitter:label1\" content=\"Dur\u00e9e de lecture estim\u00e9e\" \/>\n\t<meta name=\"twitter:data1\" content=\"2 minutes\" \/>\n<script type=\"application\/ld+json\" class=\"yoast-schema-graph\">{\"@context\":\"https:\\\/\\\/schema.org\",\"@graph\":[{\"@type\":\"WebPage\",\"@id\":\"https:\\\/\\\/pxphub.org\\\/event\\\/faq\\\/\",\"url\":\"https:\\\/\\\/pxphub.org\\\/event\\\/faq\\\/\",\"name\":\"FAQ - PxP\",\"isPartOf\":{\"@id\":\"https:\\\/\\\/pxphub.org\\\/#website\"},\"datePublished\":\"2023-07-07T21:43:57+00:00\",\"dateModified\":\"2025-10-27T20:54:05+00:00\",\"description\":\"Some common FAQs are answered on this page, but please feel free to reach out to our team by email or through our contact form.\",\"breadcrumb\":{\"@id\":\"https:\\\/\\\/pxphub.org\\\/event\\\/faq\\\/#breadcrumb\"},\"inLanguage\":\"fr-FR\",\"potentialAction\":[{\"@type\":\"ReadAction\",\"target\":[\"https:\\\/\\\/pxphub.org\\\/event\\\/faq\\\/\"]}]},{\"@type\":\"BreadcrumbList\",\"@id\":\"https:\\\/\\\/pxphub.org\\\/event\\\/faq\\\/#breadcrumb\",\"itemListElement\":[{\"@type\":\"ListItem\",\"position\":1,\"name\":\"Home\",\"item\":\"https:\\\/\\\/pxphub.org\\\/\"},{\"@type\":\"ListItem\",\"position\":2,\"name\":\"Event\",\"item\":\"https:\\\/\\\/pxphub.org\\\/event\\\/\"},{\"@type\":\"ListItem\",\"position\":3,\"name\":\"FAQ\"}]},{\"@type\":\"WebSite\",\"@id\":\"https:\\\/\\\/pxphub.org\\\/#website\",\"url\":\"https:\\\/\\\/pxphub.org\\\/\",\"name\":\"PxP\",\"description\":\"For Patients, By Patients | pour les patients, par les patients\",\"publisher\":{\"@id\":\"https:\\\/\\\/pxphub.org\\\/#organization\"},\"potentialAction\":[{\"@type\":\"SearchAction\",\"target\":{\"@type\":\"EntryPoint\",\"urlTemplate\":\"https:\\\/\\\/pxphub.org\\\/?s={search_term_string}\"},\"query-input\":{\"@type\":\"PropertyValueSpecification\",\"valueRequired\":true,\"valueName\":\"search_term_string\"}}],\"inLanguage\":\"fr-FR\"},{\"@type\":\"Organization\",\"@id\":\"https:\\\/\\\/pxphub.org\\\/#organization\",\"name\":\"PxP\",\"url\":\"https:\\\/\\\/pxphub.org\\\/\",\"logo\":{\"@type\":\"ImageObject\",\"inLanguage\":\"fr-FR\",\"@id\":\"https:\\\/\\\/pxphub.org\\\/#\\\/schema\\\/logo\\\/image\\\/\",\"url\":\"https:\\\/\\\/pxphub.org\\\/wp-content\\\/uploads\\\/2023\\\/06\\\/PxP-Logo-PS900.png\",\"contentUrl\":\"https:\\\/\\\/pxphub.org\\\/wp-content\\\/uploads\\\/2023\\\/06\\\/PxP-Logo-PS900.png\",\"width\":900,\"height\":355,\"caption\":\"PxP\"},\"image\":{\"@id\":\"https:\\\/\\\/pxphub.org\\\/#\\\/schema\\\/logo\\\/image\\\/\"},\"sameAs\":[\"https:\\\/\\\/x.com\\\/PxPHub\",\"https:\\\/\\\/www.instagram.com\\\/PxPHub\\\/\",\"http:\\\/\\\/www.linkedin.com\\\/company\\\/pxphub\"]}]}<\/script>\n<!-- \/ Yoast SEO plugin. -->","yoast_head_json":{"title":"FAQ - PxP","description":"Some common FAQs are answered on this page, but please feel free to reach out to our team by email or through our contact form.","robots":{"index":"index","follow":"follow","max-snippet":"max-snippet:-1","max-image-preview":"max-image-preview:large","max-video-preview":"max-video-preview:-1"},"canonical":"https:\/\/pxphub.org\/fr\/event\/faq\/","og_locale":"fr_FR","og_type":"article","og_title":"FAQ - PxP","og_description":"Some common FAQs are answered on this page, but please feel free to reach out to our team by email or through our contact form.","og_url":"https:\/\/pxphub.org\/fr\/event\/faq\/","og_site_name":"PxP","article_modified_time":"2025-10-27T20:54:05+00:00","twitter_card":"summary_large_image","twitter_site":"@PxPHub","twitter_misc":{"Dur\u00e9e de lecture estim\u00e9e":"2 minutes"},"schema":{"@context":"https:\/\/schema.org","@graph":[{"@type":"WebPage","@id":"https:\/\/pxphub.org\/event\/faq\/","url":"https:\/\/pxphub.org\/event\/faq\/","name":"FAQ - PxP","isPartOf":{"@id":"https:\/\/pxphub.org\/#website"},"datePublished":"2023-07-07T21:43:57+00:00","dateModified":"2025-10-27T20:54:05+00:00","description":"Some common FAQs are answered on this page, but please feel free to reach out to our team by email or through our contact form.","breadcrumb":{"@id":"https:\/\/pxphub.org\/event\/faq\/#breadcrumb"},"inLanguage":"fr-FR","potentialAction":[{"@type":"ReadAction","target":["https:\/\/pxphub.org\/event\/faq\/"]}]},{"@type":"BreadcrumbList","@id":"https:\/\/pxphub.org\/event\/faq\/#breadcrumb","itemListElement":[{"@type":"ListItem","position":1,"name":"Home","item":"https:\/\/pxphub.org\/"},{"@type":"ListItem","position":2,"name":"Event","item":"https:\/\/pxphub.org\/event\/"},{"@type":"ListItem","position":3,"name":"FAQ"}]},{"@type":"WebSite","@id":"https:\/\/pxphub.org\/#website","url":"https:\/\/pxphub.org\/","name":"PxP :","description":"For Patients, By Patients | pour les patients, par les patients","publisher":{"@id":"https:\/\/pxphub.org\/#organization"},"potentialAction":[{"@type":"SearchAction","target":{"@type":"EntryPoint","urlTemplate":"https:\/\/pxphub.org\/?s={search_term_string}"},"query-input":{"@type":"PropertyValueSpecification","valueRequired":true,"valueName":"search_term_string"}}],"inLanguage":"fr-FR"},{"@type":"Organization","@id":"https:\/\/pxphub.org\/#organization","name":"PxP :","url":"https:\/\/pxphub.org\/","logo":{"@type":"ImageObject","inLanguage":"fr-FR","@id":"https:\/\/pxphub.org\/#\/schema\/logo\/image\/","url":"https:\/\/pxphub.org\/wp-content\/uploads\/2023\/06\/PxP-Logo-PS900.png","contentUrl":"https:\/\/pxphub.org\/wp-content\/uploads\/2023\/06\/PxP-Logo-PS900.png","width":900,"height":355,"caption":"PxP"},"image":{"@id":"https:\/\/pxphub.org\/#\/schema\/logo\/image\/"},"sameAs":["https:\/\/x.com\/PxPHub","https:\/\/www.instagram.com\/PxPHub\/","http:\/\/www.linkedin.com\/company\/pxphub"]}]}},"_links":{"self":[{"href":"https:\/\/pxphub.org\/fr\/wp-json\/wp\/v2\/pages\/365","targetHints":{"allow":["GET"]}}],"collection":[{"href":"https:\/\/pxphub.org\/fr\/wp-json\/wp\/v2\/pages"}],"about":[{"href":"https:\/\/pxphub.org\/fr\/wp-json\/wp\/v2\/types\/page"}],"author":[{"embeddable":true,"href":"https:\/\/pxphub.org\/fr\/wp-json\/wp\/v2\/users\/2"}],"replies":[{"embeddable":true,"href":"https:\/\/pxphub.org\/fr\/wp-json\/wp\/v2\/comments?post=365"}],"version-history":[{"count":5,"href":"https:\/\/pxphub.org\/fr\/wp-json\/wp\/v2\/pages\/365\/revisions"}],"predecessor-version":[{"id":6462,"href":"https:\/\/pxphub.org\/fr\/wp-json\/wp\/v2\/pages\/365\/revisions\/6462"}],"up":[{"embeddable":true,"href":"https:\/\/pxphub.org\/fr\/wp-json\/wp\/v2\/pages\/63"}],"wp:attachment":[{"href":"https:\/\/pxphub.org\/fr\/wp-json\/wp\/v2\/media?parent=365"}],"curies":[{"name":"wp","href":"https:\/\/api.w.org\/{rel}","templated":true}]}}