{"id":376,"date":"2023-07-07T14:53:56","date_gmt":"2023-07-07T21:53:56","guid":{"rendered":"https:\/\/pxphub.org\/?page_id=376"},"modified":"2025-10-27T14:40:39","modified_gmt":"2025-10-27T21:40:39","slug":"patients-included","status":"publish","type":"page","link":"https:\/\/pxphub.org\/fr\/event\/patients-included\/","title":{"rendered":"Patients Included"},"content":{"rendered":"<h1>\u00c9V\u00c9NEMENTS<\/h1>\r\n<h2><!--\r\n\t-->Patients Included\u2122<!--\t--><!--\r\n\t--><\/h2>\r\n<p>PxP 2025 is a Patients Included\u2122 event. In line with their guidance, we are sharing how we meet each of the five criteria. You can read more about Patients Included\u2122 on their <a href=\"https:\/\/patientsincluded.org\/conferences\/\" data-uw-rm-brl=\"PR\" data-uw-original-href=\"https:\/\/patientsincluded.org\/conferences\/\">website<\/a>.<\/p>\r\n<p><img loading=\"lazy\" decoding=\"async\" title=\"PI-Logo-v2-PS800\" src=\"https:\/\/pxphub.org\/wp-content\/uploads\/2023\/07\/PI-Logo-v2-PS800.png\" alt=\"The Patients Included \u2122 logo which is a black square with red and white text and a red tick mark.\" width=\"800\" height=\"509\" \/><\/p>\r\n<h2>Cinq clauses de la charte sur les conf\u00e9rences<\/h2>\r\n<p>Voici les cinq clauses de la charte sur les conf\u00e9rences telles qu\u2019\u00e9nonc\u00e9es sur le site de Patients Included\u2122, et les justifications de PxP :<\/p>\r\n<ol>\r\n<li>Patients or caregivers with experience relevant to the conference&#8217;s central theme actively participate in the design and planning of the event, including the selection of themes, topics and speakers.<\/li>\r\n<\/ol>\r\n<p>PxP 2025 has been led by an international <a href=\"https:\/\/pxphub.org\/fr\/event\/steering-committee-2025\/\" data-uw-rm-brl=\"PR\" data-uw-original-href=\"https:\/\/pxphub.org\/event\/steering-committee\/\">steering committee<\/a> of individuals with lived experience. The steering committee has been involved in all stages of the design, planning and implementation of the event through virtual monthly meetings and regular email correspondence. Every item included on the event program or in the resource hub has been selected by members of this steering committee or others with lived experience. We are also very grateful to the committee for their input on all elements of the event ranging from event name, tagline and logo design to recommended speakers.<\/p>\r\n<ol start=\"2\">\r\n<li class=\"translation-block\"><ol start=\"2\"><li>Les patients et les soignants ayant de l\u2019exp\u00e9rience dans les th\u00e8mes trait\u00e9s lors de l\u2019\u00e9v\u00e9nement prennent part<sup>2<\/sup> \u00e0 sa r\u00e9alisation et y assistent.<\/li><\/ol><\/li>\r\n<\/ol>\r\n<p>Les personnes ayant une exp\u00e9rience v\u00e9cue sont incluses dans les discussions de groupe, les animations et les pr\u00e9sentations pr\u00e9vues au programme. L\u2019\u00e9v\u00e9nement s\u2019adresse principalement \u00e0 un public compos\u00e9 de patients partenaires, de soignants, de familles de patients et d\u2019autres personnes ayant une exp\u00e9rience v\u00e9cue. Nous l\u2019avons d\u2019ailleurs soulign\u00e9 sur le site Web de PxP et sur les m\u00e9dias sociaux. Toutefois, les cliniciens, les chercheurs et tous ceux qui s\u2019int\u00e9ressent \u00e0 la participation des patients sont aussi les bienvenus \u00e0 l\u2019\u00e9v\u00e9nement; ils ne repr\u00e9sentent cependant pas le public cible.<\/p>\r\n<ol start=\"3\">\r\n<li class=\"translation-block\"><ol start=\"3\"><li>Les frais de d\u00e9placement et d\u2019h\u00e9bergement des patients et des soignants dont la participation est annonc\u00e9e au programme doivent \u00eatre rembours\u00e9s en totalit\u00e9 avant l\u2019\u00e9v\u00e9nement. Des bourses<sup>3<\/sup> sont offertes par les organisateurs aux patients et soignants touch\u00e9s par les th\u00e8mes trait\u00e9s pour qu\u2019ils puissent assister \u00e0 l\u2019\u00e9v\u00e9nement en tant que d\u00e9l\u00e9gu\u00e9s.<\/li><\/ol><\/li>\r\n<\/ol>\r\n<p>L\u2019\u00e9v\u00e9nement est gratuit et ouvert \u00e0 tous. Le programme est offert enti\u00e8rement en ligne, ce qui permet d\u2019\u00e9viter les frais de d\u00e9placement et d\u2019h\u00e9bergement. Des honoraires sont vers\u00e9s \u00e0 tous les conf\u00e9renciers, animateurs et membres du comit\u00e9 directeur.<\/p>\r\n<ol start=\"4\">\r\n<li class=\"translation-block\"><ol start=\"4\"><li>Des mesures d\u2019accommodement sont prises pour les participants pr\u00e9sentant un handicap<sup>4<\/sup>. Toutes les activit\u00e9s et les r\u00e9unions annexes et tous les ateliers et les points au programme doivent \u00eatre adapt\u00e9s pour les patients d\u00e9l\u00e9gu\u00e9s.<\/li><\/ol><\/li>\r\n<\/ol>\r\n<p>Une attention particuli\u00e8re a \u00e9t\u00e9 port\u00e9e \u00e0 l\u2019optimisation de l\u2019accessibilit\u00e9 de l\u2019interface du site Web lors de son d\u00e9veloppement. De plus, le widget UserWay permet \u00e0 l\u2019utilisateur de configurer plusieurs param\u00e8tres pour rendre l\u2019interface plus adapt\u00e9e \u00e0 toutes sortes de handicaps et de types de neurodivergence. Si une personne a besoin d\u2019aide suppl\u00e9mentaire, elle est invit\u00e9e \u00e0 communiquer avec l\u2019\u00e9quipe de PxP, qui l\u2019assistera au mieux de ses capacit\u00e9s. L\u2019\u00e9v\u00e9nement se tiendra enti\u00e8rement en ligne sur la plateforme Zoom, qui permet de b\u00e9n\u00e9ficier d\u2019un sous-titrage cod\u00e9 et d\u2019une traduction simultan\u00e9e en plusieurs langues. Les activit\u00e9s seront enregistr\u00e9es et pourront \u00eatre visionn\u00e9es apr\u00e8s l\u2019\u00e9v\u00e9nement par les personnes qui ne pouvaient pas \u00eatre pr\u00e9sentes. Lors de leur inscription, les personnes participantes pourront signaler toute mesure d\u2019accommodement qui leur serait n\u00e9cessaire pour profiter pleinement de l\u2019\u00e9v\u00e9nement. L\u2019\u00e9quipe de PxP fera de son mieux pour combler ces besoins le plus rapidement possible.<\/p>\r\n<ol start=\"5\">\r\n<li class=\"translation-block\"><ol start=\"5\"><li>La participation virtuelle est facilit\u00e9e<sup>5<\/sup> par une diffusion vid\u00e9o en continu gratuite offerte sur les plateformes disponibles.<\/li><\/ol><\/li>\r\n<\/ol>\r\n<p>Le programme est offert enti\u00e8rement en ligne et est donc adapt\u00e9 pour les participants assistant \u00e0 l\u2019\u00e9v\u00e9nement en direct gr\u00e2ce \u00e0 la diffusion vid\u00e9o en continu, et ce, gratuitement. Les activit\u00e9s seront aussi enregistr\u00e9es et rendues disponibles sur le site Web de PxP apr\u00e8s l\u2019\u00e9v\u00e9nement.<\/p>\r\n<h2>Notes de bas de page telles qu\u2019\u00e9num\u00e9r\u00e9es sur le site de Patients Included\u2122 :<\/h2>\r\n<ol>\r\n<li>Rencontre ou \u00e9v\u00e9nement organis\u00e9 par une entit\u00e9 commerciale, un fournisseur de soins, une soci\u00e9t\u00e9, une association, une organisation ou une autorit\u00e9 gouvernementale.<\/li>\r\n<li>En tant que conf\u00e9rencier, animateur, pan\u00e9liste, animateur d\u2019atelier ou participant remplissant tout autre r\u00f4le officiel.<\/li>\r\n<li>Un minimum de deux bourses sont octroy\u00e9es avant l\u2019\u00e9v\u00e9nement et couvrent \u00e0 l\u2019avance les frais d\u2019inscription, de d\u00e9placement et d\u2019h\u00e9bergement en totalit\u00e9 pour deux patients ou soignants d\u00e9l\u00e9gu\u00e9s.<\/li>\r\n<li>Dans la mesure du possible. Voici quelques exemples d\u2019accommodement : pr\u00e9voir un certain nombre de fauteuils roulants et une rang\u00e9e vide \u00e0 l\u2019avant pour les personnes qui les utilisent, des bureaux debout, des guides sensoriels, des boucles \u00e0 induction magn\u00e9tique, des vid\u00e9os sous-titr\u00e9es et des aires de repos.<\/li>\r\n<li>Que ce soit avant, pendant ou apr\u00e8s l\u2019\u00e9v\u00e9nement. Voici des exemples de moyens : inviter de fa\u00e7on proactive les personnes qui participent en ligne \u00e0 poser leurs questions et \u00e0 publier leurs commentaires sur les m\u00e9dias sociaux, cr\u00e9er un mot-clic annonc\u00e9 en amont et rendre les enregistrements disponibles et t\u00e9l\u00e9chargeables gratuitement.<\/li>\r\n<li>Patients Included\u2122 est une marque de commerce de REshape &amp; Innovation Center.<\/li>\r\n<li>It is suggested this information be included on the event&#8217;s website and programme.<\/li>\r\n<\/ol>","protected":false},"excerpt":{"rendered":"<p>EVENT Patients Included\u2122 PxP 2025 is a Patients Included\u2122 event. In line with their guidance, we are sharing how we [&hellip;]<\/p>\n","protected":false},"author":2,"featured_media":0,"parent":63,"menu_order":0,"comment_status":"closed","ping_status":"closed","template":"","meta":{"_relevanssi_hide_post":"","_relevanssi_hide_content":"","_relevanssi_pin_for_all":"","_relevanssi_pin_keywords":"","_relevanssi_unpin_keywords":"","_relevanssi_related_keywords":"","_relevanssi_related_include_ids":"","_relevanssi_related_exclude_ids":"","_relevanssi_related_no_append":"","_relevanssi_related_not_related":"","_relevanssi_related_posts":"","_relevanssi_noindex_reason":"","site-sidebar-layout":"no-sidebar","site-content-layout":"page-builder","ast-site-content-layout":"full-width-container","site-content-style":"unboxed","site-sidebar-style":"unboxed","ast-global-header-display":"","ast-banner-title-visibility":"","ast-main-header-display":"","ast-hfb-above-header-display":"","ast-hfb-below-header-display":"","ast-hfb-mobile-header-display":"","site-post-title":"disabled","ast-breadcrumbs-content":"","ast-featured-img":"disabled","footer-sml-layout":"","ast-disable-related-posts":"","theme-transparent-header-meta":"default","adv-header-id-meta":"","stick-header-meta":"default","header-above-stick-meta":"","header-main-stick-meta":"","header-below-stick-meta":"","astra-migrate-meta-layouts":"set","ast-page-background-enabled":"default","ast-page-background-meta":{"desktop":{"background-color":"","background-image":"","background-repeat":"repeat","background-position":"center center","background-size":"auto","background-attachment":"scroll","background-type":"","background-media":"","overlay-type":"","overlay-color":"","overlay-opacity":"","overlay-gradient":""},"tablet":{"background-color":"","background-image":"","background-repeat":"repeat","background-position":"center center","background-size":"auto","background-attachment":"scroll","background-type":"","background-media":"","overlay-type":"","overlay-color":"","overlay-opacity":"","overlay-gradient":""},"mobile":{"background-color":"","background-image":"","background-repeat":"repeat","background-position":"center center","background-size":"auto","background-attachment":"scroll","background-type":"","background-media":"","overlay-type":"","overlay-color":"","overlay-opacity":"","overlay-gradient":""}},"ast-content-background-meta":{"desktop":{"background-color":"var(--ast-global-color-5)","background-image":"","background-repeat":"repeat","background-position":"center center","background-size":"auto","background-attachment":"scroll","background-type":"","background-media":"","overlay-type":"","overlay-color":"","overlay-opacity":"","overlay-gradient":""},"tablet":{"background-color":"var(--ast-global-color-5)","background-image":"","background-repeat":"repeat","background-position":"center center","background-size":"auto","background-attachment":"scroll","background-type":"","background-media":"","overlay-type":"","overlay-color":"","overlay-opacity":"","overlay-gradient":""},"mobile":{"background-color":"var(--ast-global-color-5)","background-image":"","background-repeat":"repeat","background-position":"center center","background-size":"auto","background-attachment":"scroll","background-type":"","background-media":"","overlay-type":"","overlay-color":"","overlay-opacity":"","overlay-gradient":""}},"footnotes":""},"class_list":["post-376","page","type-page","status-publish","hentry"],"yoast_head":"<!-- This site is optimized with the Yoast SEO plugin v27.3 - https:\/\/yoast.com\/product\/yoast-seo-wordpress\/ -->\n<title>Patients Included - PxP<\/title>\n<meta name=\"description\" content=\"PxP conference is a Patients Included\u2122 event. In line with their guidance, we are sharing how we meet each of the five criteria...\" \/>\n<meta name=\"robots\" content=\"index, follow, max-snippet:-1, max-image-preview:large, max-video-preview:-1\" \/>\n<link rel=\"canonical\" href=\"https:\/\/pxphub.org\/fr\/event\/patients-included\/\" \/>\n<meta property=\"og:locale\" content=\"fr_FR\" \/>\n<meta property=\"og:type\" content=\"article\" \/>\n<meta property=\"og:title\" content=\"Patients Included - PxP\" \/>\n<meta property=\"og:description\" content=\"PxP conference is a Patients Included\u2122 event. In line with their guidance, we are sharing how we meet each of the five criteria...\" \/>\n<meta property=\"og:url\" content=\"https:\/\/pxphub.org\/fr\/event\/patients-included\/\" \/>\n<meta property=\"og:site_name\" content=\"PxP\" \/>\n<meta property=\"article:modified_time\" content=\"2025-10-27T21:40:39+00:00\" \/>\n<meta property=\"og:image\" content=\"https:\/\/pxphub.org\/wp-content\/uploads\/2023\/07\/PI-Logo-v2-PS800.png\" \/>\n<meta name=\"twitter:card\" content=\"summary_large_image\" \/>\n<meta name=\"twitter:site\" content=\"@PxPHub\" \/>\n<meta name=\"twitter:label1\" content=\"Dur\u00e9e de lecture estim\u00e9e\" \/>\n\t<meta name=\"twitter:data1\" content=\"4 minutes\" \/>\n<script type=\"application\/ld+json\" class=\"yoast-schema-graph\">{\"@context\":\"https:\\\/\\\/schema.org\",\"@graph\":[{\"@type\":\"WebPage\",\"@id\":\"https:\\\/\\\/pxphub.org\\\/event\\\/patients-included\\\/\",\"url\":\"https:\\\/\\\/pxphub.org\\\/event\\\/patients-included\\\/\",\"name\":\"Patients Included - PxP\",\"isPartOf\":{\"@id\":\"https:\\\/\\\/pxphub.org\\\/#website\"},\"primaryImageOfPage\":{\"@id\":\"https:\\\/\\\/pxphub.org\\\/event\\\/patients-included\\\/#primaryimage\"},\"image\":{\"@id\":\"https:\\\/\\\/pxphub.org\\\/event\\\/patients-included\\\/#primaryimage\"},\"thumbnailUrl\":\"https:\\\/\\\/pxphub.org\\\/wp-content\\\/uploads\\\/2023\\\/07\\\/PI-Logo-v2-PS800.png\",\"datePublished\":\"2023-07-07T21:53:56+00:00\",\"dateModified\":\"2025-10-27T21:40:39+00:00\",\"description\":\"PxP conference is a Patients Included\u2122 event. In line with their guidance, we are sharing how we meet each of the five criteria...\",\"breadcrumb\":{\"@id\":\"https:\\\/\\\/pxphub.org\\\/event\\\/patients-included\\\/#breadcrumb\"},\"inLanguage\":\"fr-FR\",\"potentialAction\":[{\"@type\":\"ReadAction\",\"target\":[\"https:\\\/\\\/pxphub.org\\\/event\\\/patients-included\\\/\"]}]},{\"@type\":\"ImageObject\",\"inLanguage\":\"fr-FR\",\"@id\":\"https:\\\/\\\/pxphub.org\\\/event\\\/patients-included\\\/#primaryimage\",\"url\":\"https:\\\/\\\/pxphub.org\\\/wp-content\\\/uploads\\\/2023\\\/07\\\/PI-Logo-v2-PS800.png\",\"contentUrl\":\"https:\\\/\\\/pxphub.org\\\/wp-content\\\/uploads\\\/2023\\\/07\\\/PI-Logo-v2-PS800.png\"},{\"@type\":\"BreadcrumbList\",\"@id\":\"https:\\\/\\\/pxphub.org\\\/event\\\/patients-included\\\/#breadcrumb\",\"itemListElement\":[{\"@type\":\"ListItem\",\"position\":1,\"name\":\"Home\",\"item\":\"https:\\\/\\\/pxphub.org\\\/\"},{\"@type\":\"ListItem\",\"position\":2,\"name\":\"Event\",\"item\":\"https:\\\/\\\/pxphub.org\\\/event\\\/\"},{\"@type\":\"ListItem\",\"position\":3,\"name\":\"Patients Included\"}]},{\"@type\":\"WebSite\",\"@id\":\"https:\\\/\\\/pxphub.org\\\/#website\",\"url\":\"https:\\\/\\\/pxphub.org\\\/\",\"name\":\"PxP\",\"description\":\"For Patients, By Patients | pour les patients, par les patients\",\"publisher\":{\"@id\":\"https:\\\/\\\/pxphub.org\\\/#organization\"},\"potentialAction\":[{\"@type\":\"SearchAction\",\"target\":{\"@type\":\"EntryPoint\",\"urlTemplate\":\"https:\\\/\\\/pxphub.org\\\/?s={search_term_string}\"},\"query-input\":{\"@type\":\"PropertyValueSpecification\",\"valueRequired\":true,\"valueName\":\"search_term_string\"}}],\"inLanguage\":\"fr-FR\"},{\"@type\":\"Organization\",\"@id\":\"https:\\\/\\\/pxphub.org\\\/#organization\",\"name\":\"PxP\",\"url\":\"https:\\\/\\\/pxphub.org\\\/\",\"logo\":{\"@type\":\"ImageObject\",\"inLanguage\":\"fr-FR\",\"@id\":\"https:\\\/\\\/pxphub.org\\\/#\\\/schema\\\/logo\\\/image\\\/\",\"url\":\"https:\\\/\\\/pxphub.org\\\/wp-content\\\/uploads\\\/2023\\\/06\\\/PxP-Logo-PS900.png\",\"contentUrl\":\"https:\\\/\\\/pxphub.org\\\/wp-content\\\/uploads\\\/2023\\\/06\\\/PxP-Logo-PS900.png\",\"width\":900,\"height\":355,\"caption\":\"PxP\"},\"image\":{\"@id\":\"https:\\\/\\\/pxphub.org\\\/#\\\/schema\\\/logo\\\/image\\\/\"},\"sameAs\":[\"https:\\\/\\\/x.com\\\/PxPHub\",\"https:\\\/\\\/www.instagram.com\\\/PxPHub\\\/\",\"http:\\\/\\\/www.linkedin.com\\\/company\\\/pxphub\"]}]}<\/script>\n<!-- \/ Yoast SEO plugin. -->","yoast_head_json":{"title":"Patients Included - PxP","description":"PxP conference is a Patients Included\u2122 event. In line with their guidance, we are sharing how we meet each of the five criteria...","robots":{"index":"index","follow":"follow","max-snippet":"max-snippet:-1","max-image-preview":"max-image-preview:large","max-video-preview":"max-video-preview:-1"},"canonical":"https:\/\/pxphub.org\/fr\/event\/patients-included\/","og_locale":"fr_FR","og_type":"article","og_title":"Patients Included - PxP","og_description":"PxP conference is a Patients Included\u2122 event. In line with their guidance, we are sharing how we meet each of the five criteria...","og_url":"https:\/\/pxphub.org\/fr\/event\/patients-included\/","og_site_name":"PxP","article_modified_time":"2025-10-27T21:40:39+00:00","og_image":[{"url":"https:\/\/pxphub.org\/wp-content\/uploads\/2023\/07\/PI-Logo-v2-PS800.png","type":"","width":"","height":""}],"twitter_card":"summary_large_image","twitter_site":"@PxPHub","twitter_misc":{"Dur\u00e9e de lecture estim\u00e9e":"4 minutes"},"schema":{"@context":"https:\/\/schema.org","@graph":[{"@type":"WebPage","@id":"https:\/\/pxphub.org\/event\/patients-included\/","url":"https:\/\/pxphub.org\/event\/patients-included\/","name":"Patients Included - PxP","isPartOf":{"@id":"https:\/\/pxphub.org\/#website"},"primaryImageOfPage":{"@id":"https:\/\/pxphub.org\/event\/patients-included\/#primaryimage"},"image":{"@id":"https:\/\/pxphub.org\/event\/patients-included\/#primaryimage"},"thumbnailUrl":"https:\/\/pxphub.org\/wp-content\/uploads\/2023\/07\/PI-Logo-v2-PS800.png","datePublished":"2023-07-07T21:53:56+00:00","dateModified":"2025-10-27T21:40:39+00:00","description":"PxP conference is a Patients Included\u2122 event. In line with their guidance, we are sharing how we meet each of the five criteria...","breadcrumb":{"@id":"https:\/\/pxphub.org\/event\/patients-included\/#breadcrumb"},"inLanguage":"fr-FR","potentialAction":[{"@type":"ReadAction","target":["https:\/\/pxphub.org\/event\/patients-included\/"]}]},{"@type":"ImageObject","inLanguage":"fr-FR","@id":"https:\/\/pxphub.org\/event\/patients-included\/#primaryimage","url":"https:\/\/pxphub.org\/wp-content\/uploads\/2023\/07\/PI-Logo-v2-PS800.png","contentUrl":"https:\/\/pxphub.org\/wp-content\/uploads\/2023\/07\/PI-Logo-v2-PS800.png"},{"@type":"BreadcrumbList","@id":"https:\/\/pxphub.org\/event\/patients-included\/#breadcrumb","itemListElement":[{"@type":"ListItem","position":1,"name":"Home","item":"https:\/\/pxphub.org\/"},{"@type":"ListItem","position":2,"name":"Event","item":"https:\/\/pxphub.org\/event\/"},{"@type":"ListItem","position":3,"name":"Patients Included"}]},{"@type":"WebSite","@id":"https:\/\/pxphub.org\/#website","url":"https:\/\/pxphub.org\/","name":"PxP :","description":"For Patients, By Patients | pour les patients, par les patients","publisher":{"@id":"https:\/\/pxphub.org\/#organization"},"potentialAction":[{"@type":"SearchAction","target":{"@type":"EntryPoint","urlTemplate":"https:\/\/pxphub.org\/?s={search_term_string}"},"query-input":{"@type":"PropertyValueSpecification","valueRequired":true,"valueName":"search_term_string"}}],"inLanguage":"fr-FR"},{"@type":"Organization","@id":"https:\/\/pxphub.org\/#organization","name":"PxP :","url":"https:\/\/pxphub.org\/","logo":{"@type":"ImageObject","inLanguage":"fr-FR","@id":"https:\/\/pxphub.org\/#\/schema\/logo\/image\/","url":"https:\/\/pxphub.org\/wp-content\/uploads\/2023\/06\/PxP-Logo-PS900.png","contentUrl":"https:\/\/pxphub.org\/wp-content\/uploads\/2023\/06\/PxP-Logo-PS900.png","width":900,"height":355,"caption":"PxP"},"image":{"@id":"https:\/\/pxphub.org\/#\/schema\/logo\/image\/"},"sameAs":["https:\/\/x.com\/PxPHub","https:\/\/www.instagram.com\/PxPHub\/","http:\/\/www.linkedin.com\/company\/pxphub"]}]}},"_links":{"self":[{"href":"https:\/\/pxphub.org\/fr\/wp-json\/wp\/v2\/pages\/376","targetHints":{"allow":["GET"]}}],"collection":[{"href":"https:\/\/pxphub.org\/fr\/wp-json\/wp\/v2\/pages"}],"about":[{"href":"https:\/\/pxphub.org\/fr\/wp-json\/wp\/v2\/types\/page"}],"author":[{"embeddable":true,"href":"https:\/\/pxphub.org\/fr\/wp-json\/wp\/v2\/users\/2"}],"replies":[{"embeddable":true,"href":"https:\/\/pxphub.org\/fr\/wp-json\/wp\/v2\/comments?post=376"}],"version-history":[{"count":5,"href":"https:\/\/pxphub.org\/fr\/wp-json\/wp\/v2\/pages\/376\/revisions"}],"predecessor-version":[{"id":6504,"href":"https:\/\/pxphub.org\/fr\/wp-json\/wp\/v2\/pages\/376\/revisions\/6504"}],"up":[{"embeddable":true,"href":"https:\/\/pxphub.org\/fr\/wp-json\/wp\/v2\/pages\/63"}],"wp:attachment":[{"href":"https:\/\/pxphub.org\/fr\/wp-json\/wp\/v2\/media?parent=376"}],"curies":[{"name":"wp","href":"https:\/\/api.w.org\/{rel}","templated":true}]}}