{"id":5191,"date":"2025-06-12T16:10:38","date_gmt":"2025-06-12T23:10:38","guid":{"rendered":"https:\/\/pxphub.org\/?page_id=5191"},"modified":"2025-10-27T14:01:40","modified_gmt":"2025-10-27T21:01:40","slug":"pxp-2025-social-media-images","status":"publish","type":"page","link":"https:\/\/pxphub.org\/fr\/pxp-2025-social-media-images\/","title":{"rendered":"PxP 2025 Social Media Images"},"content":{"rendered":"<h1>PxP 2025 Social Media Images to Download and Share<\/h1>\r\n<p>The conference dates are September 9-12, 2025. Depending on where you are in the world, the sessions will be September 9-11 (for those in Europe, Africa or North, Central and South America) or September 10-12 (for those in Asia and Oceania). Images are provided below to be inclusive of all time-zones. Click on the download button to the right of each item. More resources will be added over the coming weeks.<\/p>\r\n<h2>PxP 2025 Poster and Information Booklet<\/h2>\r\n<p><a href=\"https:\/\/pxphub.org\/wp-content\/uploads\/2025\/07\/PxP-2025-Poster.png\" target=\"_self\"> <img loading=\"lazy\" decoding=\"async\" title=\"PxP 2025 Poster\" src=\"https:\/\/pxphub.org\/wp-content\/uploads\/2025\/07\/PxP-2025-Poster-232x300.png\" alt=\"PxP 2025 Poster\" width=\"232\" height=\"300\" \/> <\/a> <a role=\"button\" href=\"https:\/\/pxphub.org\/wp-content\/uploads\/2025\/07\/PxP-2025-Poster.pdf\" target=\"_self\" download=\"PxP 2025 Poster\" aria-label=\"Download Poster\"> Download Poster <\/a> <a role=\"button\" href=\"https:\/\/pxphub.org\/wp-content\/uploads\/2025\/08\/PxP-2025-Information-Booklet-Adjusted.pdf\" target=\"_self\" download=\"PxP 2025 Booklet\" aria-label=\"Download Booklet\"> Download Booklet <\/a><\/p>\r\n<h2>Instagram and Facebook<\/h2>\r\n<p><a href=\"https:\/\/pxphub.org\/wp-content\/uploads\/2025\/06\/PxP-2025-Instagram.png\" target=\"_self\"> <img loading=\"lazy\" decoding=\"async\" title=\"PxP 2025 Instagram\" src=\"https:\/\/pxphub.org\/wp-content\/uploads\/2025\/06\/PxP-2025-Instagram-300x300.png\" alt=\"PXP logo. For Patients, By Patients. Virtual conference. September 9th to September 12th 2025.\" width=\"300\" height=\"300\" \/> <\/a> <a role=\"button\" href=\"https:\/\/pxphub.org\/wp-content\/uploads\/2025\/06\/PxP-2025-Instagram.png\" target=\"_self\" download=\"PxP 2025 Instagram and Facebook\" aria-label=\"Download in English\"> Download in English <\/a> <a role=\"button\" href=\"https:\/\/pxphub.org\/wp-content\/uploads\/2025\/06\/PxP-2025-Instagram-French.png\" target=\"_self\" download=\"PxP 2025 Instagram and Facebook French\" aria-label=\"T\u00e9l\u00e9charger en fran\u00e7ais\"> T\u00e9l\u00e9charger en fran\u00e7ais <\/a><\/p>\r\n<p>Suggested Alt Text: PXP logo. For Patients, By Patients. Virtual conference. September 9th to September 12th 2025.<\/p>\r\n<h2>X (Twitter) and LinkedIn September 9-12<\/h2>\r\n<p><a href=\"https:\/\/pxphub.org\/wp-content\/uploads\/2025\/06\/PxP-2025-Twitter-Design.jpg\" target=\"_self\"> <img loading=\"lazy\" decoding=\"async\" title=\"PxP 2025 Twitter Design\" src=\"https:\/\/pxphub.org\/wp-content\/uploads\/2025\/06\/PxP-2025-Twitter-Design-300x169.jpg\" alt=\"PXP logo. For Patients, By Patients. Virtual conference. September 9th to September 12th 2025.\" width=\"300\" height=\"169\" \/> <\/a> <a role=\"button\" href=\"https:\/\/pxphub.org\/wp-content\/uploads\/2025\/06\/PxP-2025-Twitter-Design.jpg\" target=\"_self\" download=\"PxP 2025 Twitter and LinkedIn\" aria-label=\"Download in English\"> Download in English <\/a> <a role=\"button\" href=\"https:\/\/pxphub.org\/wp-content\/uploads\/2025\/06\/PxP-2025-Twitter-Design-French.png\" target=\"_self\" download=\"PxP 2025 Twitter and LinkedIn French\" aria-label=\"T\u00e9l\u00e9charger en fran\u00e7ais\"> T\u00e9l\u00e9charger en fran\u00e7ais <\/a><\/p>\r\n<p>Suggested Alt Text: PXP logo. For Patients, By Patients. Virtual conference. September 9th to September 12th 2025.<\/p>\r\n<h2>PxP 2025 Registration is Live!<\/h2>\r\n<p><a href=\"https:\/\/pxphub.org\/wp-content\/uploads\/2025\/06\/PxP-Registration-IG.png\" target=\"_self\"> <img loading=\"lazy\" decoding=\"async\" title=\"PxP Registration IG\" src=\"https:\/\/pxphub.org\/wp-content\/uploads\/2025\/06\/PxP-Registration-IG-300x300.png\" alt=\"PxP Logo. For Patients, By Patients. Register now! PxP 2025 is a free, virtual conference for anyone with an interest in health research. September 9-12, 2025\" width=\"300\" height=\"300\" \/> <\/a> <a role=\"button\" href=\"https:\/\/pxphub.org\/wp-content\/uploads\/2025\/06\/PxP-Registration-IG.png\" target=\"_self\" download=\"PxP 2025 Registration\" aria-label=\"Download \/ T\u00e9l\u00e9charger\u00a0\"> Download \/ T\u00e9l\u00e9charger\u00a0 <\/a><\/p>\r\n<p>Suggested Alt Text: PXP logo. For Patients, By Patients. Register now! PxP is a free, virtual conference for anyone with an interest in health research. September 9th to September 12th 2025.<\/p>\r\n<h2>PxP 2025 Steering Committee<\/h2>\r\n<p><a href=\"https:\/\/pxphub.org\/wp-content\/uploads\/2025\/06\/PxP-2025-SC-Twitter.png\" target=\"_self\"> <img loading=\"lazy\" decoding=\"async\" title=\"PxP 2025 SC Twitter\" src=\"https:\/\/pxphub.org\/wp-content\/uploads\/2025\/06\/PxP-2025-SC-Twitter-300x169.png\" alt=\"A grid of faces with the PxP 2025 Steering Committee members.\" width=\"300\" height=\"169\" \/> <\/a> <a role=\"button\" href=\"https:\/\/pxphub.org\/wp-content\/uploads\/2025\/06\/PxP-2025-SC-Twitter.png\" target=\"_self\" download=\"PxP 2025 SC \" aria-label=\"Download \/ T\u00e9l\u00e9charger\u00a0\"> Download \/ T\u00e9l\u00e9charger\u00a0 <\/a> <a role=\"button\" href=\"https:\/\/pxphub.org\/wp-content\/uploads\/2025\/06\/PxP-2025-SC-TwitterFrench.png\" target=\"_self\" download=\"PxP 2025 SC French\" aria-label=\"T\u00e9l\u00e9charger en fran\u00e7ais\"> T\u00e9l\u00e9charger en fran\u00e7ais <\/a><\/p>\r\n<p>Suggested Alt Text: PXP logo. Steering Committee 2025. Grid of 12 photos.<\/p>\r\n<p><img decoding=\"async\" src=\"https:\/\/pxphub.org\/wp-content\/plugins\/bb-plugin\/img\/pixel.png\" alt=\"\" \/><\/p>","protected":false},"excerpt":{"rendered":"<p>PxP 2025 Social Media Images to Download and Share The conference dates are September 9-12, 2025. Depending on where you [&hellip;]<\/p>\n","protected":false},"author":5,"featured_media":0,"parent":0,"menu_order":0,"comment_status":"closed","ping_status":"closed","template":"","meta":{"_relevanssi_hide_post":"","_relevanssi_hide_content":"","_relevanssi_pin_for_all":"","_relevanssi_pin_keywords":"","_relevanssi_unpin_keywords":"","_relevanssi_related_keywords":"","_relevanssi_related_include_ids":"","_relevanssi_related_exclude_ids":"","_relevanssi_related_no_append":"","_relevanssi_related_not_related":"","_relevanssi_related_posts":"","_relevanssi_noindex_reason":"","site-sidebar-layout":"no-sidebar","site-content-layout":"page-builder","ast-site-content-layout":"default","site-content-style":"default","site-sidebar-style":"default","ast-global-header-display":"","ast-banner-title-visibility":"","ast-main-header-display":"","ast-hfb-above-header-display":"","ast-hfb-below-header-display":"","ast-hfb-mobile-header-display":"","site-post-title":"disabled","ast-breadcrumbs-content":"","ast-featured-img":"disabled","footer-sml-layout":"","ast-disable-related-posts":"","theme-transparent-header-meta":"default","adv-header-id-meta":"","stick-header-meta":"default","header-above-stick-meta":"","header-main-stick-meta":"","header-below-stick-meta":"","astra-migrate-meta-layouts":"set","ast-page-background-enabled":"default","ast-page-background-meta":{"desktop":{"background-color":"","background-image":"","background-repeat":"repeat","background-position":"center center","background-size":"auto","background-attachment":"scroll","background-type":"","background-media":"","overlay-type":"","overlay-color":"","overlay-opacity":"","overlay-gradient":""},"tablet":{"background-color":"","background-image":"","background-repeat":"repeat","background-position":"center center","background-size":"auto","background-attachment":"scroll","background-type":"","background-media":"","overlay-type":"","overlay-color":"","overlay-opacity":"","overlay-gradient":""},"mobile":{"background-color":"","background-image":"","background-repeat":"repeat","background-position":"center center","background-size":"auto","background-attachment":"scroll","background-type":"","background-media":"","overlay-type":"","overlay-color":"","overlay-opacity":"","overlay-gradient":""}},"ast-content-background-meta":{"desktop":{"background-color":"var(--ast-global-color-5)","background-image":"","background-repeat":"repeat","background-position":"center center","background-size":"auto","background-attachment":"scroll","background-type":"","background-media":"","overlay-type":"","overlay-color":"","overlay-opacity":"","overlay-gradient":""},"tablet":{"background-color":"var(--ast-global-color-5)","background-image":"","background-repeat":"repeat","background-position":"center center","background-size":"auto","background-attachment":"scroll","background-type":"","background-media":"","overlay-type":"","overlay-color":"","overlay-opacity":"","overlay-gradient":""},"mobile":{"background-color":"var(--ast-global-color-5)","background-image":"","background-repeat":"repeat","background-position":"center center","background-size":"auto","background-attachment":"scroll","background-type":"","background-media":"","overlay-type":"","overlay-color":"","overlay-opacity":"","overlay-gradient":""}},"footnotes":""},"class_list":["post-5191","page","type-page","status-publish","hentry"],"yoast_head":"<!-- This site is optimized with the Yoast SEO plugin v27.3 - https:\/\/yoast.com\/product\/yoast-seo-wordpress\/ -->\n<title>PxP 2025 Social Media Images - PxP<\/title>\n<meta name=\"description\" content=\"PxP 2025 social media images to download and share with anyone who wants to attend a free conference about patient engagement...\" \/>\n<meta name=\"robots\" content=\"index, follow, max-snippet:-1, max-image-preview:large, max-video-preview:-1\" \/>\n<link rel=\"canonical\" href=\"https:\/\/pxphub.org\/fr\/pxp-2025-social-media-images\/\" \/>\n<meta property=\"og:locale\" content=\"fr_FR\" \/>\n<meta property=\"og:type\" content=\"article\" \/>\n<meta property=\"og:title\" content=\"PxP 2025 Social Media Images - PxP\" \/>\n<meta property=\"og:description\" content=\"PxP 2025 social media images to download and share with anyone who wants to attend a free conference about patient engagement...\" \/>\n<meta property=\"og:url\" content=\"https:\/\/pxphub.org\/fr\/pxp-2025-social-media-images\/\" \/>\n<meta property=\"og:site_name\" content=\"PxP\" \/>\n<meta property=\"article:modified_time\" content=\"2025-10-27T21:01:40+00:00\" \/>\n<meta property=\"og:image\" content=\"https:\/\/pxphub.org\/wp-content\/uploads\/2025\/07\/PxP-2025-Poster-232x300.png\" \/>\n<meta name=\"twitter:card\" content=\"summary_large_image\" \/>\n<meta name=\"twitter:site\" content=\"@PxPHub\" \/>\n<meta name=\"twitter:label1\" content=\"Dur\u00e9e de lecture estim\u00e9e\" \/>\n\t<meta name=\"twitter:data1\" content=\"3 minutes\" \/>\n<script type=\"application\/ld+json\" class=\"yoast-schema-graph\">{\"@context\":\"https:\\\/\\\/schema.org\",\"@graph\":[{\"@type\":\"WebPage\",\"@id\":\"https:\\\/\\\/pxphub.org\\\/pxp-2025-social-media-images\\\/\",\"url\":\"https:\\\/\\\/pxphub.org\\\/pxp-2025-social-media-images\\\/\",\"name\":\"PxP 2025 Social Media Images - PxP\",\"isPartOf\":{\"@id\":\"https:\\\/\\\/pxphub.org\\\/#website\"},\"primaryImageOfPage\":{\"@id\":\"https:\\\/\\\/pxphub.org\\\/pxp-2025-social-media-images\\\/#primaryimage\"},\"image\":{\"@id\":\"https:\\\/\\\/pxphub.org\\\/pxp-2025-social-media-images\\\/#primaryimage\"},\"thumbnailUrl\":\"https:\\\/\\\/pxphub.org\\\/wp-content\\\/uploads\\\/2025\\\/07\\\/PxP-2025-Poster-232x300.png\",\"datePublished\":\"2025-06-12T23:10:38+00:00\",\"dateModified\":\"2025-10-27T21:01:40+00:00\",\"description\":\"PxP 2025 social media images to download and share with anyone who wants to attend a free conference about patient engagement...\",\"breadcrumb\":{\"@id\":\"https:\\\/\\\/pxphub.org\\\/pxp-2025-social-media-images\\\/#breadcrumb\"},\"inLanguage\":\"fr-FR\",\"potentialAction\":[{\"@type\":\"ReadAction\",\"target\":[\"https:\\\/\\\/pxphub.org\\\/pxp-2025-social-media-images\\\/\"]}]},{\"@type\":\"ImageObject\",\"inLanguage\":\"fr-FR\",\"@id\":\"https:\\\/\\\/pxphub.org\\\/pxp-2025-social-media-images\\\/#primaryimage\",\"url\":\"https:\\\/\\\/pxphub.org\\\/wp-content\\\/uploads\\\/2025\\\/07\\\/PxP-2025-Poster-232x300.png\",\"contentUrl\":\"https:\\\/\\\/pxphub.org\\\/wp-content\\\/uploads\\\/2025\\\/07\\\/PxP-2025-Poster-232x300.png\"},{\"@type\":\"BreadcrumbList\",\"@id\":\"https:\\\/\\\/pxphub.org\\\/pxp-2025-social-media-images\\\/#breadcrumb\",\"itemListElement\":[{\"@type\":\"ListItem\",\"position\":1,\"name\":\"Home\",\"item\":\"https:\\\/\\\/pxphub.org\\\/\"},{\"@type\":\"ListItem\",\"position\":2,\"name\":\"PxP 2025 Social Media Images\"}]},{\"@type\":\"WebSite\",\"@id\":\"https:\\\/\\\/pxphub.org\\\/#website\",\"url\":\"https:\\\/\\\/pxphub.org\\\/\",\"name\":\"PxP\",\"description\":\"For Patients, By Patients | pour les patients, par les patients\",\"publisher\":{\"@id\":\"https:\\\/\\\/pxphub.org\\\/#organization\"},\"potentialAction\":[{\"@type\":\"SearchAction\",\"target\":{\"@type\":\"EntryPoint\",\"urlTemplate\":\"https:\\\/\\\/pxphub.org\\\/?s={search_term_string}\"},\"query-input\":{\"@type\":\"PropertyValueSpecification\",\"valueRequired\":true,\"valueName\":\"search_term_string\"}}],\"inLanguage\":\"fr-FR\"},{\"@type\":\"Organization\",\"@id\":\"https:\\\/\\\/pxphub.org\\\/#organization\",\"name\":\"PxP\",\"url\":\"https:\\\/\\\/pxphub.org\\\/\",\"logo\":{\"@type\":\"ImageObject\",\"inLanguage\":\"fr-FR\",\"@id\":\"https:\\\/\\\/pxphub.org\\\/#\\\/schema\\\/logo\\\/image\\\/\",\"url\":\"https:\\\/\\\/pxphub.org\\\/wp-content\\\/uploads\\\/2023\\\/06\\\/PxP-Logo-PS900.png\",\"contentUrl\":\"https:\\\/\\\/pxphub.org\\\/wp-content\\\/uploads\\\/2023\\\/06\\\/PxP-Logo-PS900.png\",\"width\":900,\"height\":355,\"caption\":\"PxP\"},\"image\":{\"@id\":\"https:\\\/\\\/pxphub.org\\\/#\\\/schema\\\/logo\\\/image\\\/\"},\"sameAs\":[\"https:\\\/\\\/x.com\\\/PxPHub\",\"https:\\\/\\\/www.instagram.com\\\/PxPHub\\\/\",\"http:\\\/\\\/www.linkedin.com\\\/company\\\/pxphub\"]}]}<\/script>\n<!-- \/ Yoast SEO plugin. -->","yoast_head_json":{"title":"PxP 2025 Social Media Images - PxP","description":"PxP 2025 social media images to download and share with anyone who wants to attend a free conference about patient engagement...","robots":{"index":"index","follow":"follow","max-snippet":"max-snippet:-1","max-image-preview":"max-image-preview:large","max-video-preview":"max-video-preview:-1"},"canonical":"https:\/\/pxphub.org\/fr\/pxp-2025-social-media-images\/","og_locale":"fr_FR","og_type":"article","og_title":"PxP 2025 Social Media Images - PxP","og_description":"PxP 2025 social media images to download and share with anyone who wants to attend a free conference about patient engagement...","og_url":"https:\/\/pxphub.org\/fr\/pxp-2025-social-media-images\/","og_site_name":"PxP","article_modified_time":"2025-10-27T21:01:40+00:00","og_image":[{"url":"https:\/\/pxphub.org\/wp-content\/uploads\/2025\/07\/PxP-2025-Poster-232x300.png","type":"","width":"","height":""}],"twitter_card":"summary_large_image","twitter_site":"@PxPHub","twitter_misc":{"Dur\u00e9e de lecture estim\u00e9e":"3 minutes"},"schema":{"@context":"https:\/\/schema.org","@graph":[{"@type":"WebPage","@id":"https:\/\/pxphub.org\/pxp-2025-social-media-images\/","url":"https:\/\/pxphub.org\/pxp-2025-social-media-images\/","name":"PxP 2025 Social Media Images - PxP","isPartOf":{"@id":"https:\/\/pxphub.org\/#website"},"primaryImageOfPage":{"@id":"https:\/\/pxphub.org\/pxp-2025-social-media-images\/#primaryimage"},"image":{"@id":"https:\/\/pxphub.org\/pxp-2025-social-media-images\/#primaryimage"},"thumbnailUrl":"https:\/\/pxphub.org\/wp-content\/uploads\/2025\/07\/PxP-2025-Poster-232x300.png","datePublished":"2025-06-12T23:10:38+00:00","dateModified":"2025-10-27T21:01:40+00:00","description":"PxP 2025 social media images to download and share with anyone who wants to attend a free conference about patient engagement...","breadcrumb":{"@id":"https:\/\/pxphub.org\/pxp-2025-social-media-images\/#breadcrumb"},"inLanguage":"fr-FR","potentialAction":[{"@type":"ReadAction","target":["https:\/\/pxphub.org\/pxp-2025-social-media-images\/"]}]},{"@type":"ImageObject","inLanguage":"fr-FR","@id":"https:\/\/pxphub.org\/pxp-2025-social-media-images\/#primaryimage","url":"https:\/\/pxphub.org\/wp-content\/uploads\/2025\/07\/PxP-2025-Poster-232x300.png","contentUrl":"https:\/\/pxphub.org\/wp-content\/uploads\/2025\/07\/PxP-2025-Poster-232x300.png"},{"@type":"BreadcrumbList","@id":"https:\/\/pxphub.org\/pxp-2025-social-media-images\/#breadcrumb","itemListElement":[{"@type":"ListItem","position":1,"name":"Home","item":"https:\/\/pxphub.org\/"},{"@type":"ListItem","position":2,"name":"PxP 2025 Social Media Images"}]},{"@type":"WebSite","@id":"https:\/\/pxphub.org\/#website","url":"https:\/\/pxphub.org\/","name":"PxP :","description":"For Patients, By Patients | pour les patients, par les patients","publisher":{"@id":"https:\/\/pxphub.org\/#organization"},"potentialAction":[{"@type":"SearchAction","target":{"@type":"EntryPoint","urlTemplate":"https:\/\/pxphub.org\/?s={search_term_string}"},"query-input":{"@type":"PropertyValueSpecification","valueRequired":true,"valueName":"search_term_string"}}],"inLanguage":"fr-FR"},{"@type":"Organization","@id":"https:\/\/pxphub.org\/#organization","name":"PxP :","url":"https:\/\/pxphub.org\/","logo":{"@type":"ImageObject","inLanguage":"fr-FR","@id":"https:\/\/pxphub.org\/#\/schema\/logo\/image\/","url":"https:\/\/pxphub.org\/wp-content\/uploads\/2023\/06\/PxP-Logo-PS900.png","contentUrl":"https:\/\/pxphub.org\/wp-content\/uploads\/2023\/06\/PxP-Logo-PS900.png","width":900,"height":355,"caption":"PxP"},"image":{"@id":"https:\/\/pxphub.org\/#\/schema\/logo\/image\/"},"sameAs":["https:\/\/x.com\/PxPHub","https:\/\/www.instagram.com\/PxPHub\/","http:\/\/www.linkedin.com\/company\/pxphub"]}]}},"_links":{"self":[{"href":"https:\/\/pxphub.org\/fr\/wp-json\/wp\/v2\/pages\/5191","targetHints":{"allow":["GET"]}}],"collection":[{"href":"https:\/\/pxphub.org\/fr\/wp-json\/wp\/v2\/pages"}],"about":[{"href":"https:\/\/pxphub.org\/fr\/wp-json\/wp\/v2\/types\/page"}],"author":[{"embeddable":true,"href":"https:\/\/pxphub.org\/fr\/wp-json\/wp\/v2\/users\/5"}],"replies":[{"embeddable":true,"href":"https:\/\/pxphub.org\/fr\/wp-json\/wp\/v2\/comments?post=5191"}],"version-history":[{"count":5,"href":"https:\/\/pxphub.org\/fr\/wp-json\/wp\/v2\/pages\/5191\/revisions"}],"predecessor-version":[{"id":6474,"href":"https:\/\/pxphub.org\/fr\/wp-json\/wp\/v2\/pages\/5191\/revisions\/6474"}],"wp:attachment":[{"href":"https:\/\/pxphub.org\/fr\/wp-json\/wp\/v2\/media?parent=5191"}],"curies":[{"name":"wp","href":"https:\/\/api.w.org\/{rel}","templated":true}]}}