{"id":65,"date":"2023-07-01T20:30:03","date_gmt":"2023-07-02T03:30:03","guid":{"rendered":"https:\/\/pxphub.org\/?page_id=65"},"modified":"2025-10-27T14:46:53","modified_gmt":"2025-10-27T21:46:53","slug":"free-tickets","status":"publish","type":"page","link":"https:\/\/pxphub.org\/fr\/event\/free-tickets\/","title":{"rendered":"Inscription gratuite"},"content":{"rendered":"<h1>\u00c9V\u00c9NEMENTS<\/h1>\r\n<h2><!--\r\n\t-->Inscription<!--\t--><!--\r\n\t--><\/h2>\r\n<p>Registration is now closed for the 2025 conference. Please check back for information about upcoming events or register for our mailing list <a href=\"http:\/\/eepurl.com\/iuT6ig\">ce sujet<\/a>.<\/p>\r\n<p>Tickets are completely FREE for this virtual event. Reach out to our team for questions or support with registration: <a href=\"mailto:contact@pxphub.org\">contact@pxphub.org<\/a><\/p>\r\n<p>The PxP conference will take place virtually in September, 2025 across three days. Check out the table below for the conference dates and times wherever you are in the world.<\/p>\r\n<p>Les plages horaires du jour 3 diff\u00e8rent de celles des deux premiers jours pour donner la chance au plus de personnes possible \u00e0 travers le monde de se joindre \u00e0 nous en direct. Nous serions enchant\u00e9s de vous y voir!<\/p>\r\n<p>You have the opportunity to attend any or all of the three days. After the event, we will be hosting recordings on the PxP website which will be freely available.<\/p>\r\n<p><img decoding=\"async\" title=\"Event-v2-PS1800\" src=\"https:\/\/pxphub.org\/wp-content\/uploads\/2023\/07\/Event-v2-PS1800.jpg\" alt=\"Person is sitting on a grey sofa in their living room holding a notepad and looking at a computer screen on their lap.\" \/><\/p>\r\n<h2>le planning<\/h2>\r\n<p>For those based in Europe, Africa and America, the dates are September 9-11, and for those in parts of Asia and Oceania the dates are September 10-12. There will be core conference hours each day, listed in the table below, where content will be hosted live. New for this year, there will also be &#8216;re-watch parties&#8217; for some of the sessions outside of the core hours. These re-watch parties mean that content will be played back for different time-zones and you can join those with others to chat in real-time. Further details will be shared closer to the event.<\/p>\r\n<p><em>UTC est l\u2019abr\u00e9viation de \u00ab temps universel coordonn\u00e9 \u00bb et correspond au fuseau horaire du temps moyen de Greenwich (TMG). Afin de conserver un tableau d\u2019une longueur raisonnable, nous avons indiqu\u00e9 les fuseaux horaires par tranches de deux heures. Pour toute question, n\u2019h\u00e9sitez pas \u00e0 communiquer avec nous!<\/em><\/p>\r\n<table data-tablesaw-minimap=\"\">\r\n<thead>\r\n<tr>\r\n<th id=\"pp-table-col-1\" scope=\"col\" data-tablesaw-sortable-col=\"\">Time Zone<\/th>\r\n<th id=\"pp-table-col-2\" scope=\"col\" data-tablesaw-sortable-col=\"\">Day 1<\/th>\r\n<th id=\"pp-table-col-3\" scope=\"col\" data-tablesaw-sortable-col=\"\">Day 2<\/th>\r\n<th id=\"pp-table-col-4\" scope=\"col\" data-tablesaw-sortable-col=\"\">Day 3<\/th>\r\n<\/tr>\r\n<\/thead>\r\n<tbody>\r\n<tr data-row-index=\"1\">\r\n<td><strong>UTC -12<\/strong> \u00a0\u00celes du Pacifique<\/td>\r\n<td>September 9<br \/>3 am &#8211; 7:30 am<\/td>\r\n<td>September 10<br \/>3 am &#8211; 7:30 am<\/td>\r\n<td>September 11<br \/>12 pm &#8211; 4:30 pm<\/td>\r\n<\/tr>\r\n<tr data-row-index=\"2\">\r\n<td><strong>UTC -10<\/strong> \u00a0Polyn\u00e9sie fran\u00e7aise, Kiribati, \u00eeles Cook, Hawa\u00ef (\u00c9.-U.)<\/td>\r\n<td>September 9<br \/>5 am &#8211; 9:30 am<\/td>\r\n<td>September 10<br \/>5 am &#8211; 9:30 am<\/td>\r\n<td>September 11<br \/>2 pm &#8211; 6:30 pm<\/td>\r\n<\/tr>\r\n<tr data-row-index=\"3\">\r\n<td><strong>UTC -7<\/strong> \u00a0Ouest du Canada et des \u00c9tats-Unis<\/td>\r\n<td>September 9<br \/>8 am &#8211; 12:30 pm<\/td>\r\n<td>September 10<br \/>8 am &#8211; 12:30 pm<\/td>\r\n<td>September 11<br \/>5 pm &#8211; 9:30 pm<\/td>\r\n<\/tr>\r\n<tr data-row-index=\"4\">\r\n<td><strong>UTC -5<\/strong> \u00a0Am\u00e9rique centrale, centre du Canada et des \u00c9tats-Unis<\/td>\r\n<td>September 9<br \/>10 am &#8211; 2:30 pm<\/td>\r\n<td>September 10<br \/>10 am &#8211; 2:30 pm<\/td>\r\n<td>September 11<br \/>7 pm &#8211; 11:30 pm<\/td>\r\n<\/tr>\r\n<tr data-row-index=\"5\">\r\n<td><strong>UTC -3<\/strong> \u00a0Am\u00e9rique du Sud et Est du Canada<\/td>\r\n<td>September 9<br \/>12 pm &#8211; 4:30 pm<\/td>\r\n<td>September 10<br \/>12 pm &#8211; 4:30 pm<\/td>\r\n<td>September 11-12<br \/>9 pm &#8211; 1:30 am<\/td>\r\n<\/tr>\r\n<tr data-row-index=\"6\">\r\n<td><strong>UTC -2<\/strong> \u00a0\u00celes Sandwich<\/td>\r\n<td>September 9<br \/>1 pm &#8211; 5:30 pm<\/td>\r\n<td>September 10<br \/>1 pm &#8211; 5:30 pm<\/td>\r\n<td>September 11-12<br \/>10 pm &#8211; 2:30 am<\/td>\r\n<\/tr>\r\n<tr data-row-index=\"7\">\r\n<td><strong>UTC +1<\/strong> \u00a0\u00celes britanniques, Afrique de l\u2019Ouest<\/td>\r\n<td>September 9<br \/>4 pm &#8211; 8:30 pm<\/td>\r\n<td>September 10<br \/>4 pm &#8211; 8:30 pm<\/td>\r\n<td>12 septembre<br \/>1 am &#8211; 5:30 am<\/td>\r\n<\/tr>\r\n<tr data-row-index=\"8\">\r\n<td><strong>UTC +3<\/strong> \u00a0Europe de l\u2019Est et Afrique australe<\/td>\r\n<td>September 9<br \/>6 pm &#8211; 10:30 pm<\/td>\r\n<td>September 10<br \/>6 pm &#8211; 10:30 pm<\/td>\r\n<td>12 septembre<br \/>3 am &#8211; 7:30 am<\/td>\r\n<\/tr>\r\n<tr data-row-index=\"9\">\r\n<td><strong>UTC +4<\/strong> \u00a0Europe\/Asie<\/td>\r\n<td>September 9 <br \/>7 pm &#8211; 11:30 pm<\/td>\r\n<td>September 10<br \/>7 pm &#8211; 11:30 pm<\/td>\r\n<td>12 septembre<br \/>4 am &#8211; 8:30 am<\/td>\r\n<\/tr>\r\n<tr data-row-index=\"10\">\r\n<td><strong>UTC +6<\/strong> \u00a0Asie du Sud<\/td>\r\n<td>September 9-10<br \/>9 pm &#8211; 1:30 am<\/td>\r\n<td>September 10-11<br \/>9 pm &#8211; 1:30 am<\/td>\r\n<td>12 septembre<br \/>6 am &#8211; 10:30 am<\/td>\r\n<\/tr>\r\n<tr data-row-index=\"11\">\r\n<td><strong>UTC +8<\/strong> \u00a0Australie-Occidentale<\/td>\r\n<td>September 9-10 <br \/>11 pm &#8211; 3:30 am<\/td>\r\n<td>September 10-11<br \/>11 pm &#8211; 3:30 am<\/td>\r\n<td>12 septembre<br \/>8 am &#8211; 12:30 pm<\/td>\r\n<\/tr>\r\n<tr data-row-index=\"12\">\r\n<td><strong>UTC +10<\/strong> \u00a0Australie orientale<\/td>\r\n<td>September 10<br \/>1 am &#8211; 5:30 am<\/td>\r\n<td>September 11<br \/>1 am &#8211; 5:30 am<\/td>\r\n<td>12 septembre<br \/>10 am &#8211; 2:30 pm<\/td>\r\n<\/tr>\r\n<tr data-row-index=\"13\">\r\n<td><strong>UTC +12<\/strong> \u00a0\u00celes d\u2019Oc\u00e9anie<\/td>\r\n<td>September 10<br \/>3 am &#8211; 7:30 am<\/td>\r\n<td>September 11<br \/>3 am &#8211; 7:30 am<\/td>\r\n<td>12 septembre<br \/>12 pm &#8211; 4:30 pm<\/td>\r\n<\/tr>\r\n<tr data-row-index=\"14\">\r\n<td><strong>UTC +14<\/strong> \u00a0\u00celes du Pacifique<\/td>\r\n<td>September 10<br \/>5 am &#8211; 9:30 am<\/td>\r\n<td>September 11<br \/>5 am &#8211; 9:30 am<\/td>\r\n<td>12 septembre<br \/>2 pm &#8211; 6:30 pm<\/td>\r\n<\/tr>\r\n<\/tbody>\r\n<\/table>","protected":false},"excerpt":{"rendered":"<p>EVENT Register Registration is now closed for the 2025 conference. Please check back for information about upcoming events or register [&hellip;]<\/p>\n","protected":false},"author":2,"featured_media":0,"parent":63,"menu_order":0,"comment_status":"closed","ping_status":"closed","template":"","meta":{"_relevanssi_hide_post":"","_relevanssi_hide_content":"","_relevanssi_pin_for_all":"","_relevanssi_pin_keywords":"","_relevanssi_unpin_keywords":"","_relevanssi_related_keywords":"","_relevanssi_related_include_ids":"","_relevanssi_related_exclude_ids":"","_relevanssi_related_no_append":"","_relevanssi_related_not_related":"","_relevanssi_related_posts":"","_relevanssi_noindex_reason":"","site-sidebar-layout":"no-sidebar","site-content-layout":"page-builder","ast-site-content-layout":"full-width-container","site-content-style":"unboxed","site-sidebar-style":"unboxed","ast-global-header-display":"","ast-banner-title-visibility":"","ast-main-header-display":"","ast-hfb-above-header-display":"","ast-hfb-below-header-display":"","ast-hfb-mobile-header-display":"","site-post-title":"disabled","ast-breadcrumbs-content":"","ast-featured-img":"disabled","footer-sml-layout":"","ast-disable-related-posts":"","theme-transparent-header-meta":"default","adv-header-id-meta":"","stick-header-meta":"default","header-above-stick-meta":"","header-main-stick-meta":"","header-below-stick-meta":"","astra-migrate-meta-layouts":"set","ast-page-background-enabled":"default","ast-page-background-meta":{"desktop":{"background-color":"","background-image":"","background-repeat":"repeat","background-position":"center center","background-size":"auto","background-attachment":"scroll","background-type":"","background-media":"","overlay-type":"","overlay-color":"","overlay-opacity":"","overlay-gradient":""},"tablet":{"background-color":"","background-image":"","background-repeat":"repeat","background-position":"center center","background-size":"auto","background-attachment":"scroll","background-type":"","background-media":"","overlay-type":"","overlay-color":"","overlay-opacity":"","overlay-gradient":""},"mobile":{"background-color":"","background-image":"","background-repeat":"repeat","background-position":"center center","background-size":"auto","background-attachment":"scroll","background-type":"","background-media":"","overlay-type":"","overlay-color":"","overlay-opacity":"","overlay-gradient":""}},"ast-content-background-meta":{"desktop":{"background-color":"var(--ast-global-color-5)","background-image":"","background-repeat":"repeat","background-position":"center center","background-size":"auto","background-attachment":"scroll","background-type":"","background-media":"","overlay-type":"","overlay-color":"","overlay-opacity":"","overlay-gradient":""},"tablet":{"background-color":"var(--ast-global-color-5)","background-image":"","background-repeat":"repeat","background-position":"center center","background-size":"auto","background-attachment":"scroll","background-type":"","background-media":"","overlay-type":"","overlay-color":"","overlay-opacity":"","overlay-gradient":""},"mobile":{"background-color":"var(--ast-global-color-5)","background-image":"","background-repeat":"repeat","background-position":"center center","background-size":"auto","background-attachment":"scroll","background-type":"","background-media":"","overlay-type":"","overlay-color":"","overlay-opacity":"","overlay-gradient":""}},"footnotes":""},"class_list":["post-65","page","type-page","status-publish","hentry"],"yoast_head":"<!-- This site is optimized with the Yoast SEO plugin v27.3 - https:\/\/yoast.com\/product\/yoast-seo-wordpress\/ -->\n<title>Free Tickets - PxP<\/title>\n<meta name=\"description\" content=\"PxP conference takes place annually and is free to attend. Check out the website for more information including speaker biographies...\" \/>\n<meta name=\"robots\" content=\"index, follow, max-snippet:-1, max-image-preview:large, max-video-preview:-1\" \/>\n<link rel=\"canonical\" href=\"https:\/\/pxphub.org\/fr\/event\/free-tickets\/\" \/>\n<meta property=\"og:locale\" content=\"fr_FR\" \/>\n<meta property=\"og:type\" content=\"article\" \/>\n<meta property=\"og:title\" content=\"Free Tickets - PxP\" \/>\n<meta property=\"og:description\" content=\"PxP conference takes place annually and is free to attend. Check out the website for more information including speaker biographies...\" \/>\n<meta property=\"og:url\" content=\"https:\/\/pxphub.org\/fr\/event\/free-tickets\/\" \/>\n<meta property=\"og:site_name\" content=\"PxP\" \/>\n<meta property=\"article:modified_time\" content=\"2025-10-27T21:46:53+00:00\" \/>\n<meta property=\"og:image\" content=\"https:\/\/pxphub.org\/wp-content\/uploads\/2023\/07\/Event-v2-PS1800.jpg\" \/>\n<meta name=\"twitter:card\" content=\"summary_large_image\" \/>\n<meta name=\"twitter:site\" content=\"@PxPHub\" \/>\n<meta name=\"twitter:label1\" content=\"Dur\u00e9e de lecture estim\u00e9e\" \/>\n\t<meta name=\"twitter:data1\" content=\"3 minutes\" \/>\n<script type=\"application\/ld+json\" class=\"yoast-schema-graph\">{\"@context\":\"https:\\\/\\\/schema.org\",\"@graph\":[{\"@type\":\"WebPage\",\"@id\":\"https:\\\/\\\/pxphub.org\\\/event\\\/free-tickets\\\/\",\"url\":\"https:\\\/\\\/pxphub.org\\\/event\\\/free-tickets\\\/\",\"name\":\"Free Tickets - PxP\",\"isPartOf\":{\"@id\":\"https:\\\/\\\/pxphub.org\\\/#website\"},\"primaryImageOfPage\":{\"@id\":\"https:\\\/\\\/pxphub.org\\\/event\\\/free-tickets\\\/#primaryimage\"},\"image\":{\"@id\":\"https:\\\/\\\/pxphub.org\\\/event\\\/free-tickets\\\/#primaryimage\"},\"thumbnailUrl\":\"https:\\\/\\\/pxphub.org\\\/wp-content\\\/uploads\\\/2023\\\/07\\\/Event-v2-PS1800.jpg\",\"datePublished\":\"2023-07-02T03:30:03+00:00\",\"dateModified\":\"2025-10-27T21:46:53+00:00\",\"description\":\"PxP conference takes place annually and is free to attend. Check out the website for more information including speaker biographies...\",\"breadcrumb\":{\"@id\":\"https:\\\/\\\/pxphub.org\\\/event\\\/free-tickets\\\/#breadcrumb\"},\"inLanguage\":\"fr-FR\",\"potentialAction\":[{\"@type\":\"ReadAction\",\"target\":[\"https:\\\/\\\/pxphub.org\\\/event\\\/free-tickets\\\/\"]}]},{\"@type\":\"ImageObject\",\"inLanguage\":\"fr-FR\",\"@id\":\"https:\\\/\\\/pxphub.org\\\/event\\\/free-tickets\\\/#primaryimage\",\"url\":\"https:\\\/\\\/pxphub.org\\\/wp-content\\\/uploads\\\/2023\\\/07\\\/Event-v2-PS1800.jpg\",\"contentUrl\":\"https:\\\/\\\/pxphub.org\\\/wp-content\\\/uploads\\\/2023\\\/07\\\/Event-v2-PS1800.jpg\"},{\"@type\":\"BreadcrumbList\",\"@id\":\"https:\\\/\\\/pxphub.org\\\/event\\\/free-tickets\\\/#breadcrumb\",\"itemListElement\":[{\"@type\":\"ListItem\",\"position\":1,\"name\":\"Home\",\"item\":\"https:\\\/\\\/pxphub.org\\\/\"},{\"@type\":\"ListItem\",\"position\":2,\"name\":\"Event\",\"item\":\"https:\\\/\\\/pxphub.org\\\/event\\\/\"},{\"@type\":\"ListItem\",\"position\":3,\"name\":\"Free Tickets\"}]},{\"@type\":\"WebSite\",\"@id\":\"https:\\\/\\\/pxphub.org\\\/#website\",\"url\":\"https:\\\/\\\/pxphub.org\\\/\",\"name\":\"PxP\",\"description\":\"For Patients, By Patients | pour les patients, par les patients\",\"publisher\":{\"@id\":\"https:\\\/\\\/pxphub.org\\\/#organization\"},\"potentialAction\":[{\"@type\":\"SearchAction\",\"target\":{\"@type\":\"EntryPoint\",\"urlTemplate\":\"https:\\\/\\\/pxphub.org\\\/?s={search_term_string}\"},\"query-input\":{\"@type\":\"PropertyValueSpecification\",\"valueRequired\":true,\"valueName\":\"search_term_string\"}}],\"inLanguage\":\"fr-FR\"},{\"@type\":\"Organization\",\"@id\":\"https:\\\/\\\/pxphub.org\\\/#organization\",\"name\":\"PxP\",\"url\":\"https:\\\/\\\/pxphub.org\\\/\",\"logo\":{\"@type\":\"ImageObject\",\"inLanguage\":\"fr-FR\",\"@id\":\"https:\\\/\\\/pxphub.org\\\/#\\\/schema\\\/logo\\\/image\\\/\",\"url\":\"https:\\\/\\\/pxphub.org\\\/wp-content\\\/uploads\\\/2023\\\/06\\\/PxP-Logo-PS900.png\",\"contentUrl\":\"https:\\\/\\\/pxphub.org\\\/wp-content\\\/uploads\\\/2023\\\/06\\\/PxP-Logo-PS900.png\",\"width\":900,\"height\":355,\"caption\":\"PxP\"},\"image\":{\"@id\":\"https:\\\/\\\/pxphub.org\\\/#\\\/schema\\\/logo\\\/image\\\/\"},\"sameAs\":[\"https:\\\/\\\/x.com\\\/PxPHub\",\"https:\\\/\\\/www.instagram.com\\\/PxPHub\\\/\",\"http:\\\/\\\/www.linkedin.com\\\/company\\\/pxphub\"]}]}<\/script>\n<!-- \/ Yoast SEO plugin. -->","yoast_head_json":{"title":"Free Tickets - PxP","description":"PxP conference takes place annually and is free to attend. Check out the website for more information including speaker biographies...","robots":{"index":"index","follow":"follow","max-snippet":"max-snippet:-1","max-image-preview":"max-image-preview:large","max-video-preview":"max-video-preview:-1"},"canonical":"https:\/\/pxphub.org\/fr\/event\/free-tickets\/","og_locale":"fr_FR","og_type":"article","og_title":"Free Tickets - PxP","og_description":"PxP conference takes place annually and is free to attend. Check out the website for more information including speaker biographies...","og_url":"https:\/\/pxphub.org\/fr\/event\/free-tickets\/","og_site_name":"PxP","article_modified_time":"2025-10-27T21:46:53+00:00","og_image":[{"url":"https:\/\/pxphub.org\/wp-content\/uploads\/2023\/07\/Event-v2-PS1800.jpg","type":"","width":"","height":""}],"twitter_card":"summary_large_image","twitter_site":"@PxPHub","twitter_misc":{"Dur\u00e9e de lecture estim\u00e9e":"3 minutes"},"schema":{"@context":"https:\/\/schema.org","@graph":[{"@type":"WebPage","@id":"https:\/\/pxphub.org\/event\/free-tickets\/","url":"https:\/\/pxphub.org\/event\/free-tickets\/","name":"Free Tickets - PxP","isPartOf":{"@id":"https:\/\/pxphub.org\/#website"},"primaryImageOfPage":{"@id":"https:\/\/pxphub.org\/event\/free-tickets\/#primaryimage"},"image":{"@id":"https:\/\/pxphub.org\/event\/free-tickets\/#primaryimage"},"thumbnailUrl":"https:\/\/pxphub.org\/wp-content\/uploads\/2023\/07\/Event-v2-PS1800.jpg","datePublished":"2023-07-02T03:30:03+00:00","dateModified":"2025-10-27T21:46:53+00:00","description":"PxP conference takes place annually and is free to attend. Check out the website for more information including speaker biographies...","breadcrumb":{"@id":"https:\/\/pxphub.org\/event\/free-tickets\/#breadcrumb"},"inLanguage":"fr-FR","potentialAction":[{"@type":"ReadAction","target":["https:\/\/pxphub.org\/event\/free-tickets\/"]}]},{"@type":"ImageObject","inLanguage":"fr-FR","@id":"https:\/\/pxphub.org\/event\/free-tickets\/#primaryimage","url":"https:\/\/pxphub.org\/wp-content\/uploads\/2023\/07\/Event-v2-PS1800.jpg","contentUrl":"https:\/\/pxphub.org\/wp-content\/uploads\/2023\/07\/Event-v2-PS1800.jpg"},{"@type":"BreadcrumbList","@id":"https:\/\/pxphub.org\/event\/free-tickets\/#breadcrumb","itemListElement":[{"@type":"ListItem","position":1,"name":"Home","item":"https:\/\/pxphub.org\/"},{"@type":"ListItem","position":2,"name":"Event","item":"https:\/\/pxphub.org\/event\/"},{"@type":"ListItem","position":3,"name":"Free Tickets"}]},{"@type":"WebSite","@id":"https:\/\/pxphub.org\/#website","url":"https:\/\/pxphub.org\/","name":"PxP :","description":"For Patients, By Patients | pour les patients, par les patients","publisher":{"@id":"https:\/\/pxphub.org\/#organization"},"potentialAction":[{"@type":"SearchAction","target":{"@type":"EntryPoint","urlTemplate":"https:\/\/pxphub.org\/?s={search_term_string}"},"query-input":{"@type":"PropertyValueSpecification","valueRequired":true,"valueName":"search_term_string"}}],"inLanguage":"fr-FR"},{"@type":"Organization","@id":"https:\/\/pxphub.org\/#organization","name":"PxP :","url":"https:\/\/pxphub.org\/","logo":{"@type":"ImageObject","inLanguage":"fr-FR","@id":"https:\/\/pxphub.org\/#\/schema\/logo\/image\/","url":"https:\/\/pxphub.org\/wp-content\/uploads\/2023\/06\/PxP-Logo-PS900.png","contentUrl":"https:\/\/pxphub.org\/wp-content\/uploads\/2023\/06\/PxP-Logo-PS900.png","width":900,"height":355,"caption":"PxP"},"image":{"@id":"https:\/\/pxphub.org\/#\/schema\/logo\/image\/"},"sameAs":["https:\/\/x.com\/PxPHub","https:\/\/www.instagram.com\/PxPHub\/","http:\/\/www.linkedin.com\/company\/pxphub"]}]}},"_links":{"self":[{"href":"https:\/\/pxphub.org\/fr\/wp-json\/wp\/v2\/pages\/65","targetHints":{"allow":["GET"]}}],"collection":[{"href":"https:\/\/pxphub.org\/fr\/wp-json\/wp\/v2\/pages"}],"about":[{"href":"https:\/\/pxphub.org\/fr\/wp-json\/wp\/v2\/types\/page"}],"author":[{"embeddable":true,"href":"https:\/\/pxphub.org\/fr\/wp-json\/wp\/v2\/users\/2"}],"replies":[{"embeddable":true,"href":"https:\/\/pxphub.org\/fr\/wp-json\/wp\/v2\/comments?post=65"}],"version-history":[{"count":5,"href":"https:\/\/pxphub.org\/fr\/wp-json\/wp\/v2\/pages\/65\/revisions"}],"predecessor-version":[{"id":6528,"href":"https:\/\/pxphub.org\/fr\/wp-json\/wp\/v2\/pages\/65\/revisions\/6528"}],"up":[{"embeddable":true,"href":"https:\/\/pxphub.org\/fr\/wp-json\/wp\/v2\/pages\/63"}],"wp:attachment":[{"href":"https:\/\/pxphub.org\/fr\/wp-json\/wp\/v2\/media?parent=65"}],"curies":[{"name":"wp","href":"https:\/\/api.w.org\/{rel}","templated":true}]}}