{"id":87,"date":"2023-07-01T20:33:23","date_gmt":"2023-07-02T03:33:23","guid":{"rendered":"https:\/\/pxphub.org\/?page_id=87"},"modified":"2023-07-19T16:41:39","modified_gmt":"2023-07-19T23:41:39","slug":"accessibility","status":"publish","type":"page","link":"https:\/\/pxphub.org\/fr\/accessibility\/","title":{"rendered":"Accessibilit\u00e9"},"content":{"rendered":"<h1>\r\n\t\tACCESSIBILIT\u00c9\r\n\t<\/h1>\r\n\t<p>Le site Web de PxP est personnalisable avec le widget <a href=\"https:\/\/userway.org\/languages\/fr\/\" target=\"_blank\" rel=\"noopener\">Userway<\/a>.<\/p>\r\n<ul>\r\n<li>\ud83d\udc49 Ouvrez UserWay en cliquant sur l\u2019ic\u00f4ne peuple et blanche dans le coin sup\u00e9rieur droit de chaque page du site.<\/li>\r\n<li>\u2757\u00a0To reset your UserWay settings, scroll to the bottom of the UserWay Widget menu and click the &#8216;Reset All Accessibility Settings&#8217; button.<\/li>\r\n<li>La liste compl\u00e8te des possibilit\u00e9s de personnalisation du site peut \u00eatre consult\u00e9e dans le widget UserWay. Vous pouvez notamment modifier la taille de la police, le contraste, la hauteur des lignes, et bien plus. L\u2019application propose \u00e9galement des outils comme des masques de lecture virtuels, des guides de lecture, des polices adapt\u00e9es aux personnes dyslexiques et une fonction permettant de mettre les hyperliens en surbrillance, entre autres.<\/li>\r\n<li class=\"translation-block\">\u2709\ufe0f Pour obtenir de l\u2019aide sur la navigation dans le site Web de PxP ou sur les fonctionnalit\u00e9s li\u00e9es \u00e0 l\u2019accessibilit\u00e9, veuillez envoyer un courriel \u00e0 notre \u00e9quipe \u00e0  <a href=\"mailto:contact@pxphub.org\" target=\"_self\" aria-label=\"send an email to contact@pxphub.org?trp-edit-translation=preview\" data-uw-rm-vglnk=\"\">contact@pxphub.org<\/a><\/li>\r\n<\/ul>","protected":false},"excerpt":{"rendered":"<p>ACCESSIBILITY The PxP website can be customised with the UserWay Widget. \ud83d\udc49 \u00a0UserWay can be found by clicking on the [&hellip;]<\/p>\n","protected":false},"author":2,"featured_media":2088,"parent":0,"menu_order":0,"comment_status":"closed","ping_status":"closed","template":"","meta":{"_relevanssi_hide_post":"","_relevanssi_hide_content":"","_relevanssi_pin_for_all":"","_relevanssi_pin_keywords":"","_relevanssi_unpin_keywords":"","_relevanssi_related_keywords":"","_relevanssi_related_include_ids":"","_relevanssi_related_exclude_ids":"","_relevanssi_related_no_append":"","_relevanssi_related_not_related":"","_relevanssi_related_posts":"","_relevanssi_noindex_reason":"","site-sidebar-layout":"no-sidebar","site-content-layout":"page-builder","ast-site-content-layout":"default","site-content-style":"default","site-sidebar-style":"default","ast-global-header-display":"","ast-banner-title-visibility":"","ast-main-header-display":"","ast-hfb-above-header-display":"","ast-hfb-below-header-display":"","ast-hfb-mobile-header-display":"","site-post-title":"disabled","ast-breadcrumbs-content":"","ast-featured-img":"disabled","footer-sml-layout":"","ast-disable-related-posts":"","theme-transparent-header-meta":"default","adv-header-id-meta":"","stick-header-meta":"default","header-above-stick-meta":"","header-main-stick-meta":"","header-below-stick-meta":"","astra-migrate-meta-layouts":"default","ast-page-background-enabled":"default","ast-page-background-meta":{"desktop":{"background-color":"","background-image":"","background-repeat":"repeat","background-position":"center center","background-size":"auto","background-attachment":"scroll","background-type":"","background-media":"","overlay-type":"","overlay-color":"","overlay-opacity":"","overlay-gradient":""},"tablet":{"background-color":"","background-image":"","background-repeat":"repeat","background-position":"center center","background-size":"auto","background-attachment":"scroll","background-type":"","background-media":"","overlay-type":"","overlay-color":"","overlay-opacity":"","overlay-gradient":""},"mobile":{"background-color":"","background-image":"","background-repeat":"repeat","background-position":"center center","background-size":"auto","background-attachment":"scroll","background-type":"","background-media":"","overlay-type":"","overlay-color":"","overlay-opacity":"","overlay-gradient":""}},"ast-content-background-meta":{"desktop":{"background-color":"var(--ast-global-color-5)","background-image":"","background-repeat":"repeat","background-position":"center center","background-size":"auto","background-attachment":"scroll","background-type":"","background-media":"","overlay-type":"","overlay-color":"","overlay-opacity":"","overlay-gradient":""},"tablet":{"background-color":"var(--ast-global-color-5)","background-image":"","background-repeat":"repeat","background-position":"center center","background-size":"auto","background-attachment":"scroll","background-type":"","background-media":"","overlay-type":"","overlay-color":"","overlay-opacity":"","overlay-gradient":""},"mobile":{"background-color":"var(--ast-global-color-5)","background-image":"","background-repeat":"repeat","background-position":"center center","background-size":"auto","background-attachment":"scroll","background-type":"","background-media":"","overlay-type":"","overlay-color":"","overlay-opacity":"","overlay-gradient":""}},"footnotes":""},"class_list":["post-87","page","type-page","status-publish","has-post-thumbnail","hentry"],"yoast_head":"<!-- This site is optimized with the Yoast SEO plugin v27.3 - https:\/\/yoast.com\/product\/yoast-seo-wordpress\/ -->\n<title>Accessibility - PxP<\/title>\n<meta name=\"description\" content=\"The PXP website can be customised with the UserWay Widget. For assistance with these features, please contact us.\" \/>\n<meta name=\"robots\" content=\"index, follow, max-snippet:-1, max-image-preview:large, max-video-preview:-1\" \/>\n<link rel=\"canonical\" href=\"https:\/\/pxphub.org\/fr\/accessibility\/\" \/>\n<meta property=\"og:locale\" content=\"fr_FR\" \/>\n<meta property=\"og:type\" content=\"article\" \/>\n<meta property=\"og:title\" content=\"Accessibility at PxP\" \/>\n<meta property=\"og:description\" content=\"The PXP website can be customised with the UserWay Widget. For assistance with these features, please contact us.\" \/>\n<meta property=\"og:url\" content=\"https:\/\/pxphub.org\/fr\/accessibility\/\" \/>\n<meta property=\"og:site_name\" content=\"PxP\" \/>\n<meta property=\"article:modified_time\" content=\"2023-07-19T23:41:39+00:00\" \/>\n<meta property=\"og:image\" content=\"https:\/\/pxphub.org\/wp-content\/uploads\/2023\/07\/Paint-PS2500-e1707514030742.jpg\" \/>\n\t<meta property=\"og:image:width\" content=\"800\" \/>\n\t<meta property=\"og:image:height\" content=\"450\" \/>\n\t<meta property=\"og:image:type\" content=\"image\/jpeg\" \/>\n<meta name=\"twitter:card\" content=\"summary_large_image\" \/>\n<meta name=\"twitter:title\" content=\"Accessibility at PxP\" \/>\n<meta name=\"twitter:description\" content=\"The PXP website can be customised with the UserWay Widget. For assistance with these features, please contact us.\" \/>\n<meta name=\"twitter:image\" content=\"https:\/\/pxphub.org\/wp-content\/uploads\/2023\/07\/Paint-PS2500-e1707514030742.jpg\" \/>\n<meta name=\"twitter:site\" content=\"@PxPHub\" \/>\n<meta name=\"twitter:label1\" content=\"Dur\u00e9e de lecture estim\u00e9e\" \/>\n\t<meta name=\"twitter:data1\" content=\"1 minute\" \/>\n<script type=\"application\/ld+json\" class=\"yoast-schema-graph\">{\"@context\":\"https:\\\/\\\/schema.org\",\"@graph\":[{\"@type\":\"WebPage\",\"@id\":\"https:\\\/\\\/pxphub.org\\\/accessibility\\\/\",\"url\":\"https:\\\/\\\/pxphub.org\\\/accessibility\\\/\",\"name\":\"Accessibility - PxP\",\"isPartOf\":{\"@id\":\"https:\\\/\\\/pxphub.org\\\/#website\"},\"primaryImageOfPage\":{\"@id\":\"https:\\\/\\\/pxphub.org\\\/accessibility\\\/#primaryimage\"},\"image\":{\"@id\":\"https:\\\/\\\/pxphub.org\\\/accessibility\\\/#primaryimage\"},\"thumbnailUrl\":\"https:\\\/\\\/pxphub.org\\\/wp-content\\\/uploads\\\/2023\\\/07\\\/Paint-PS2500-e1707514030742.jpg\",\"datePublished\":\"2023-07-02T03:33:23+00:00\",\"dateModified\":\"2023-07-19T23:41:39+00:00\",\"description\":\"The PXP website can be customised with the UserWay Widget. For assistance with these features, please contact us.\",\"breadcrumb\":{\"@id\":\"https:\\\/\\\/pxphub.org\\\/accessibility\\\/#breadcrumb\"},\"inLanguage\":\"fr-FR\",\"potentialAction\":[{\"@type\":\"ReadAction\",\"target\":[\"https:\\\/\\\/pxphub.org\\\/accessibility\\\/\"]}]},{\"@type\":\"ImageObject\",\"inLanguage\":\"fr-FR\",\"@id\":\"https:\\\/\\\/pxphub.org\\\/accessibility\\\/#primaryimage\",\"url\":\"https:\\\/\\\/pxphub.org\\\/wp-content\\\/uploads\\\/2023\\\/07\\\/Paint-PS2500-e1707514030742.jpg\",\"contentUrl\":\"https:\\\/\\\/pxphub.org\\\/wp-content\\\/uploads\\\/2023\\\/07\\\/Paint-PS2500-e1707514030742.jpg\",\"width\":800,\"height\":450,\"caption\":\"Abstract painting in purple and green.\"},{\"@type\":\"BreadcrumbList\",\"@id\":\"https:\\\/\\\/pxphub.org\\\/accessibility\\\/#breadcrumb\",\"itemListElement\":[{\"@type\":\"ListItem\",\"position\":1,\"name\":\"Home\",\"item\":\"https:\\\/\\\/pxphub.org\\\/\"},{\"@type\":\"ListItem\",\"position\":2,\"name\":\"Accessibility\"}]},{\"@type\":\"WebSite\",\"@id\":\"https:\\\/\\\/pxphub.org\\\/#website\",\"url\":\"https:\\\/\\\/pxphub.org\\\/\",\"name\":\"PxP\",\"description\":\"For Patients, By Patients | pour les patients, par les patients\",\"publisher\":{\"@id\":\"https:\\\/\\\/pxphub.org\\\/#organization\"},\"potentialAction\":[{\"@type\":\"SearchAction\",\"target\":{\"@type\":\"EntryPoint\",\"urlTemplate\":\"https:\\\/\\\/pxphub.org\\\/?s={search_term_string}\"},\"query-input\":{\"@type\":\"PropertyValueSpecification\",\"valueRequired\":true,\"valueName\":\"search_term_string\"}}],\"inLanguage\":\"fr-FR\"},{\"@type\":\"Organization\",\"@id\":\"https:\\\/\\\/pxphub.org\\\/#organization\",\"name\":\"PxP\",\"url\":\"https:\\\/\\\/pxphub.org\\\/\",\"logo\":{\"@type\":\"ImageObject\",\"inLanguage\":\"fr-FR\",\"@id\":\"https:\\\/\\\/pxphub.org\\\/#\\\/schema\\\/logo\\\/image\\\/\",\"url\":\"https:\\\/\\\/pxphub.org\\\/wp-content\\\/uploads\\\/2023\\\/06\\\/PxP-Logo-PS900.png\",\"contentUrl\":\"https:\\\/\\\/pxphub.org\\\/wp-content\\\/uploads\\\/2023\\\/06\\\/PxP-Logo-PS900.png\",\"width\":900,\"height\":355,\"caption\":\"PxP\"},\"image\":{\"@id\":\"https:\\\/\\\/pxphub.org\\\/#\\\/schema\\\/logo\\\/image\\\/\"},\"sameAs\":[\"https:\\\/\\\/x.com\\\/PxPHub\",\"https:\\\/\\\/www.instagram.com\\\/PxPHub\\\/\",\"http:\\\/\\\/www.linkedin.com\\\/company\\\/pxphub\"]}]}<\/script>\n<!-- \/ Yoast SEO plugin. -->","yoast_head_json":{"title":"Accessibility - PxP","description":"The PXP website can be customised with the UserWay Widget. For assistance with these features, please contact us.","robots":{"index":"index","follow":"follow","max-snippet":"max-snippet:-1","max-image-preview":"max-image-preview:large","max-video-preview":"max-video-preview:-1"},"canonical":"https:\/\/pxphub.org\/fr\/accessibility\/","og_locale":"fr_FR","og_type":"article","og_title":"Accessibility at PxP","og_description":"The PXP website can be customised with the UserWay Widget. For assistance with these features, please contact us.","og_url":"https:\/\/pxphub.org\/fr\/accessibility\/","og_site_name":"PxP","article_modified_time":"2023-07-19T23:41:39+00:00","og_image":[{"width":800,"height":450,"url":"https:\/\/pxphub.org\/wp-content\/uploads\/2023\/07\/Paint-PS2500-e1707514030742.jpg","type":"image\/jpeg"}],"twitter_card":"summary_large_image","twitter_title":"Accessibility at PxP","twitter_description":"The PXP website can be customised with the UserWay Widget. For assistance with these features, please contact us.","twitter_image":"https:\/\/pxphub.org\/wp-content\/uploads\/2023\/07\/Paint-PS2500-e1707514030742.jpg","twitter_site":"@PxPHub","twitter_misc":{"Dur\u00e9e de lecture estim\u00e9e":"1 minute"},"schema":{"@context":"https:\/\/schema.org","@graph":[{"@type":"WebPage","@id":"https:\/\/pxphub.org\/accessibility\/","url":"https:\/\/pxphub.org\/accessibility\/","name":"Accessibility - PxP","isPartOf":{"@id":"https:\/\/pxphub.org\/#website"},"primaryImageOfPage":{"@id":"https:\/\/pxphub.org\/accessibility\/#primaryimage"},"image":{"@id":"https:\/\/pxphub.org\/accessibility\/#primaryimage"},"thumbnailUrl":"https:\/\/pxphub.org\/wp-content\/uploads\/2023\/07\/Paint-PS2500-e1707514030742.jpg","datePublished":"2023-07-02T03:33:23+00:00","dateModified":"2023-07-19T23:41:39+00:00","description":"The PXP website can be customised with the UserWay Widget. For assistance with these features, please contact us.","breadcrumb":{"@id":"https:\/\/pxphub.org\/accessibility\/#breadcrumb"},"inLanguage":"fr-FR","potentialAction":[{"@type":"ReadAction","target":["https:\/\/pxphub.org\/accessibility\/"]}]},{"@type":"ImageObject","inLanguage":"fr-FR","@id":"https:\/\/pxphub.org\/accessibility\/#primaryimage","url":"https:\/\/pxphub.org\/wp-content\/uploads\/2023\/07\/Paint-PS2500-e1707514030742.jpg","contentUrl":"https:\/\/pxphub.org\/wp-content\/uploads\/2023\/07\/Paint-PS2500-e1707514030742.jpg","width":800,"height":450,"caption":"Abstract painting in purple and green."},{"@type":"BreadcrumbList","@id":"https:\/\/pxphub.org\/accessibility\/#breadcrumb","itemListElement":[{"@type":"ListItem","position":1,"name":"Home","item":"https:\/\/pxphub.org\/"},{"@type":"ListItem","position":2,"name":"Accessibility"}]},{"@type":"WebSite","@id":"https:\/\/pxphub.org\/#website","url":"https:\/\/pxphub.org\/","name":"PxP :","description":"For Patients, By Patients | pour les patients, par les patients","publisher":{"@id":"https:\/\/pxphub.org\/#organization"},"potentialAction":[{"@type":"SearchAction","target":{"@type":"EntryPoint","urlTemplate":"https:\/\/pxphub.org\/?s={search_term_string}"},"query-input":{"@type":"PropertyValueSpecification","valueRequired":true,"valueName":"search_term_string"}}],"inLanguage":"fr-FR"},{"@type":"Organization","@id":"https:\/\/pxphub.org\/#organization","name":"PxP :","url":"https:\/\/pxphub.org\/","logo":{"@type":"ImageObject","inLanguage":"fr-FR","@id":"https:\/\/pxphub.org\/#\/schema\/logo\/image\/","url":"https:\/\/pxphub.org\/wp-content\/uploads\/2023\/06\/PxP-Logo-PS900.png","contentUrl":"https:\/\/pxphub.org\/wp-content\/uploads\/2023\/06\/PxP-Logo-PS900.png","width":900,"height":355,"caption":"PxP"},"image":{"@id":"https:\/\/pxphub.org\/#\/schema\/logo\/image\/"},"sameAs":["https:\/\/x.com\/PxPHub","https:\/\/www.instagram.com\/PxPHub\/","http:\/\/www.linkedin.com\/company\/pxphub"]}]}},"_links":{"self":[{"href":"https:\/\/pxphub.org\/fr\/wp-json\/wp\/v2\/pages\/87","targetHints":{"allow":["GET"]}}],"collection":[{"href":"https:\/\/pxphub.org\/fr\/wp-json\/wp\/v2\/pages"}],"about":[{"href":"https:\/\/pxphub.org\/fr\/wp-json\/wp\/v2\/types\/page"}],"author":[{"embeddable":true,"href":"https:\/\/pxphub.org\/fr\/wp-json\/wp\/v2\/users\/2"}],"replies":[{"embeddable":true,"href":"https:\/\/pxphub.org\/fr\/wp-json\/wp\/v2\/comments?post=87"}],"version-history":[{"count":10,"href":"https:\/\/pxphub.org\/fr\/wp-json\/wp\/v2\/pages\/87\/revisions"}],"predecessor-version":[{"id":2302,"href":"https:\/\/pxphub.org\/fr\/wp-json\/wp\/v2\/pages\/87\/revisions\/2302"}],"wp:featuredmedia":[{"embeddable":true,"href":"https:\/\/pxphub.org\/fr\/wp-json\/wp\/v2\/media\/2088"}],"wp:attachment":[{"href":"https:\/\/pxphub.org\/fr\/wp-json\/wp\/v2\/media?parent=87"}],"curies":[{"name":"wp","href":"https:\/\/api.w.org\/{rel}","templated":true}]}}